{"id":12776,"date":"2019-08-16T18:35:16","date_gmt":"2019-08-16T16:35:16","guid":{"rendered":"http:\/\/www.highjump.cz\/?page_id=12776"},"modified":"2020-05-07T16:15:09","modified_gmt":"2020-05-07T14:15:09","slug":"vysledky","status":"publish","type":"page","link":"https:\/\/www.highjump.cz\/cs\/zavody\/highjump-2019\/vysledky\/","title":{"rendered":"V\u00fdsledky"},"content":{"rendered":"<h3 style=\"clear: both;\">Mu\u017ei<\/h3>\n<p>&nbsp;<\/p>\n<table style=\"width: 49%; float: left;\">\n<caption>16 m &#8211; 24 m<\/caption>\n<tbody>\n<tr style=\"height: 24px;\">\n<td style=\"height: 24px;\">01 HESLOP AIDAN (GBR) <span>296.50 bod\u016f<\/span><\/td>\n<\/tr>\n<tr style=\"height: 24px;\">\n<td style=\"height: 24px;\">02 NAVR\u00c1TIL MICHAL (CZE) <span>295.80 bod\u016f<\/span><\/td>\n<\/tr>\n<tr style=\"height: 24px;\">\n<td style=\"height: 24px;\">03 APPENZELLER MATTHIAS (CHE) <span>280.20 bod\u016f<\/span><\/td>\n<\/tr>\n<tr style=\"height: 24px;\">\n<td style=\"height: 24px;\">04 WEYMOUTH OWEN (GBR) <span>272.00 bod\u016f<\/span><\/td>\n<\/tr>\n<tr style=\"height: 24px;\">\n<td style=\"height: 24px;\">05 HEINZEL JAN WILKO (DEU) <span>254.00 bod\u016f<\/span><\/td>\n<\/tr>\n<tr style=\"height: 24px;\">\n<td style=\"height: 24px;\">06 WERMELINGER JAN (CHE) <span>238.70 bod\u016f<\/span><\/td>\n<\/tr>\n<tr style=\"height: 24px;\">\n<td style=\"height: 24px;\">07 HULLIGER ANDREAS (CHE) <span>189.75 bod\u016f<\/span><\/td>\n<\/tr>\n<tr style=\"height: 24px;\">\n<td style=\"height: 24px;\">08 HIRTH FELIX (DEU) <span>188.80 bod\u016f<\/span><\/td>\n<\/tr>\n<tr style=\"height: 24px;\">\n<td style=\"height: 24px;\">09 LINDNER MANUEL (DEU) <span>186.25 bod\u016f<\/span><\/td>\n<\/tr>\n<tr style=\"height: 24px;\">\n<td style=\"height: 24px;\">10 SCHALLER LASO (CHE) <span>177.65 bod\u016f<\/span><\/td>\n<\/tr>\n<tr style=\"height: 24px;\">\n<td style=\"height: 24px;\">11 BAARSEN VAN SEBAS (NLD) <span>157.85 bod\u016f<\/span><\/td>\n<\/tr>\n<tr style=\"height: 24px;\">\n<td style=\"height: 24px;\">12 THESING TIM (DEU) <span>155.35 bod\u016f<\/span><\/td>\n<\/tr>\n<tr style=\"height: 24px;\">\n<td style=\"height: 24px;\">13 RIEDE RAINHARD (DEU) <span>117.60 bod\u016f<\/span><\/td>\n<\/tr>\n<tr style=\"height: 24px;\">\n<td style=\"height: 24px;\">14 DUVAL JEAN DAVID (CHE) <span>92.25 bod\u016f<\/span><\/td>\n<\/tr>\n<tr style=\"height: 24px;\">\n<td style=\"height: 24px;\">15 ANDERSEN JIMMI (DNK) <span>82.25 bod\u016f<\/span><\/td>\n<\/tr>\n<tr style=\"height: 24px;\">\n<td style=\"height: 24px;\">16 EGLSEDER LUKAS (DEU) <span>53.3 bod\u016f<\/span><\/td>\n<\/tr>\n<\/tbody>\n<\/table>\n<table style=\"width: 49%; float: left;\">\n<caption>12 m Battle<\/caption>\n<tbody>\n<tr style=\"height: 24px;\">\n<td style=\"height: 24px;\">01 HEINZEL JAN WILKO (DEU)<\/td>\n<\/tr>\n<tr style=\"height: 24px;\">\n<td style=\"height: 24px;\">02 HESLOP AIDAN (GBR)<\/td>\n<\/tr>\n<tr style=\"height: 24px;\">\n<td style=\"height: 24px;\">03-04 APPENZELLER MATTHIAS (CHE)<\/td>\n<\/tr>\n<tr style=\"height: 24px;\">\n<td style=\"height: 24px;\">03-04 WEYMOUTH OWEN (GBR)<\/td>\n<\/tr>\n<\/tbody>\n<\/table>\n<hr style=\"clear: both;\" \/>\n<h3 style=\"clear: both;\">Houpa\u010dka<\/h3>\n<p>&nbsp;<\/p>\n<table style=\"width: 49%; float: left; height: 384px;\">\n<caption>Mu\u017ei<\/caption>\n<tbody>\n<tr style=\"height: 24px;\">\n<td style=\"height: 24px;\">01 HESLOP AIDAN (GBR) <span>55 bod\u016f<\/span><\/td>\n<\/tr>\n<tr style=\"height: 24px;\">\n<td style=\"height: 24px;\">02 SROVNAL MAT\u011aJ (CZE) <span>49 bod\u016f<\/span><\/td>\n<\/tr>\n<tr style=\"height: 24px;\">\n<td style=\"height: 24px;\">03 ANDERSEN JIMMI (DNK) <span>48 bod\u016f<\/span><\/td>\n<\/tr>\n<tr style=\"height: 24px;\">\n<td style=\"height: 24px;\">04 HIRTH FELIX (DEU) <span>47 bod\u016f<\/span><\/td>\n<\/tr>\n<tr style=\"height: 24px;\">\n<td style=\"height: 24px;\">05-06 HEINZEL JAN WILKO (DEU) <span>39.5 bod\u016f<\/span><\/td>\n<\/tr>\n<tr style=\"height: 24px;\">\n<td style=\"height: 24px;\">05-06 WERMELINGER JAN (CHE) <span>39.5 bod\u016f<\/span><\/td>\n<\/tr>\n<tr style=\"height: 24px;\">\n<td style=\"height: 24px;\">07 HA\u0160EK JAKUB (CZE) <span>39 bod\u016f<\/span><\/td>\n<\/tr>\n<tr style=\"height: 24px;\">\n<td style=\"height: 24px;\">08-09 GREMMER LEON (DEU) <span>36.5 bod\u016f<\/span><\/td>\n<\/tr>\n<tr style=\"height: 24px;\">\n<td style=\"height: 24px;\">08-09 CHEMNITZ ROBIN (DEU) <span>36.5 bod\u016f<\/span><\/td>\n<\/tr>\n<tr style=\"height: 24px;\">\n<td style=\"height: 24px;\">10 BALLE MARCEL (FRA) <span>35 bod\u016f<\/span><\/td>\n<\/tr>\n<tr style=\"height: 24px;\">\n<td style=\"height: 24px;\">11 BUDZKE DOMINIK (DEU) <span>34.5 bod\u016f<\/span><\/td>\n<\/tr>\n<tr style=\"height: 24px;\">\n<td style=\"height: 24px;\">12 WEYMOUNTH OWEN (GBR) <span>34 bod\u016f<\/span><\/td>\n<\/tr>\n<tr style=\"height: 24px;\">\n<td style=\"height: 24px;\">13 WEBER MASWIN (DEU) <span>31 bod\u016f<\/span><\/td>\n<\/tr>\n<tr style=\"height: 24px;\">\n<td style=\"height: 24px;\">14 LEHA THORGE (DEU) <span>29 bod\u016f<\/span><\/td>\n<\/tr>\n<tr style=\"height: 24px;\">\n<td style=\"height: 24px;\">15 BERHOLD MORITZ (DEU) <span>27 bod\u016f<\/span><\/td>\n<\/tr>\n<tr style=\"height: 24px;\">\n<td style=\"height: 24px;\">16 SEDLECKY ARTUR (DEU) <span>25 bod\u016f<\/span><\/td>\n<\/tr>\n<\/tbody>\n<\/table>\n<hr style=\"clear: both;\" \/>\n<h3 style=\"clear: both;\">\u017deny<\/h3>\n<table style=\"width: 49%; float: left;\">\n<caption>Celkov\u011b<\/caption>\n<tbody>\n<tr>\n<td>01 BRADLEY GENEVIEVE (USA) <span>212.70 bod\u016f<\/span><\/td>\n<\/tr>\n<tr>\n<td>02 SMART ELEANOR (USA) <span>212.35 bod\u016f<\/span><\/td>\n<\/tr>\n<tr>\n<td>03 LOPEZ FERNANDEZ CELIA (ESP) <span>175.35 bod\u016f<\/span><\/td>\n<\/tr>\n<tr>\n<td>04 HARRISON AIME (CAN) <span>167.80 bod\u016f<\/span><\/td>\n<\/tr>\n<tr>\n<td>05 MACAULAY JESSICA (GBR) <span>118.75 bod\u016f<\/span><\/td>\n<\/tr>\n<tr>\n<td>06 SMOL\u00cdKOV\u00c1 PETRA (CZE) <span>109.75 bod\u016f<\/span><\/td>\n<\/tr>\n<tr>\n<td>07 VOLOPICHOV\u00c1 VALENTINA (CZE) <span>96.75 bod\u016f<\/span><\/td>\n<\/tr>\n<\/tbody>\n<\/table>\n<hr style=\"clear: both;\" \/>\n<h3 style=\"clear: both;\">Czech Highjump Team<\/h3>\n<table style=\"width: 49%; float: left;\">\n<caption>Mu\u017ei celkov\u011b<\/caption>\n<tbody>\n<tr>\n<td>01 VANTUCH DENIS (CZE) <span>155.20 bod\u016f<\/span><\/td>\n<\/tr>\n<tr>\n<td>02 B\u00cdL\u00dd JAN (CZE) <span>145.10 bod\u016f<\/span><\/td>\n<\/tr>\n<tr>\n<td>03 KUN\u00c1\u0160EK JAKUB (CZE) <span>116.20 bod\u016f<\/span><\/td>\n<\/tr>\n<tr>\n<td>04 KOSS\u00daTH ADAM (CZE) <span>115.05 bod\u016f<\/span><\/td>\n<\/tr>\n<tr>\n<td>05 SROVNAL MAT\u011aJ (CZE) <span>108.50 bod\u016f<\/span><\/td>\n<\/tr>\n<tr>\n<td>06 FIALA JAN (CZE) <span>91.20 bod\u016f<\/span><\/td>\n<\/tr>\n<tr>\n<td>07 HA\u0160EK JAKUB (CZE) <span>85.05 bod\u016f<\/span><\/td>\n<\/tr>\n<tr>\n<td>08 GURY\u010cA JAN (CZE) <span>80.85 bod\u016f<\/span><\/td>\n<\/tr>\n<tr>\n<td>09 STOSZEK DAN (CZE) <span>49.00 bod\u016f<\/span><\/td>\n<\/tr>\n<\/tbody>\n<\/table>\n<hr style=\"clear: both;\" \/>\n<h3 style=\"clear: both;\">Speci\u00e1ln\u00ed ceny<\/h3>\n<table style=\"width: 49%;\">\n<caption>Senior<\/caption>\n<tbody>\n<tr>\n<td>01 ROSENEY PETER (CHE)<\/td>\n<\/tr>\n<\/tbody>\n<\/table>\n<hr style=\"clear: both;\" \/>\n","protected":false},"excerpt":{"rendered":"<p>Mu\u017ei &nbsp; 16 m &#8211; 24 m 01 HESLOP AIDAN (GBR) 296.50 bod\u016f 02 NAVR\u00c1TIL MICHAL (CZE) 295.80 bod\u016f 03 APPENZELLER MATTHIAS (CHE) 280.20 bod\u016f 04 WEYMOUTH OWEN (GBR) 272.00 bod\u016f 05 HEINZEL JAN WILKO (DEU) 254.00 bod\u016f 06 WERMELINGER JAN (CHE) 238.70 bod\u016f 07 HULLIGER ANDREAS (CHE) 189.75 bod\u016f 08 HIRTH FELIX (DEU) 188.80&#8230;<\/p>\n","protected":false},"author":1,"featured_media":0,"parent":10448,"menu_order":32,"comment_status":"closed","ping_status":"closed","template":"","meta":{"_acf_changed":false,"footnotes":""},"tags":[],"class_list":["post-12776","page","type-page","status-publish","hentry","main-post"],"acf":[],"jetpack_sharing_enabled":true,"_links":{"self":[{"href":"https:\/\/www.highjump.cz\/cs\/wp-json\/wp\/v2\/pages\/12776","targetHints":{"allow":["GET"]}}],"collection":[{"href":"https:\/\/www.highjump.cz\/cs\/wp-json\/wp\/v2\/pages"}],"about":[{"href":"https:\/\/www.highjump.cz\/cs\/wp-json\/wp\/v2\/types\/page"}],"author":[{"embeddable":true,"href":"https:\/\/www.highjump.cz\/cs\/wp-json\/wp\/v2\/users\/1"}],"replies":[{"embeddable":true,"href":"https:\/\/www.highjump.cz\/cs\/wp-json\/wp\/v2\/comments?post=12776"}],"version-history":[{"count":14,"href":"https:\/\/www.highjump.cz\/cs\/wp-json\/wp\/v2\/pages\/12776\/revisions"}],"predecessor-version":[{"id":12945,"href":"https:\/\/www.highjump.cz\/cs\/wp-json\/wp\/v2\/pages\/12776\/revisions\/12945"}],"up":[{"embeddable":true,"href":"https:\/\/www.highjump.cz\/cs\/wp-json\/wp\/v2\/pages\/10448"}],"wp:attachment":[{"href":"https:\/\/www.highjump.cz\/cs\/wp-json\/wp\/v2\/media?parent=12776"}],"wp:term":[{"taxonomy":"post_tag","embeddable":true,"href":"https:\/\/www.highjump.cz\/cs\/wp-json\/wp\/v2\/tags?post=12776"}],"curies":[{"name":"wp","href":"https:\/\/api.w.org\/{rel}","templated":true}]}}