{"id":13357,"date":"2020-08-23T23:23:34","date_gmt":"2020-08-23T21:23:34","guid":{"rendered":"http:\/\/www.highjump.cz\/?page_id=13357"},"modified":"2020-08-23T23:26:29","modified_gmt":"2020-08-23T21:26:29","slug":"vysledky","status":"publish","type":"page","link":"https:\/\/www.highjump.cz\/cs\/zavody\/cool-highjump-tour-2020\/vysledky\/","title":{"rendered":"V\u00fdsledky"},"content":{"rendered":"<h3><span style=\"color: #14dc14;\">Grand fin\u00e1le \u2013 Sm\u00edchovsk\u00e1 n\u00e1plavka, Praha<\/span><\/h3>\n<hr \/>\n<table style=\"width: 49%; float: left;\">\n<caption>Mu\u017ei<\/caption>\n<tbody>\n<tr>\n<td>01 VANTUCH DENIS<\/td>\n<\/tr>\n<tr>\n<td>02 KLEMM ADAM<\/td>\n<\/tr>\n<tr>\n<td>03 KOSS\u00daTH ADAM<\/td>\n<\/tr>\n<\/tbody>\n<\/table>\n<table style=\"width: 49%; float: left;\">\n<caption>\u017deny<\/caption>\n<tbody>\n<tr>\n<td>01 SMOL\u00cdKOV\u00c1 PETRA<\/td>\n<\/tr>\n<tr>\n<td>02 VOLOPICHOV\u00c1 VALENTINA<\/td>\n<\/tr>\n<tr>\n<td>03 NOV\u00c1KOV\u00c1 MONIKA<\/td>\n<\/tr>\n<\/tbody>\n<\/table>\n<hr style=\"clear: both;\" \/>\n<p>&nbsp;<\/p>\n<table style=\"width: 49%; float: left;\">\n<caption>Junior<\/caption>\n<tbody>\n<tr>\n<td>PAYER LUIS<\/td>\n<\/tr>\n<\/tbody>\n<\/table>\n<table style=\"width: 49%; float: left;\">\n<caption>Rozsek\u00e1vka<\/caption>\n<tbody>\n<tr>\n<td>STOSZEK DAN<\/td>\n<\/tr>\n<\/tbody>\n<\/table>\n<hr style=\"clear: both;\" \/>\n","protected":false},"excerpt":{"rendered":"<p>Grand fin\u00e1le \u2013 Sm\u00edchovsk\u00e1 n\u00e1plavka, Praha Mu\u017ei 01 VANTUCH DENIS 02 KLEMM ADAM 03 KOSS\u00daTH ADAM \u017deny 01 SMOL\u00cdKOV\u00c1 PETRA 02 VOLOPICHOV\u00c1 VALENTINA 03 NOV\u00c1KOV\u00c1 MONIKA &nbsp; Junior PAYER LUIS Rozsek\u00e1vka STOSZEK DAN<\/p>\n","protected":false},"author":1,"featured_media":0,"parent":12839,"menu_order":99,"comment_status":"closed","ping_status":"closed","template":"","meta":{"_acf_changed":false,"footnotes":""},"tags":[],"class_list":["post-13357","page","type-page","status-publish","hentry","main-post"],"acf":[],"jetpack_sharing_enabled":true,"_links":{"self":[{"href":"https:\/\/www.highjump.cz\/cs\/wp-json\/wp\/v2\/pages\/13357","targetHints":{"allow":["GET"]}}],"collection":[{"href":"https:\/\/www.highjump.cz\/cs\/wp-json\/wp\/v2\/pages"}],"about":[{"href":"https:\/\/www.highjump.cz\/cs\/wp-json\/wp\/v2\/types\/page"}],"author":[{"embeddable":true,"href":"https:\/\/www.highjump.cz\/cs\/wp-json\/wp\/v2\/users\/1"}],"replies":[{"embeddable":true,"href":"https:\/\/www.highjump.cz\/cs\/wp-json\/wp\/v2\/comments?post=13357"}],"version-history":[{"count":5,"href":"https:\/\/www.highjump.cz\/cs\/wp-json\/wp\/v2\/pages\/13357\/revisions"}],"predecessor-version":[{"id":13362,"href":"https:\/\/www.highjump.cz\/cs\/wp-json\/wp\/v2\/pages\/13357\/revisions\/13362"}],"up":[{"embeddable":true,"href":"https:\/\/www.highjump.cz\/cs\/wp-json\/wp\/v2\/pages\/12839"}],"wp:attachment":[{"href":"https:\/\/www.highjump.cz\/cs\/wp-json\/wp\/v2\/media?parent=13357"}],"wp:term":[{"taxonomy":"post_tag","embeddable":true,"href":"https:\/\/www.highjump.cz\/cs\/wp-json\/wp\/v2\/tags?post=13357"}],"curies":[{"name":"wp","href":"https:\/\/api.w.org\/{rel}","templated":true}]}}