{"id":2454,"date":"2017-04-10T23:01:57","date_gmt":"2017-04-10T21:01:57","guid":{"rendered":"http:\/\/www.hauseverything.com\/temp\/f1nal\/?page_id=2454\/"},"modified":"2018-08-07T10:16:33","modified_gmt":"2018-08-07T08:16:33","slug":"vysledky","status":"publish","type":"page","link":"https:\/\/www.highjump.cz\/cs\/zavody\/desperados-highjump-2016\/vysledky\/","title":{"rendered":"V\u00fdsledky"},"content":{"rendered":"<h3 style=\"clear: both;\">Mu\u017ei<\/h3>\n<table style=\"width: 49%; float: left;\">\n<caption>12 m<\/caption>\n<tbody>\n<tr>\n<td>01 ANDREAS HULLIGER (CH) <span>314.25 bod\u016f<\/span><\/td>\n<\/tr>\n<tr>\n<td>02 JAN HEINZEL (D) <span>280.40 bod\u016f<\/span><\/td>\n<\/tr>\n<tr>\n<td>03 ILYA SCHUROV (RUS) <span>270.55 bod\u016f<\/span><\/td>\n<\/tr>\n<tr>\n<td>04 CURDIN ROSENEY (CH) <span>256.70 bod\u016f<\/span><\/td>\n<\/tr>\n<tr>\n<td>05 LASO SCHALLER (CH) <span>196.55 bod\u016f<\/span><\/td>\n<\/tr>\n<tr>\n<td>06 ADAM KLEMM (CZ) <span>195.35 bod\u016f<\/span><\/td>\n<\/tr>\n<tr>\n<td>07 JAKUB HELIS (CZ) <span>192.15 bod\u016f<\/span><\/td>\n<\/tr>\n<tr>\n<td>08 PATRIC ARENDT (D) <span>182.85 bod\u016f<\/span><\/td>\n<\/tr>\n<tr>\n<td>09 JAKUB KUN\u00c1\u0160EK (CZ) <span>157.55 bod\u016f<\/span><\/td>\n<\/tr>\n<tr>\n<td>10 JAN GURY\u010cA (CZ) <span>152.45 bod\u016f<\/span><\/td>\n<\/tr>\n<tr>\n<td>11 LUKAS EGLSEDER (D) <span>144.20 bod\u016f<\/span><\/td>\n<\/tr>\n<tr>\n<td>12 NACKE MARCO (D) <span>140.20 bod\u016f<\/span><\/td>\n<\/tr>\n<tr>\n<td>13 MAX KELLER (D) <span>130.15 bod\u016f<\/span><\/td>\n<\/tr>\n<tr>\n<td>14 PHILIP DIESSEL (D) <span>128.45 bod\u016f<\/span><\/td>\n<\/tr>\n<tr>\n<td>15 ADAM KOSS\u00daTH (CZ) <span>120.40 bod\u016f<\/span><\/td>\n<\/tr>\n<tr>\n<td>16 JAN KOCOUREK (CZ) <span>74.50 bod\u016f<\/span><\/td>\n<\/tr>\n<\/tbody>\n<\/table>\n<table style=\"width: 49%; float: left;\">\n<caption>16 m<\/caption>\n<tbody>\n<tr>\n<td>01 KYLE MITRIONE (USA) <span>256.75 bod\u016f<\/span><\/td>\n<\/tr>\n<tr>\n<td>02 ANDREAS HULLIGER (CH) <span>246.75 bod\u016f<\/span><\/td>\n<\/tr>\n<tr>\n<td>03 ILYA SCHUROV (RUS) <span>213.45 bod\u016f<\/span><\/td>\n<\/tr>\n<tr>\n<td>04 ALAIN KOHL (LUX) <span>197.35 bod\u016f<\/span><\/td>\n<\/tr>\n<tr>\n<td>05 JAN HEINZEL (D) <span>178.35 bod\u016f<\/span><\/td>\n<\/tr>\n<tr>\n<td>06 DAVID SONNTAG (D) <span>135.45 bod\u016f<\/span><\/td>\n<\/tr>\n<tr>\n<td>07 ADAM KLEMM (CZ) <span>129.70 bod\u016f<\/span><\/td>\n<\/tr>\n<tr>\n<td>08 JAKUB KUN\u00c1\u0160EK (CZ) <span>128.90 bod\u016f<\/span><\/td>\n<\/tr>\n<tr>\n<td>09 PATRIC ARENDT (D) <span>128.40 bod\u016f<\/span><\/td>\n<\/tr>\n<tr>\n<td>10 JAKUB HELIS (CZ) <span>125.80 bod\u016f<\/span><\/td>\n<\/tr>\n<tr>\n<td>11 LASO SCHALLER (CH) <span>124.00 bod\u016f<\/span><\/td>\n<\/tr>\n<tr>\n<td>12 ADAM KOSS\u00daTH (CZ) <span>120.00 bod\u016f<\/span><\/td>\n<\/tr>\n<tr>\n<td>13 NACKE MARCO (D) <span>99.40 bod\u016f<\/span><\/td>\n<\/tr>\n<\/tbody>\n<\/table>\n<hr style=\"clear: both;\" \/>\n<h3 style=\"clear: both;\">Houpa\u010dka<\/h3>\n<table style=\"width: 49%; float: left;\">\n<caption>Mu\u017ei<\/caption>\n<tbody>\n<tr>\n<td>01 AIDAN HESLOP (UK)<\/td>\n<\/tr>\n<tr>\n<td>02 JAN HEINZEL (D)<\/td>\n<\/tr>\n<tr>\n<td>03 ANDREAS HULLIGER (CH)<\/td>\n<\/tr>\n<tr>\n<td>04 ADAM KLEMM (CZ)<\/td>\n<\/tr>\n<tr>\n<td>05 JAKUB KUN\u00c1\u0160EK (CZ)<\/td>\n<\/tr>\n<tr>\n<td>06 JAN KOCOUREK (CZ)<\/td>\n<\/tr>\n<tr>\n<td>07 OWEN WEYMOUTH (UK)<\/td>\n<\/tr>\n<tr>\n<td>08 DAN STOSZEK (CZ)<\/td>\n<\/tr>\n<\/tbody>\n<\/table>\n<hr style=\"clear: both;\" \/>\n<h3 style=\"clear: both;\">\u017deny<\/h3>\n<table style=\"width: 49%; float: left;\">\n<caption>Celkov\u011b<\/caption>\n<tbody>\n<tr>\n<td>01 GENEVIEVE BRADLEY (USA)<\/td>\n<\/tr>\n<tr>\n<td>02 JACQUELINE VALENTE (BR)<\/td>\n<\/tr>\n<tr>\n<td>03 JULIA WENSKUS (D)<\/td>\n<\/tr>\n<tr>\n<td>04 PETRA SMOL\u00cdKOV\u00c1 (CZ)<\/td>\n<\/tr>\n<tr>\n<td>05 VALENTINA VOLOPICHOV\u00c1 (CZ)<\/td>\n<\/tr>\n<\/tbody>\n<\/table>\n<hr style=\"clear: both;\" \/>\n<h3 style=\"clear: both;\">Junio\u0159i<\/h3>\n<table style=\"width: 49%; float: left;\">\n<caption>Celkov\u011b<\/caption>\n<tbody>\n<tr>\n<td>01 AIDAN HESLOP (UK)<\/td>\n<\/tr>\n<tr>\n<td>02 OWEN WEYMOUTH (UK)<\/td>\n<\/tr>\n<tr>\n<td>03 DENIS VANTUCH (CZ)<\/td>\n<\/tr>\n<\/tbody>\n<\/table>\n<hr style=\"clear: both;\" \/>\n<h3 style=\"clear: both;\">Mistrovstv\u00ed \u010cesk\u00e9 republiky<\/h3>\n<table style=\"width: 49%; float: left;\">\n<caption>Mu\u017ei celkov\u011b<\/caption>\n<tbody>\n<tr>\n<td>01 DENIS VANTUCH (CZ)<\/td>\n<\/tr>\n<tr>\n<td>02 ADAM KLEMM (CZ)<\/td>\n<\/tr>\n<tr>\n<td>03 JAKUB HELIS (CZ)<\/td>\n<\/tr>\n<tr>\n<td>04 JAKUB KUN\u00c1\u0160EK (CZ)<\/td>\n<\/tr>\n<tr>\n<td>05 ADAM KOSS\u00daTH (CZ)<\/td>\n<\/tr>\n<tr>\n<td>06 JAN GURY\u010cA (CZ)<\/td>\n<\/tr>\n<tr>\n<td>07 JAN KOCOUREK (CZ)<\/td>\n<\/tr>\n<\/tbody>\n<\/table>\n<hr style=\"clear: both;\" \/>\n<h3 style=\"clear: both;\">Speci\u00e1ln\u00ed ceny<\/h3>\n<table style=\"width: 49%;\">\n<caption>Rozsek\u00e1vka<\/caption>\n<tbody>\n<tr>\n<td>01 X-DIVING TEAM<\/td>\n<\/tr>\n<\/tbody>\n<\/table>\n<table style=\"width: 49%;\">\n<caption>Senior<\/caption>\n<tbody>\n<tr>\n<td>01 PETER ROSENEY (CH)<\/td>\n<\/tr>\n<\/tbody>\n<\/table>\n<hr style=\"clear: both;\" \/>\n<h3 style=\"clear: both;\">Kvalifikace<\/h3>\n<table style=\"width: 49%; float: left;\">\n<caption>Kvalifikace do hlavn\u00edch z\u00e1vod\u016f<\/caption>\n<tbody>\n<tr>\n<td>01 ADAM KOSS\u00daTH (CZ) <span>103.10 bod\u016f &#8211; POSTUPUJ\u00cdC\u00cd<\/span><\/td>\n<\/tr>\n<tr>\n<td>02 FILIP KNAPP (CZ) <span>98.45 bod\u016f &#8211; POSTUPUJ\u00cdC\u00cd<\/span><\/td>\n<\/tr>\n<tr>\n<td>03 NACKE MARCO (D) <span>98.40 bod\u016f &#8211; POSTUPUJ\u00cdC\u00cd<\/span><\/td>\n<\/tr>\n<tr>\n<td>04 MAX KELLER (D) <span>94.55 bod\u016f &#8211; POSTUPUJ\u00cdC\u00cd<\/span><\/td>\n<\/tr>\n<tr>\n<td>05 DOMINIK BUTZKE (D) <span>93.95 bod\u016f<\/span><\/td>\n<\/tr>\n<tr>\n<td>06 ALEX KELLER (D) <span>88.15 bod\u016f<\/span><\/td>\n<\/tr>\n<tr>\n<td>07 FLORIAN LEIDMANN (D) <span>84.60 bod\u016f<\/span><\/td>\n<\/tr>\n<tr>\n<td>08 JAN NE\u010cAS (CZ) <span>83.30 bod\u016f<\/span><\/td>\n<\/tr>\n<tr>\n<td>09 DOMINIK NEUMANN (D) <span>83.20 bod\u016f<\/span><\/td>\n<\/tr>\n<tr>\n<td>10 MARTIN KOL\u00c1\u0158 (CZ) <span>81.50 bod\u016f<\/span><\/td>\n<\/tr>\n<tr>\n<td>11 DAVID ROBENHAUPT (CZ) <span>79.75 bod\u016f<\/span><\/td>\n<\/tr>\n<tr>\n<td>12 ALE\u0160 INSTITORIS (CZ) <span>75.40 bod\u016f<\/span><\/td>\n<\/tr>\n<tr>\n<td>13 JAROSLAV BR\u00c1ZDA (CZ) <span>71.05 bod\u016f<\/span><\/td>\n<\/tr>\n<tr>\n<td>14 LUK\u00c1\u0160 POSP\u00cdCHAL (CZ) <span>68.15 bod\u016f<\/span><\/td>\n<\/tr>\n<tr>\n<td>15 MAURICE KASSNER (D) <span>62.80 bod\u016f<\/span><\/td>\n<\/tr>\n<tr>\n<td>16 BOHUSLAV SLAV\u00cdK (CZ) <span>59.30 bod\u016f<\/span><\/td>\n<\/tr>\n<tr>\n<td>17 ZDEN\u011aK CIMBOTA (CZ) <span>57.55 bod\u016f<\/span><\/td>\n<\/tr>\n<tr>\n<td>18 DAN STOSZEK (CZ) <span>44.90 bod\u016f<\/span><\/td>\n<\/tr>\n<tr>\n<td>19 JAKUB KROUPA (CZ) <span>43.80 bod\u016f<\/span><\/td>\n<\/tr>\n<tr>\n<td>20 DAVID ZONTAG (D) <span>42.90 bod\u016f<\/span><\/td>\n<\/tr>\n<tr>\n<td>21 MARTIN FEIX (CZ) <span>27.55 bod\u016f<\/span><\/td>\n<\/tr>\n<\/tbody>\n<\/table>\n<hr style=\"clear: both;\" \/>\n","protected":false},"excerpt":{"rendered":"<p>Mu\u017ei 12 m 01 ANDREAS HULLIGER (CH) 314.25 bod\u016f 02 JAN HEINZEL (D) 280.40 bod\u016f 03 ILYA SCHUROV (RUS) 270.55 bod\u016f 04 CURDIN ROSENEY (CH) 256.70 bod\u016f 05 LASO SCHALLER (CH) 196.55 bod\u016f 06 ADAM KLEMM (CZ) 195.35 bod\u016f 07 JAKUB HELIS (CZ) 192.15 bod\u016f 08 PATRIC ARENDT (D) 182.85 bod\u016f 09 JAKUB KUN\u00c1\u0160EK (CZ)&#8230;<\/p>\n","protected":false},"author":2,"featured_media":0,"parent":2423,"menu_order":32,"comment_status":"closed","ping_status":"closed","template":"","meta":{"_acf_changed":false,"footnotes":""},"tags":[],"class_list":["post-2454","page","type-page","status-publish","hentry","main-post"],"acf":[],"jetpack_sharing_enabled":true,"_links":{"self":[{"href":"https:\/\/www.highjump.cz\/cs\/wp-json\/wp\/v2\/pages\/2454","targetHints":{"allow":["GET"]}}],"collection":[{"href":"https:\/\/www.highjump.cz\/cs\/wp-json\/wp\/v2\/pages"}],"about":[{"href":"https:\/\/www.highjump.cz\/cs\/wp-json\/wp\/v2\/types\/page"}],"author":[{"embeddable":true,"href":"https:\/\/www.highjump.cz\/cs\/wp-json\/wp\/v2\/users\/2"}],"replies":[{"embeddable":true,"href":"https:\/\/www.highjump.cz\/cs\/wp-json\/wp\/v2\/comments?post=2454"}],"version-history":[{"count":3,"href":"https:\/\/www.highjump.cz\/cs\/wp-json\/wp\/v2\/pages\/2454\/revisions"}],"predecessor-version":[{"id":10346,"href":"https:\/\/www.highjump.cz\/cs\/wp-json\/wp\/v2\/pages\/2454\/revisions\/10346"}],"up":[{"embeddable":true,"href":"https:\/\/www.highjump.cz\/cs\/wp-json\/wp\/v2\/pages\/2423"}],"wp:attachment":[{"href":"https:\/\/www.highjump.cz\/cs\/wp-json\/wp\/v2\/media?parent=2454"}],"wp:term":[{"taxonomy":"post_tag","embeddable":true,"href":"https:\/\/www.highjump.cz\/cs\/wp-json\/wp\/v2\/tags?post=2454"}],"curies":[{"name":"wp","href":"https:\/\/api.w.org\/{rel}","templated":true}]}}