{"id":2516,"date":"2017-04-11T00:04:32","date_gmt":"2017-04-10T22:04:32","guid":{"rendered":"http:\/\/www.hauseverything.com\/temp\/f1nal\/?page_id=2516\/"},"modified":"2019-04-14T14:34:10","modified_gmt":"2019-04-14T12:34:10","slug":"rekordy","status":"publish","type":"page","link":"https:\/\/www.highjump.cz\/cs\/cliffdiving\/rekordy\/","title":{"rendered":"Rekordy"},"content":{"rendered":"<p><strong>Nejvy\u0161\u0161\u00ed skok mu\u017ee &#8211; Laso Shaller (58,8 m)<\/strong><br \/>\n\u0160v\u00fdcar Laso Schaller je pravideln\u00fdm \u00fa\u010dastn\u00edkem Desperados High Jump. Od roku 2015 je dr\u017eitelem sv\u011btov\u00e9ho rekordu ve v\u00fd\u0161ce skoku do vody. Sko\u010dil do vody z v\u00fd\u0161ky 58,8 metr\u016f, co\u017e je je\u0161t\u011b o n\u011bkolik metr\u016f v\u00fd\u0161e, ne\u017e skok ze slavn\u00e9 \u0161ikm\u00e9 v\u011b\u017ee v Pise. Laso b\u011bhem rekordu narazil na vodn\u00ed hladinu v rychlosti p\u0159esahuj\u00edc\u00ed stodvacet kilometr\u016f za hodinu, nad \u010d\u00edm\u017e z\u016fst\u00e1v\u00e1 rozum st\u00e1t.<\/p>\n<p><iframe loading=\"lazy\" width=\"850\" height=\"478\" src=\"https:\/\/www.youtube.com\/embed\/QUpiLY5SfEc?feature=oembed\" frameborder=\"0\" allow=\"accelerometer; autoplay; encrypted-media; gyroscope; picture-in-picture\" allowfullscreen><\/iframe><\/p>\n<hr style=\"clear: both;\" \/>\n<p><strong>Nejvy\u0161\u0161\u00ed skok CZ &#8211; Rudolf Bok (58,28 m)<\/strong><br \/>\n\u010cech Rudlf Bok sko\u010dil v roce 1997 ze \u017dd\u00e1kovsk\u00e9ho mostu. Na dramatick\u00fd p\u00e1d kaskad\u00e9ra do hlubin pod \u017d\u010f\u00e1kovsk\u00fdm mostem na Orlick\u00e9 p\u0159ehrad\u011b nelze zapomenout. V nenad\u00e1l\u00e9m poryvu v\u011btru mezi mostn\u00edmi pil\u00ed\u0159i se zku\u0161en\u00fd a dob\u0159e tr\u00e9novan\u00fd filmov\u00fd dubl\u00e9r p\u0159eto\u010dil a dopadl na z\u00e1da. Bylo to, jako by sebou t\u0159\u00edskl o betonovou plochu. L\u00e9ka\u0159i bojovali o jeho \u017eivot, m\u00e1lem skon\u010dil na voz\u00ed\u010dku.<br \/>\n<a target=\"_blank\" href=\"http:\/\/www.ahaonline.cz\/clanek\/musite-vedet\/78178\/rudolfa-boka-prezil-skok-z-58-metru-prerazil-si-pater-ale-sve-kousky-predvadi-dal.html\" rel=\"noopener noreferrer\"> Dal\u0161\u00ed informace<\/a>.<\/p>\n<hr style=\"clear: both;\" \/>\n<p><strong>Nejvy\u0161\u0161\u00ed skok \u010dlov\u011bka v d\u011bjin\u00e1ch &#8211; Felix Baumgartner (39 044 m)<\/strong><br \/>\nV roce 2012 se uskute\u010dnil projekt Red Bull Stratos. Felix Baumgartner sko\u010dil ze stratosf\u00e9ry, voln\u00fdm p\u00e1dem zdolal rychlost zvuku a p\u0159ekonal rekord ohledn\u011b nejv\u011bt\u0161\u00ed v\u00fd\u0161ky p\u0159i seskoku i ohledn\u011b nejvy\u0161\u0161\u00edho balonov\u00e9ho letu s lidskou pos\u00e1dkou. Extr\u00e9mn\u011b nebezpe\u010dn\u00fd seskok p\u0159e\u017eil bez zran\u011bn\u00ed. V\u00fd\u0161ka: 39 044m, Rychlost: 1 342,8 Km\/hod, Doba voln\u00e9ho p\u00e1du: 4:19 min, D\u00e9lka voln\u00e9ho p\u00e1du: 36 529m.<\/p>\n<p><iframe loading=\"lazy\" width=\"850\" height=\"478\" src=\"https:\/\/www.youtube.com\/embed\/raiFrxbHxV0?feature=oembed\" frameborder=\"0\" allow=\"accelerometer; autoplay; encrypted-media; gyroscope; picture-in-picture\" allowfullscreen><\/iframe><\/p>\n<p>&nbsp;<\/p>\n<hr style=\"clear: both;\" \/>\n<p><strong>Nejhor\u0161\u00ed skok &#8211; Matti Myllym\u00e4ki (50 m)<\/strong><br \/>\nFinsk\u00fd showman Matti Myllym\u00e4ki cht\u011bl oslavit sv\u00e9 50. narozeniny t\u00edm, \u017ee se pokus\u00ed zlomit finsk\u00fd rekord v highdivingu. Skok se mu bohu\u017eel nepoda\u0159il a skon\u010dil v komatu.<\/p>\n<p><iframe loading=\"lazy\" width=\"560\" height=\"315\" src=\"https:\/\/www.youtube.com\/embed\/0FoU0zrjrvs\" frameborder=\"0\" allowfullscreen=\"allowfullscreen\"><\/iframe><\/p>\n<hr style=\"clear: both;\" \/>\n<p><strong>Nejl\u00e9pe proveden\u00fd skok (7x 10 bod\u016f)<\/strong><br \/>\nV roce 2000 b\u011bhem z\u00e1vod\u016f: WHDF Cliff Diving World Championship na Hawaii (ostrov Kaunolu), sko\u010dil Columbijsk\u00fd skokan Orlando Duque dojit\u00e9 salto nazad se \u010dty\u0159mi vruty z v\u00fd\u0161ky 24,4m (80 feet). V\u0161ech sedm rozhod\u010d\u00edch skok ohodnotilo nejvy\u0161\u0161\u00ed zn\u00e1mkou 10 bod\u016f &#8211; celkov\u00e9 sk\u00f3re &#8211; 159.00 bod\u016f.<\/p>\n<p><iframe loading=\"lazy\" width=\"560\" height=\"315\" src=\"https:\/\/www.youtube.com\/embed\/FTnL3lJkzOs\" frameborder=\"0\" allowfullscreen=\"allowfullscreen\"><\/iframe><\/p>\n<hr style=\"clear: both;\" \/>\n<p><strong>Nejvy\u0161\u0161\u00ed sk\u00f3re za skok (168.00 bod\u016f)<\/strong><br \/>\nV roce 2006 b\u011bhem z\u00e1vod\u016f: WHDF Chinese International Cliff Diving Competition, Rusk\u00fd skokan Artem Silchenko, p\u0159edvedl trojit\u00e9 salto nazad s dv\u011bmi vruty z v\u00fd\u0161ky 30m (100feet). Obt\u00ed\u017enost skoku: 5.6. Hodnocen\u00ed rozhod\u010d\u00edch: 9.5 \/ 10 \/ 10 \/ 10 \/ 10. Celkov\u00e9 sk\u00f3re: 168.00 bod\u016f.<\/p>\n<p><iframe loading=\"lazy\" width=\"560\" height=\"315\" src=\"https:\/\/www.youtube.com\/embed\/0iLbuFYk-dA\" frameborder=\"0\" allowfullscreen=\"allowfullscreen\"><\/iframe><\/p>\n<hr style=\"clear: both;\" \/>\n<p><strong>Nejvy\u0161\u0161\u00ed skok \u017eeny (36,8 m)<\/strong><br \/>\nV roce 1985, Ameri\u010danka Lucy Wardle sko\u010dila v Ocean Parku v Hongkongu z 36,8 metr\u016f (120feet). Do dne\u0161n\u00edho dne rekord nebyl p\u0159ekon\u00e1n.<\/p>\n<p><iframe loading=\"lazy\" width=\"560\" height=\"315\" src=\"https:\/\/www.youtube.com\/embed\/EPS1q3QBBDo\" frameborder=\"0\" allowfullscreen=\"allowfullscreen\"><\/iframe><\/p>\n<hr style=\"clear: both;\" \/>\n<p><strong>Skok z nejv\u011bt\u0161\u00ed v\u00fd\u0161ky do m\u011bl\u010diny (z 12m do 30cm)<\/strong><br \/>\nDarren Taylor zn\u00e1m\u00fd jako Professor Splash, se zapsal do Guinessovy knihy rekord\u016f riskantn\u00edm skokem. Sko\u010dil z 11.56 meter\u016f (37 ft) do 30 centimetr\u016f (12 inches) hlubok\u00e9ho d\u011btsk\u00e9ho nafukovac\u00edho baz\u00e9nku. P\u0159ekonal tak sv\u016fj dosavadn\u00fd rekord z roku 2008.<\/p>\n<p><iframe loading=\"lazy\" width=\"560\" height=\"315\" src=\"https:\/\/www.youtube.com\/embed\/Qc25Ewq9QBI\" frameborder=\"0\" allowfullscreen=\"allowfullscreen\"><\/iframe><\/p>\n<hr style=\"clear: both;\" \/>\n","protected":false},"excerpt":{"rendered":"<p>Nejvy\u0161\u0161\u00ed skok mu\u017ee &#8211; Laso Shaller (58,8 m) \u0160v\u00fdcar Laso Schaller je pravideln\u00fdm \u00fa\u010dastn\u00edkem Desperados High Jump. Od roku 2015 je dr\u017eitelem sv\u011btov\u00e9ho rekordu ve v\u00fd\u0161ce skoku do vody. Sko\u010dil do vody z v\u00fd\u0161ky 58,8 metr\u016f, co\u017e je je\u0161t\u011b o n\u011bkolik metr\u016f v\u00fd\u0161e, ne\u017e skok ze slavn\u00e9 \u0161ikm\u00e9 v\u011b\u017ee v Pise. Laso b\u011bhem rekordu narazil&#8230;<\/p>\n","protected":false},"author":2,"featured_media":0,"parent":2237,"menu_order":3,"comment_status":"closed","ping_status":"closed","template":"","meta":{"_acf_changed":false,"footnotes":""},"tags":[],"class_list":["post-2516","page","type-page","status-publish","hentry","main-post"],"acf":[],"jetpack_sharing_enabled":true,"_links":{"self":[{"href":"https:\/\/www.highjump.cz\/cs\/wp-json\/wp\/v2\/pages\/2516","targetHints":{"allow":["GET"]}}],"collection":[{"href":"https:\/\/www.highjump.cz\/cs\/wp-json\/wp\/v2\/pages"}],"about":[{"href":"https:\/\/www.highjump.cz\/cs\/wp-json\/wp\/v2\/types\/page"}],"author":[{"embeddable":true,"href":"https:\/\/www.highjump.cz\/cs\/wp-json\/wp\/v2\/users\/2"}],"replies":[{"embeddable":true,"href":"https:\/\/www.highjump.cz\/cs\/wp-json\/wp\/v2\/comments?post=2516"}],"version-history":[{"count":2,"href":"https:\/\/www.highjump.cz\/cs\/wp-json\/wp\/v2\/pages\/2516\/revisions"}],"predecessor-version":[{"id":10828,"href":"https:\/\/www.highjump.cz\/cs\/wp-json\/wp\/v2\/pages\/2516\/revisions\/10828"}],"up":[{"embeddable":true,"href":"https:\/\/www.highjump.cz\/cs\/wp-json\/wp\/v2\/pages\/2237"}],"wp:attachment":[{"href":"https:\/\/www.highjump.cz\/cs\/wp-json\/wp\/v2\/media?parent=2516"}],"wp:term":[{"taxonomy":"post_tag","embeddable":true,"href":"https:\/\/www.highjump.cz\/cs\/wp-json\/wp\/v2\/tags?post=2516"}],"curies":[{"name":"wp","href":"https:\/\/api.w.org\/{rel}","templated":true}]}}