{"id":4015,"date":"2017-05-13T11:37:18","date_gmt":"2017-05-13T09:37:18","guid":{"rendered":"http:\/\/www.highjump.cz\/?page_id=4015\/"},"modified":"2018-04-27T11:05:25","modified_gmt":"2018-04-27T09:05:25","slug":"vysledky","status":"publish","type":"page","link":"https:\/\/www.highjump.cz\/cs\/zavody\/desperados-highjump-2015\/vysledky\/","title":{"rendered":"V\u00fdsledky"},"content":{"rendered":"<h3 style=\"clear: both;\">Mu\u017ei<\/h3>\n<table style=\"width: 49%; float: left;\">\n<caption>12 m<\/caption>\n<tbody>\n<tr>\n<td>01 ANDREAS HULLIGER (CH) <span>223.55 bod\u016f<\/span><\/td>\n<\/tr>\n<tr>\n<td>02 LIAM ATKINS (AUS) <span>203.45 bod\u016f<\/span><\/td>\n<\/tr>\n<tr>\n<td>03 JAN WILKO HEINZEL (D) <span>190.85 bod\u016f<\/span><\/td>\n<\/tr>\n<tr>\n<td>04 CHRISTIAN VON CRANACH (CH) <span>173.30 bod\u016f<\/span><\/td>\n<\/tr>\n<tr>\n<td>05 LASO SCHALLER (CH) <span>173.25 bod\u016f<\/span><\/td>\n<\/tr>\n<tr>\n<td>06 JAN B\u00cdL\u00dd (CZ) <span>166.80 bod\u016f<\/span><\/td>\n<\/tr>\n<tr>\n<td>07 CHRISTIAN &#8222;ELVIS&#8220; GUTH (D) <span>152.25 bod\u016f<\/span><\/td>\n<\/tr>\n<tr>\n<td>08 JAKUB HELIS (CZ) <span>151.05 bod\u016f<\/span><\/td>\n<\/tr>\n<tr>\n<td>09 TIMMY MUSIOL (D) <span>128.55 bod\u016f<\/span><\/td>\n<\/tr>\n<tr>\n<td>10 ADAM KLEMM (CZ) <span>127.70 bod\u016f<\/span><\/td>\n<\/tr>\n<tr>\n<td>11 JAKUB KUN\u00c1\u0160EK (CZ) <span>123.70 bod\u016f<\/span><\/td>\n<\/tr>\n<tr>\n<td>12 JAN DISSELHOFF (D) <span>119.70 bod\u016f<\/span><\/td>\n<\/tr>\n<tr>\n<td>13 HELMUT J\u00dcRGEN (D) <span>115.40 bod\u016f<\/span><\/td>\n<\/tr>\n<tr>\n<td>14 LUK\u00c1\u0160 EJSEDER (CZ) <span>113.50 bod\u016f<\/span><\/td>\n<\/tr>\n<tr>\n<td>15 MIKE CAINDEL (D) <span>111.10 bod\u016f<\/span><\/td>\n<\/tr>\n<tr>\n<td>16 SASCHA HANDL (D) <span>108.40 bod\u016f<\/span><\/td>\n<\/tr>\n<tr>\n<td>16 JAKUB HA\u0160EK (CZ) <span>108.40 bod\u016f<\/span><\/td>\n<\/tr>\n<tr>\n<td>17 ALI SAYD (D) <span>107.75 bod\u016f<\/span><\/td>\n<\/tr>\n<tr>\n<td>18 MAX KELLER (D) <span>105.45 bod\u016f<\/span><\/td>\n<\/tr>\n<tr>\n<td>19 LUK\u00c1\u0160 KRU\u0164KO (CZ) <span>104.10 bod\u016f<\/span><\/td>\n<\/tr>\n<tr>\n<td>20 PHILIPP KNAPP (D) <span>101.65 bod\u016f<\/span><\/td>\n<\/tr>\n<\/tbody>\n<\/table>\n<table style=\"width: 49%; float: left;\">\n<caption>16 m<\/caption>\n<tbody>\n<tr>\n<td>01 ANDREAS HULLIGER (CH) <span>243.10 bod\u016f<\/span><\/td>\n<\/tr>\n<tr>\n<td>02 JAN WILKO HEINZEL (D) <span>234.40 bod\u016f<\/span><\/td>\n<\/tr>\n<tr>\n<td>03 ILYA SCHUROV (RUS) <span>232.75 bod\u016f<\/span><\/td>\n<\/tr>\n<tr>\n<td>04 REIDE RAINHARD (D) <span>204.75 bod\u016f<\/span><\/td>\n<\/tr>\n<tr>\n<td>05 LIAM ATKINS (AUS) <span>201.50 bod\u016f<\/span><\/td>\n<\/tr>\n<tr>\n<td>06 ALAIN KOHL (LUX) <span>198.90 bod\u016f<\/span><\/td>\n<\/tr>\n<tr>\n<td>07 CHRISTIAN &#8222;ELVIS&#8220; GUTH (D) <span>190.55 bod\u016f<\/span><\/td>\n<\/tr>\n<tr>\n<td>08 LASO SCHALLER (CH) <span>183.15 bod\u016f<\/span><\/td>\n<\/tr>\n<tr>\n<td>09 JAN B\u00cdL\u00dd (CZ) <span>158.50 bod\u016f<\/span><\/td>\n<\/tr>\n<tr>\n<td>10 CHRISTIAN VON CRANACH (CH) <span>154.70 bod\u016f<\/span><\/td>\n<\/tr>\n<tr>\n<td>11 TIM THESING (D) <span>146.60 bod\u016f<\/span><\/td>\n<\/tr>\n<tr>\n<td>12 JAKUB KUN\u00c1\u0160EK (CZ) <span>142.20 bod\u016f<\/span><\/td>\n<\/tr>\n<tr>\n<td>13 PHILIPP KNAPP (D) <span>138.65 bod\u016f<\/span><\/td>\n<\/tr>\n<tr>\n<td>14 ADAM KLEMM (CZ) <span>135.50 bod\u016f<\/span><\/td>\n<\/tr>\n<tr>\n<td>15 DAVID SONNTAG (D) <span>132.35 bod\u016f<\/span><\/td>\n<\/tr>\n<tr>\n<td>16 TIMMY MUSIOL (D) <span>127.10 bod\u016f<\/span><\/td>\n<\/tr>\n<tr>\n<td>17 ALI SOYD (D) <span>120.75 bod\u016f<\/span><\/td>\n<\/tr>\n<tr>\n<td>18 MAX KELLER (D) <span>112.25 bod\u016f<\/span><\/td>\n<\/tr>\n<tr>\n<td>19 JAN GURYCHA (CZ) <span>90.00 bod\u016f<\/span><\/td>\n<\/tr>\n<tr>\n<td>20 LUK\u00c1\u0160 KRU\u0164KO (CZ) <span>86.40 bod\u016f<\/span><\/td>\n<\/tr>\n<tr>\n<td>21 HELMUT J\u00dcRGEN (D) <span>47.1 bod\u016f<\/span><\/td>\n<\/tr>\n<\/tbody>\n<\/table>\n<hr style=\"clear: both;\" \/>\n<h3 style=\"clear: both;\">Houpa\u010dka<\/h3>\n<table style=\"width: 49%; float: left;\">\n<caption>Mu\u017ei<\/caption>\n<tbody>\n<tr>\n<td>01 ANDREAS HULLIGER (CH)<\/td>\n<\/tr>\n<tr>\n<td>02 CHRISTIAN VON CRANACH (CH)<\/td>\n<\/tr>\n<tr>\n<td>03 ADAM KLEMM (CZ)<\/td>\n<\/tr>\n<tr>\n<td>04 JAN WILKO HEINZEL (D)<\/td>\n<\/tr>\n<tr>\n<td>05 AIDAN HESLOP (UK)<\/td>\n<\/tr>\n<tr>\n<td>06 LIAM ATKINS (AUS)<\/td>\n<\/tr>\n<tr>\n<td>07 JAKUB \u017dUVA\u010c (CZ)<\/td>\n<\/tr>\n<tr>\n<td>08 BASTIAN LOSEN (D)<\/td>\n<\/tr>\n<tr>\n<td>09 MICHEL MANHAUT (D)<\/td>\n<\/tr>\n<tr>\n<td>10 JAKUB HA\u0160EK (CZ)<\/td>\n<\/tr>\n<tr>\n<td>11 LUK\u00c1\u0160 KRU\u0164KO (CZ)<\/td>\n<\/tr>\n<tr>\n<td>12 MARTIN KOL\u00c1\u0158 (CZ)<\/td>\n<\/tr>\n<tr>\n<td>13 JAN HELIS (D)<\/td>\n<\/tr>\n<tr>\n<td>14 ADAM KOSSUT (D)<\/td>\n<\/tr>\n<tr>\n<td>15 BOHUSLAV SLAV\u00cdK (CZ)<\/td>\n<\/tr>\n<tr>\n<td>16 HELMUT JURGEN (D)<\/td>\n<\/tr>\n<tr>\n<td>17 ANDREJ PATKA (CZ)<\/td>\n<\/tr>\n<tr>\n<td>18 TIM THESING (D)<\/td>\n<\/tr>\n<\/tbody>\n<\/table>\n<hr style=\"clear: both;\" \/>\n<h3 style=\"clear: both;\">\u017deny<\/h3>\n<table style=\"width: 49%; float: left;\">\n<caption>Celkov\u011b<\/caption>\n<tbody>\n<tr>\n<td>01 BRADLEY GENEVIEVE (USA) <span>423.65 bod\u016f<\/span><\/td>\n<\/tr>\n<tr>\n<td>02 IRIS SCHMIDBAUER (D) <span>409.70 bod\u016f<\/span><\/td>\n<\/tr>\n<tr>\n<td>03 PETRA SMOL\u00cdKOV\u00c1 (CZ) <span>194.70 bod\u016f<\/span><\/td>\n<\/tr>\n<tr>\n<td>04 JULIA WENSKUS (D) <span>150.45 bod\u016f<\/span><\/td>\n<\/tr>\n<tr>\n<td>05 MONIKA NOV\u00c1KOV\u00c1 (CZ)<\/td>\n<\/tr>\n<\/tbody>\n<\/table>\n<hr style=\"clear: both;\" \/>\n<h3 style=\"clear: both;\">Junio\u0159i<\/h3>\n<table style=\"width: 49%; float: left;\">\n<caption>Celkov\u011b<\/caption>\n<tbody>\n<tr>\n<td>01 AIDAN HESLOP (UK) <span>279.00 bod\u016f<\/span><\/td>\n<\/tr>\n<tr>\n<td>02 DENIS VANTUCH (CZ) <span>142.20 bod\u016f<\/span><\/td>\n<\/tr>\n<\/tbody>\n<\/table>\n<hr style=\"clear: both;\" \/>\n<h3 style=\"clear: both;\">Mistrovstv\u00ed \u010cesk\u00e9 republiky<\/h3>\n<table style=\"width: 49%; float: left;\">\n<caption>Mu\u017ei celkov\u011b<\/caption>\n<tbody>\n<tr>\n<td>01 JAN B\u00cdL\u00dd (CZ) <span>325.30 bod\u016f<\/span><\/td>\n<\/tr>\n<tr>\n<td>02 JAKUB KUN\u00c1\u0160EK (CZ) <span>265.90 bod\u016f<\/span><\/td>\n<\/tr>\n<tr>\n<td>03 ADAM KLEMM (CZ) <span>263.20 bod\u016f<\/span><\/td>\n<\/tr>\n<tr>\n<td>04 LUK\u00c1\u0160 KRU\u0164KO (CZ)<\/td>\n<\/tr>\n<tr>\n<td>05 JAKUB HELIS (CZ)<\/td>\n<\/tr>\n<tr>\n<td>06 JAN GURY\u010cA (CZ)<\/td>\n<\/tr>\n<tr>\n<td>07 ANDREJ PATKA (CZ)<\/td>\n<\/tr>\n<\/tbody>\n<\/table>\n<hr style=\"clear: both;\" \/>\n<h3 style=\"clear: both;\">Speci\u00e1ln\u00ed ceny<\/h3>\n<table style=\"width: 49%;\">\n<caption>Osobnost Highjump<\/caption>\n<tbody>\n<tr>\n<td>01 CHRISTIAN &#8222;ELVIS&#8220; GUTH (D)<\/td>\n<\/tr>\n<\/tbody>\n<\/table>\n<table style=\"width: 49%;\">\n<caption>Senior<\/caption>\n<tbody>\n<tr>\n<td>01 PETER ROSENEY (CH)<\/td>\n<\/tr>\n<\/tbody>\n<\/table>\n<hr style=\"clear: both;\" \/>\n<h3 style=\"clear: both;\">Kvalifikace<\/h3>\n<table style=\"width: 49%;\">\n<caption>Kvalifikace do hlavn\u00edch z\u00e1vod\u016f<\/caption>\n<tbody>\n<tr>\n<td>01 DAVID SONTAG (D) <span>POSTUPUJ\u00cdC\u00cd<\/span><\/td>\n<\/tr>\n<tr>\n<td>02 MAX KELLER (D) <span>POSTUPUJ\u00cdC\u00cd<\/span><\/td>\n<\/tr>\n<tr>\n<td>03 TIMMY MUSIOL (D) <span>POSTUPUJ\u00cdC\u00cd<\/span><\/td>\n<\/tr>\n<tr>\n<td>04 PHILIPP KNAPP (D) <span>POSTUPUJ\u00cdC\u00cd<\/span><\/td>\n<\/tr>\n<tr>\n<td>05 JAKUB HA\u0160EK (CZ) <span>POSTUPUJ\u00cdC\u00cd<\/span><\/td>\n<\/tr>\n<tr>\n<td>06 NICOLA FRICKER (D)<\/td>\n<\/tr>\n<tr>\n<td>07 MARINE KASNER (D)<\/td>\n<\/tr>\n<tr>\n<td>08 NACKE MARCO (D)<\/td>\n<\/tr>\n<tr>\n<td>09 JI\u0158\u00cd N\u00c1VARA (CZ)<\/td>\n<\/tr>\n<tr>\n<td>10 ALEX KELLER (D)<\/td>\n<\/tr>\n<tr>\n<td>11 DAVID ROBENHAUPT (D)<\/td>\n<\/tr>\n<tr>\n<td>12 BASTIAN LOSEN (D)<\/td>\n<\/tr>\n<tr>\n<td>13 JASIR ALI (D)<\/td>\n<\/tr>\n<tr>\n<td>14 LUK\u00c1\u0160 POSP\u00cd\u0160IL (CZ)<\/td>\n<\/tr>\n<tr>\n<td>15 JAN \u0160INDRB\u00c1L (CZ)<\/td>\n<\/tr>\n<tr>\n<td>16 MARTIN KOL\u00c1\u0158 (CZ)<\/td>\n<\/tr>\n<tr>\n<td>17 BR\u00c1ZDA JAROSLAV (CZ)<\/td>\n<\/tr>\n<tr>\n<td>18 TOM\u00c1\u0160 SEJKORA (CZ)<\/td>\n<\/tr>\n<\/tbody>\n<\/table>\n<hr style=\"clear: both;\" \/>\n","protected":false},"excerpt":{"rendered":"<p>Mu\u017ei 12 m 01 ANDREAS HULLIGER (CH) 223.55 bod\u016f 02 LIAM ATKINS (AUS) 203.45 bod\u016f 03 JAN WILKO HEINZEL (D) 190.85 bod\u016f 04 CHRISTIAN VON CRANACH (CH) 173.30 bod\u016f 05 LASO SCHALLER (CH) 173.25 bod\u016f 06 JAN B\u00cdL\u00dd (CZ) 166.80 bod\u016f 07 CHRISTIAN &#8222;ELVIS&#8220; GUTH (D) 152.25 bod\u016f 08 JAKUB HELIS (CZ) 151.05 bod\u016f 09&#8230;<\/p>\n","protected":false},"author":2,"featured_media":0,"parent":3215,"menu_order":32,"comment_status":"closed","ping_status":"closed","template":"","meta":{"_acf_changed":false,"footnotes":""},"tags":[],"class_list":["post-4015","page","type-page","status-publish","hentry","main-post"],"acf":[],"jetpack_sharing_enabled":true,"_links":{"self":[{"href":"https:\/\/www.highjump.cz\/cs\/wp-json\/wp\/v2\/pages\/4015","targetHints":{"allow":["GET"]}}],"collection":[{"href":"https:\/\/www.highjump.cz\/cs\/wp-json\/wp\/v2\/pages"}],"about":[{"href":"https:\/\/www.highjump.cz\/cs\/wp-json\/wp\/v2\/types\/page"}],"author":[{"embeddable":true,"href":"https:\/\/www.highjump.cz\/cs\/wp-json\/wp\/v2\/users\/2"}],"replies":[{"embeddable":true,"href":"https:\/\/www.highjump.cz\/cs\/wp-json\/wp\/v2\/comments?post=4015"}],"version-history":[{"count":2,"href":"https:\/\/www.highjump.cz\/cs\/wp-json\/wp\/v2\/pages\/4015\/revisions"}],"predecessor-version":[{"id":9175,"href":"https:\/\/www.highjump.cz\/cs\/wp-json\/wp\/v2\/pages\/4015\/revisions\/9175"}],"up":[{"embeddable":true,"href":"https:\/\/www.highjump.cz\/cs\/wp-json\/wp\/v2\/pages\/3215"}],"wp:attachment":[{"href":"https:\/\/www.highjump.cz\/cs\/wp-json\/wp\/v2\/media?parent=4015"}],"wp:term":[{"taxonomy":"post_tag","embeddable":true,"href":"https:\/\/www.highjump.cz\/cs\/wp-json\/wp\/v2\/tags?post=4015"}],"curies":[{"name":"wp","href":"https:\/\/api.w.org\/{rel}","templated":true}]}}