{"id":4031,"date":"2017-05-13T11:41:17","date_gmt":"2017-05-13T09:41:17","guid":{"rendered":"http:\/\/www.highjump.cz\/?page_id=4031\/"},"modified":"2018-05-02T14:15:28","modified_gmt":"2018-05-02T12:15:28","slug":"vysledky","status":"publish","type":"page","link":"https:\/\/www.highjump.cz\/cs\/zavody\/desperados-highjump-2014\/vysledky\/","title":{"rendered":"V\u00fdsledky"},"content":{"rendered":"<h3 style=\"clear: both;\">Mu\u017ei<\/h3>\n<table style=\"width: 49%; float: left;\">\n<caption>12 m<\/caption>\n<tbody>\n<tr>\n<td>01 JIMMI ANDERSEN (DK) <span>280.02 bod\u016f<\/span><\/td>\n<\/tr>\n<tr>\n<td>02 ILYA SCHUROV (RUS) <span>267.30 bod\u016f<\/span><\/td>\n<\/tr>\n<tr>\n<td>03 ANDREAS HULLIGER (CH) <span>252.60 bod\u016f<\/span><\/td>\n<\/tr>\n<tr>\n<td>04 FELIX HIRT (D) <span>247.90 bod\u016f<\/span><\/td>\n<\/tr>\n<tr>\n<td>05 JAN WILKO HEINZEL (D) <span>240.45 bod\u016f<\/span><\/td>\n<\/tr>\n<tr>\n<td>06 JAKUB HELIS (CZ) <span>210.50 bod\u016f<\/span><\/td>\n<\/tr>\n<tr>\n<td>07 LASSO SCHALLER (D) <span>210.00 bod\u016f<\/span><\/td>\n<\/tr>\n<tr>\n<td>08 JAN B\u00cdL\u00dd (CZ) <span>209.55 bod\u016f<\/span><\/td>\n<\/tr>\n<tr>\n<td>09 PATRICK ARENDT (D) <span>182.40 bod\u016f<\/span><\/td>\n<\/tr>\n<tr>\n<td>10 LUKAS EGLSEDER (D) <span>174.60 bod\u016f<\/span><\/td>\n<\/tr>\n<\/tbody>\n<\/table>\n<table style=\"width: 49%; float: left;\">\n<caption>16 m<\/caption>\n<tbody>\n<tr>\n<td>01 ANDREAS HULLIGER (CH) <span>353.25 bod\u016f<\/span><\/td>\n<\/tr>\n<tr>\n<td>02 JAN WILKO HEINZEL (D) <span>341.75 bod\u016f<\/span><\/td>\n<\/tr>\n<tr>\n<td>03 MICHAL NAVR\u00c1TIL (CZ) <span>315.50 bod\u016f<\/span><\/td>\n<\/tr>\n<tr>\n<td>04 ILYA SCHUROV (RUS) <span>313.45 bod\u016f<\/span><\/td>\n<\/tr>\n<tr>\n<td>05 JIMMI ANDERSEN (DK) <span>280.95 bod\u016f<\/span><\/td>\n<\/tr>\n<tr>\n<td>06 JAN B\u00cdL\u00dd (CZ) <span>261.10 bod\u016f<\/span><\/td>\n<\/tr>\n<tr>\n<td>07 PATRICK ARENDT (D) <span>249.45 bod\u016f<\/span><\/td>\n<\/tr>\n<tr>\n<td>08 BASTIAN LOOSEN (D) <span>232.90 bod\u016f<\/span><\/td>\n<\/tr>\n<tr>\n<td>09 FELIX HIRT (D) <span>229.60 bod\u016f<\/span><\/td>\n<\/tr>\n<tr>\n<td>10 ALAIN KOHL (LUX) <span>215.70 bod\u016f<\/span><\/td>\n<\/tr>\n<\/tbody>\n<\/table>\n<hr style=\"clear: both;\" \/>\n<h3 style=\"clear: both;\">Houpa\u010dka<\/h3>\n<table style=\"width: 49%; float: left;\">\n<caption>Mu\u017ei<\/caption>\n<tbody>\n<tr>\n<td>01 ANDREAS HULLIGER (CH)<\/td>\n<\/tr>\n<tr>\n<td>02 JIMMI ANDERSEN (DK)<\/td>\n<\/tr>\n<tr>\n<td>03 JAN KOCOUREK (CZ)<\/td>\n<\/tr>\n<tr>\n<td>04 CHRISTIAN VON CRANACH (CH)<\/td>\n<\/tr>\n<tr>\n<td>05 LUK\u00c1\u0160 KRU\u0164KO (CZ)<\/td>\n<\/tr>\n<tr>\n<td>06 ADAM KLEMM (CZ)<\/td>\n<\/tr>\n<tr>\n<td>07 JAKUB KUN\u00c1\u0160EK (CZ)<\/td>\n<\/tr>\n<tr>\n<td>08 LUKAS EGLSEDER (D)<\/td>\n<\/tr>\n<tr>\n<td>09 BASTIAN LOOSEN (D)<\/td>\n<\/tr>\n<tr>\n<td>10 ADRIAN WIGERT (CH)<\/td>\n<\/tr>\n<\/tbody>\n<\/table>\n<hr style=\"clear: both;\" \/>\n<h3 style=\"clear: both;\">\u017deny<\/h3>\n<table style=\"width: 49%; float: left;\">\n<caption>Celkov\u011b<\/caption>\n<tbody>\n<tr>\n<td>01 ANNA BADER (D)<\/td>\n<\/tr>\n<tr>\n<td>02 JACQUELINE VALENTE (BR)<\/td>\n<\/tr>\n<tr>\n<td>03 NAT\u00c1LIE JIROUTKOV\u00c1 (CZ)<\/td>\n<\/tr>\n<tr>\n<td>04 JULIA WENSKUS (D)<\/td>\n<\/tr>\n<tr>\n<td>05 MARTINA MA\u0160KOV\u00c1 (CZ)<\/td>\n<\/tr>\n<tr>\n<td>06 PETRA SMOL\u00cdKOV\u00c1 (CZ)<\/td>\n<\/tr>\n<tr>\n<td>07 VALENTINA VOLOPICHOV\u00c1 (CZ)<\/td>\n<\/tr>\n<tr>\n<td>08 MONIKA NOV\u00c1KOV\u00c1 (CZ)<\/td>\n<\/tr>\n<\/tbody>\n<\/table>\n<hr style=\"clear: both;\" \/>\n<h3 style=\"clear: both;\">Junio\u0159i<\/h3>\n<table style=\"width: 49%; float: left;\">\n<caption>Celkov\u011b<\/caption>\n<tbody>\n<tr>\n<td>01 JAN SL\u00c1NSK\u00dd (CZ)<\/td>\n<\/tr>\n<tr>\n<td>02 DENIS VANTUCH (CZ)<\/td>\n<\/tr>\n<\/tbody>\n<\/table>\n<hr style=\"clear: both;\" \/>\n<h3 style=\"clear: both;\">Mistrovstv\u00ed \u010cesk\u00e9 republiky<\/h3>\n<table style=\"width: 49%; float: left;\">\n<caption>Mu\u017ei celkov\u011b<\/caption>\n<tbody>\n<tr>\n<td>01 MICHAL NAVR\u00c1TIL (CZ)<\/td>\n<\/tr>\n<tr>\n<td>02 JAN B\u00cdL\u00dd (CZ)<\/td>\n<\/tr>\n<tr>\n<td>03 JAKUB KUN\u00c1\u0160EK (CZ)<\/td>\n<\/tr>\n<tr>\n<td>04 JAKUB HELIS (CZ)<\/td>\n<\/tr>\n<tr>\n<td>05 V\u00c1CLAV STUDEN\u00dd (CZ)<\/td>\n<\/tr>\n<tr>\n<td>06 LUK\u00c1\u0160 KRU\u0164KO (CZ)<\/td>\n<\/tr>\n<tr>\n<td>07 DANIEL SEIDL (CZ)<\/td>\n<\/tr>\n<tr>\n<td>08 VOJT\u011aCH P\u016eLP\u00c1N (CZ)<\/td>\n<\/tr>\n<tr>\n<td>09 ADAM KLEMM (CZ)<\/td>\n<\/tr>\n<tr>\n<td>10 KAREL PAVLATA (CZ)<\/td>\n<\/tr>\n<tr>\n<td>11 JAN VON\u010cINA (CZ)<\/td>\n<\/tr>\n<tr>\n<td>12 OND\u0158EJ SUK (CZ)<\/td>\n<\/tr>\n<\/tbody>\n<\/table>\n<hr style=\"clear: both;\" \/>\n<h3 style=\"clear: both;\">Speci\u00e1ln\u00ed ceny<\/h3>\n<table style=\"width: 49%;\">\n<caption>Osobnost Highjump<\/caption>\n<tbody>\n<tr>\n<td>01 PETER ROSENEY (CH)<\/td>\n<\/tr>\n<\/tbody>\n<\/table>\n<table style=\"width: 49%;\">\n<caption>Senior<\/caption>\n<tbody>\n<tr>\n<td>01 RAINHARD RIEDE (D)<\/td>\n<\/tr>\n<\/tbody>\n<\/table>\n<hr style=\"clear: both;\" \/>\n","protected":false},"excerpt":{"rendered":"<p>Mu\u017ei 12 m 01 JIMMI ANDERSEN (DK) 280.02 bod\u016f 02 ILYA SCHUROV (RUS) 267.30 bod\u016f 03 ANDREAS HULLIGER (CH) 252.60 bod\u016f 04 FELIX HIRT (D) 247.90 bod\u016f 05 JAN WILKO HEINZEL (D) 240.45 bod\u016f 06 JAKUB HELIS (CZ) 210.50 bod\u016f 07 LASSO SCHALLER (D) 210.00 bod\u016f 08 JAN B\u00cdL\u00dd (CZ) 209.55 bod\u016f 09 PATRICK ARENDT&#8230;<\/p>\n","protected":false},"author":2,"featured_media":0,"parent":3219,"menu_order":32,"comment_status":"closed","ping_status":"closed","template":"","meta":{"_acf_changed":false,"footnotes":""},"tags":[],"class_list":["post-4031","page","type-page","status-publish","hentry","main-post"],"acf":[],"jetpack_sharing_enabled":true,"_links":{"self":[{"href":"https:\/\/www.highjump.cz\/cs\/wp-json\/wp\/v2\/pages\/4031","targetHints":{"allow":["GET"]}}],"collection":[{"href":"https:\/\/www.highjump.cz\/cs\/wp-json\/wp\/v2\/pages"}],"about":[{"href":"https:\/\/www.highjump.cz\/cs\/wp-json\/wp\/v2\/types\/page"}],"author":[{"embeddable":true,"href":"https:\/\/www.highjump.cz\/cs\/wp-json\/wp\/v2\/users\/2"}],"replies":[{"embeddable":true,"href":"https:\/\/www.highjump.cz\/cs\/wp-json\/wp\/v2\/comments?post=4031"}],"version-history":[{"count":2,"href":"https:\/\/www.highjump.cz\/cs\/wp-json\/wp\/v2\/pages\/4031\/revisions"}],"predecessor-version":[{"id":9223,"href":"https:\/\/www.highjump.cz\/cs\/wp-json\/wp\/v2\/pages\/4031\/revisions\/9223"}],"up":[{"embeddable":true,"href":"https:\/\/www.highjump.cz\/cs\/wp-json\/wp\/v2\/pages\/3219"}],"wp:attachment":[{"href":"https:\/\/www.highjump.cz\/cs\/wp-json\/wp\/v2\/media?parent=4031"}],"wp:term":[{"taxonomy":"post_tag","embeddable":true,"href":"https:\/\/www.highjump.cz\/cs\/wp-json\/wp\/v2\/tags?post=4031"}],"curies":[{"name":"wp","href":"https:\/\/api.w.org\/{rel}","templated":true}]}}