{"id":4043,"date":"2013-08-02T12:00:38","date_gmt":"2013-08-02T10:00:38","guid":{"rendered":"http:\/\/www.highjump.cz\/?page_id=4043\/"},"modified":"2018-05-02T14:50:32","modified_gmt":"2018-05-02T12:50:32","slug":"vysledky","status":"publish","type":"page","link":"https:\/\/www.highjump.cz\/cs\/zavody\/budweiser-budvar-highjump-2013\/vysledky\/","title":{"rendered":"V\u00fdsledky"},"content":{"rendered":"<h3 style=\"clear: both;\">Mu\u017ei<\/h3>\n<table style=\"width: 49%; float: left;\">\n<caption>12 m<\/caption>\n<tbody>\n<tr>\n<td>01 ILYA SCHUROV (RUS)<\/td>\n<\/tr>\n<tr>\n<td>02 BLAKE ALDRIDGE (UK)<\/td>\n<\/tr>\n<tr>\n<td>03 JAN WILKO HEINZEL (D)<\/td>\n<\/tr>\n<tr>\n<td>04 CURDIN ROSENEY (CH)<\/td>\n<\/tr>\n<tr>\n<td>05 ANDY HULLIGER (CH)<\/td>\n<\/tr>\n<tr>\n<td>06 LAZARO SCHALLER (D)<\/td>\n<\/tr>\n<tr>\n<td>07 RAINHARD RIEDLE (D)<\/td>\n<\/tr>\n<tr>\n<td>08 JAN B\u00cdL\u00dd (CZ)<\/td>\n<\/tr>\n<tr>\n<td>09 ADAM STUCHL\u00cdK (CZ)<\/td>\n<\/tr>\n<tr>\n<td>10 CHRISTIAN VON CRANNACH (CH)<\/td>\n<\/tr>\n<\/tbody>\n<\/table>\n<table style=\"width: 49%; float: left;\">\n<caption>16 m<\/caption>\n<tbody>\n<tr>\n<td>01 MICHAL NAVR\u00c1TIL (CZ)<\/td>\n<\/tr>\n<tr>\n<td>02 ILYA SCHUROV (RUS)<\/td>\n<\/tr>\n<tr>\n<td>03 ANDREAS HULLIGER (CH)<\/td>\n<\/tr>\n<tr>\n<td>04 RAINHARD RIEDLE (D)<\/td>\n<\/tr>\n<tr>\n<td>05 CHRISTIAN VON CRANNACH (CH)<\/td>\n<\/tr>\n<tr>\n<td>06 CURDIN ROSENEY (CH)<\/td>\n<\/tr>\n<tr>\n<td>07 LAZARO SCHALLER (D)<\/td>\n<\/tr>\n<tr>\n<td>08 JAN WILKO HEINZEL (D)<\/td>\n<\/tr>\n<tr>\n<td>09 ALAIN KOHL (LUX)<\/td>\n<\/tr>\n<tr>\n<td>10 JAN VON\u010cINA (CZ)<\/td>\n<\/tr>\n<\/tbody>\n<\/table>\n<hr style=\"clear: both;\" \/>\n<h3 style=\"clear: both;\">Houpa\u010dka<\/h3>\n<table style=\"width: 49%; float: left;\">\n<caption>Mu\u017ei<\/caption>\n<tbody>\n<tr>\n<td>01 MICHAL BOLTNAR (CZ)<\/td>\n<\/tr>\n<tr>\n<td>02 CHRISTIAN VON CRANNACH (CH)<\/td>\n<\/tr>\n<tr>\n<td>03 JAN WILKO HEINZEL (D)<\/td>\n<\/tr>\n<tr>\n<td>04 ANDY HULLIGER (CH)<\/td>\n<\/tr>\n<tr>\n<td>05 LAZARO SCHALLER (D)<\/td>\n<\/tr>\n<tr>\n<td>06 MIKE GINDER (D)<\/td>\n<\/tr>\n<tr>\n<td>07 LUKAS EGLSENDER (A)<\/td>\n<\/tr>\n<tr>\n<td>08 ADAM KLEMM (D)<\/td>\n<\/tr>\n<tr>\n<td>09 OLIVER KRIEG (D)<\/td>\n<\/tr>\n<tr>\n<td>10 JAN KOCOUREK (CZ)<\/td>\n<\/tr>\n<\/tbody>\n<\/table>\n<hr style=\"clear: both;\" \/>\n<h3 style=\"clear: both;\">\u017deny<\/h3>\n<table style=\"width: 49%; float: left;\">\n<caption>Celkov\u011b<\/caption>\n<tbody>\n<tr>\n<td>01 NAT\u00c1LIE JIROUTKOV\u00c1 (CZ)<\/td>\n<\/tr>\n<tr>\n<td>02 PETRA SMOL\u00cdKOV\u00c1 (CZ)<\/td>\n<\/tr>\n<tr>\n<td>03 MICHAELA PR\u016e\u0160OV\u00c1 (CZ)<\/td>\n<\/tr>\n<\/tbody>\n<\/table>\n<hr style=\"clear: both;\" \/>\n<h3 style=\"clear: both;\">Junio\u0159i<\/h3>\n<table style=\"width: 49%; float: left;\">\n<caption>Celkov\u011b<\/caption>\n<tbody>\n<tr>\n<td>01 DENIS VANTUCH (CZ)<\/td>\n<\/tr>\n<tr>\n<td>02 JAN SL\u00c1NSK\u00dd (CZ)<\/td>\n<\/tr>\n<\/tbody>\n<\/table>\n<hr style=\"clear: both;\" \/>\n<h3 style=\"clear: both;\">Mistrovstv\u00ed \u010cesk\u00e9 republiky<\/h3>\n<table style=\"width: 49%; float: left;\">\n<caption>Mu\u017ei celkov\u011b<\/caption>\n<tbody>\n<tr>\n<td>01 JAN B\u00cdL\u00dd<\/td>\n<\/tr>\n<tr>\n<td>02 ADAM STUCHL\u00cdK<\/td>\n<\/tr>\n<tr>\n<td>03 LUK\u00c1\u0160 KRU\u0164KO<\/td>\n<\/tr>\n<tr>\n<td>04 DANIEL SEIDL<\/td>\n<\/tr>\n<tr>\n<td>05 KAREL PAVLATA<\/td>\n<\/tr>\n<tr>\n<td>06 JAKUB KUN\u00c1\u0160EK<\/td>\n<\/tr>\n<tr>\n<td>07 ANDREJ PATKA<\/td>\n<\/tr>\n<tr>\n<td>08 PAVEL KLEMENT<\/td>\n<\/tr>\n<tr>\n<td>09 VOJT\u011aCH P\u016eLP\u00c1N<\/td>\n<\/tr>\n<tr>\n<td>10 JAN KOCOUREK<\/td>\n<\/tr>\n<\/tbody>\n<\/table>\n<hr style=\"clear: both;\" \/>\n<h3 style=\"clear: both;\">Speci\u00e1ln\u00ed ceny<\/h3>\n<table style=\"width: 49%;\">\n<caption>Osobnost Highjump<\/caption>\n<tbody>\n<tr>\n<td>01 PETER ROSENEY (CH)<\/td>\n<\/tr>\n<\/tbody>\n<\/table>\n<hr style=\"clear: both;\" \/>\n","protected":false},"excerpt":{"rendered":"<p>Mu\u017ei 12 m 01 ILYA SCHUROV (RUS) 02 BLAKE ALDRIDGE (UK) 03 JAN WILKO HEINZEL (D) 04 CURDIN ROSENEY (CH) 05 ANDY HULLIGER (CH) 06 LAZARO SCHALLER (D) 07 RAINHARD RIEDLE (D) 08 JAN B\u00cdL\u00dd (CZ) 09 ADAM STUCHL\u00cdK (CZ) 10 CHRISTIAN VON CRANNACH (CH) 16 m 01 MICHAL NAVR\u00c1TIL (CZ) 02 ILYA SCHUROV (RUS)&#8230;<\/p>\n","protected":false},"author":2,"featured_media":0,"parent":3221,"menu_order":32,"comment_status":"closed","ping_status":"closed","template":"","meta":{"_acf_changed":false,"footnotes":""},"tags":[],"class_list":["post-4043","page","type-page","status-publish","hentry","main-post"],"acf":[],"jetpack_sharing_enabled":true,"_links":{"self":[{"href":"https:\/\/www.highjump.cz\/cs\/wp-json\/wp\/v2\/pages\/4043","targetHints":{"allow":["GET"]}}],"collection":[{"href":"https:\/\/www.highjump.cz\/cs\/wp-json\/wp\/v2\/pages"}],"about":[{"href":"https:\/\/www.highjump.cz\/cs\/wp-json\/wp\/v2\/types\/page"}],"author":[{"embeddable":true,"href":"https:\/\/www.highjump.cz\/cs\/wp-json\/wp\/v2\/users\/2"}],"replies":[{"embeddable":true,"href":"https:\/\/www.highjump.cz\/cs\/wp-json\/wp\/v2\/comments?post=4043"}],"version-history":[{"count":2,"href":"https:\/\/www.highjump.cz\/cs\/wp-json\/wp\/v2\/pages\/4043\/revisions"}],"predecessor-version":[{"id":9224,"href":"https:\/\/www.highjump.cz\/cs\/wp-json\/wp\/v2\/pages\/4043\/revisions\/9224"}],"up":[{"embeddable":true,"href":"https:\/\/www.highjump.cz\/cs\/wp-json\/wp\/v2\/pages\/3221"}],"wp:attachment":[{"href":"https:\/\/www.highjump.cz\/cs\/wp-json\/wp\/v2\/media?parent=4043"}],"wp:term":[{"taxonomy":"post_tag","embeddable":true,"href":"https:\/\/www.highjump.cz\/cs\/wp-json\/wp\/v2\/tags?post=4043"}],"curies":[{"name":"wp","href":"https:\/\/api.w.org\/{rel}","templated":true}]}}