{"id":4055,"date":"2017-05-13T12:03:14","date_gmt":"2017-05-13T10:03:14","guid":{"rendered":"http:\/\/www.highjump.cz\/?page_id=4055\/"},"modified":"2018-05-07T15:01:25","modified_gmt":"2018-05-07T13:01:25","slug":"vysledky","status":"publish","type":"page","link":"https:\/\/www.highjump.cz\/cs\/zavody\/budweiser-budvar-highjump-2012\/vysledky\/","title":{"rendered":"V\u00fdsledky"},"content":{"rendered":"<h3 style=\"clear: both;\">Mu\u017ei<\/h3>\n<table style=\"width: 49%; float: left;\">\n<caption>12 m<\/caption>\n<tbody>\n<tr>\n<td>01 ILYA SCHUROV<\/td>\n<\/tr>\n<tr>\n<td>02 CURDIN ROSENEY<\/td>\n<\/tr>\n<tr>\n<td>03 CHRISTIAN GUTH \u201eELVIS\u201c<\/td>\n<\/tr>\n<tr>\n<td>04 JAN HEINZEL<\/td>\n<\/tr>\n<tr>\n<td>05 ANDREAS HULLIGER<\/td>\n<\/tr>\n<tr>\n<td>06 TOM\u00c1\u0160 RYDVAL<\/td>\n<\/tr>\n<tr>\n<td>07 ADAM STUCHL\u00cdK<\/td>\n<\/tr>\n<tr>\n<td>08 CHRISTIAN VON CRANACH<\/td>\n<\/tr>\n<tr>\n<td>09 JAN B\u00cdL\u00dd<\/td>\n<\/tr>\n<tr>\n<td>10 GYLSEDER LUKAS<\/td>\n<\/tr>\n<tr>\n<td>11 PAVEL KLEMENT<\/td>\n<\/tr>\n<tr>\n<td>12 PETER ROSENEY<\/td>\n<\/tr>\n<tr>\n<td>13 THILO BITSCH<\/td>\n<\/tr>\n<tr>\n<td>14 MAXMILIAN KOLTZ<\/td>\n<\/tr>\n<tr>\n<td>15 LUK\u00c1\u0160 KRU\u0164KO<\/td>\n<\/tr>\n<tr>\n<td>16 KAREL PAVLATA<\/td>\n<\/tr>\n<\/tbody>\n<\/table>\n<table style=\"width: 49%; float: left;\">\n<caption>16 m<\/caption>\n<tbody>\n<tr>\n<td>01 CURDIN ROSENEY<\/td>\n<\/tr>\n<tr>\n<td>02 ILYA SCHUROV<\/td>\n<\/tr>\n<tr>\n<td>03 ANDREAS HULLIGER<\/td>\n<\/tr>\n<tr>\n<td>04 JAN HEINZEL<\/td>\n<\/tr>\n<tr>\n<td>05 KAI KIRBS<\/td>\n<\/tr>\n<tr>\n<td>06 CHRISTIAN GUTH \u201eELVIS\u201c<\/td>\n<\/tr>\n<tr>\n<td>07 CHRISTIAN VON CRANACH<\/td>\n<\/tr>\n<tr>\n<td>08 VASILIJ SOSANOV<\/td>\n<\/tr>\n<tr>\n<td>09 RAINHARD RIEDE<\/td>\n<\/tr>\n<tr>\n<td>10 ADAM STUCHL\u00cdK<\/td>\n<\/tr>\n<tr>\n<td>11 TOM\u00c1\u0160 RYDVAL<\/td>\n<\/tr>\n<tr>\n<td>12 JAN B\u00cdL\u00dd<\/td>\n<\/tr>\n<tr>\n<td>13 ALI SAYD<\/td>\n<\/tr>\n<tr>\n<td>14 PATRIC ARENDT<\/td>\n<\/tr>\n<\/tbody>\n<\/table>\n<hr style=\"clear: both;\" \/>\n<h3 style=\"clear: both;\">Houpa\u010dka<\/h3>\n<table style=\"width: 49%; float: left;\">\n<caption>Mu\u017ei<\/caption>\n<tbody>\n<tr>\n<td>01 MICHAL BOLTNAR<\/td>\n<\/tr>\n<tr>\n<td>02 ANDREAS HULLIGER<\/td>\n<\/tr>\n<tr>\n<td>03 CHRISTIAN VON CRANACH<\/td>\n<\/tr>\n<tr>\n<td>04 JAN KOCOUREK<\/td>\n<\/tr>\n<tr>\n<td>05 KAI KIRBS<\/td>\n<\/tr>\n<tr>\n<td>06 VASILIJ SOSANOV<\/td>\n<\/tr>\n<tr>\n<td>07 RAINHARD RIEDE<\/td>\n<\/tr>\n<tr>\n<td>08 CHRISTIAN GUTH \u201eELVIS\u201c<\/td>\n<\/tr>\n<tr>\n<td>09 KEN GRUBER<\/td>\n<\/tr>\n<tr>\n<td>10 JAN HEINZEL<\/td>\n<\/tr>\n<tr>\n<td>11 MICHEL MANNHAUPT \u201eMANI\u201c<\/td>\n<\/tr>\n<tr>\n<td>12 JAN NETOPIL<\/td>\n<\/tr>\n<tr>\n<td>13 KAREL PAVLATA<\/td>\n<\/tr>\n<\/tbody>\n<\/table>\n<hr style=\"clear: both;\" \/>\n<h3 style=\"clear: both;\">\u017deny<\/h3>\n<table style=\"width: 49%; float: left;\">\n<caption>Celkov\u011b<\/caption>\n<tbody>\n<tr>\n<td>01 ANNA BADER<\/td>\n<\/tr>\n<tr>\n<td>02 LUCIE ABSOLONOV\u00c1<\/td>\n<\/tr>\n<tr>\n<td>03 NAT\u00c1LIE JIROUTKOV\u00c1<\/td>\n<\/tr>\n<tr>\n<td>04 PETRA SMOL\u00cdKOV\u00c1 (HOUPA\u010cKA)<\/td>\n<\/tr>\n<tr>\n<td>05 MARTINA MA\u0160KOV\u00c1<\/td>\n<\/tr>\n<\/tbody>\n<\/table>\n<hr style=\"clear: both;\" \/>\n<h3 style=\"clear: both;\">Junio\u0159i<\/h3>\n<table style=\"width: 49%; float: left;\">\n<caption>Celkov\u011b<\/caption>\n<tbody>\n<tr>\n<td>01 JAN SL\u00c1NSK\u00dd (13 LET)<\/td>\n<\/tr>\n<tr>\n<td>02 DENIS VANTUCH (12 LET)<\/td>\n<\/tr>\n<\/tbody>\n<\/table>\n<hr style=\"clear: both;\" \/>\n<h3 style=\"clear: both;\">Amat\u00e9rsk\u00fd z\u00e1vod &#8211; p\u0159edkvalifikace<\/h3>\n<table style=\"width: 49%; float: left;\">\n<caption>P\u00e1tek 3.8.2012<\/caption>\n<tbody>\n<tr>\n<td>01 LUK\u00c1\u0160 KRU\u0164KO<\/td>\n<\/tr>\n<tr>\n<td>02 JAN KOTRCH<\/td>\n<\/tr>\n<tr>\n<td>03 DANIEL SEIDL<\/td>\n<\/tr>\n<\/tbody>\n<\/table>\n<hr style=\"clear: both;\" \/>\n<h3 style=\"clear: both;\">Mistrovstv\u00ed \u010cesk\u00e9 republiky<\/h3>\n<table style=\"width: 49%; float: left;\">\n<caption>Mu\u017ei celkov\u011b<\/caption>\n<tbody>\n<tr>\n<td>01 ADAM STUCHL\u00cdK<\/td>\n<\/tr>\n<tr>\n<td>02 TOM\u00c1\u0160 RYDVAL<\/td>\n<\/tr>\n<tr>\n<td>03 JAN B\u00cdL\u00dd<\/td>\n<\/tr>\n<tr>\n<td>04 KAREL PAVLATA<\/td>\n<\/tr>\n<tr>\n<td>05 PAVEL KLEMENT<\/td>\n<\/tr>\n<tr>\n<td>06 LUK\u00c1\u0160 KRU\u0164KO<\/td>\n<\/tr>\n<tr>\n<td>07 JI\u0158\u00cd \u0160TIVA<\/td>\n<\/tr>\n<\/tbody>\n<\/table>\n<hr style=\"clear: both;\" \/>\n<h3 style=\"clear: both;\">Speci\u00e1ln\u00ed ceny<\/h3>\n<table style=\"width: 49%;\">\n<caption>Nejv\u011bt\u0161\u00ed rozsek\u00e1vka &#8211; Splash<\/caption>\n<tbody>\n<tr>\n<td>01 CHRISTIAN GUTH \u201eELVIS\u201c<\/td>\n<\/tr>\n<\/tbody>\n<\/table>\n<table style=\"width: 49%;\">\n<caption>Pod\u011bkov\u00e1n\u00ed nejstar\u0161\u00edmu \u00fa\u010dastn\u00edkovi<\/caption>\n<tbody>\n<tr>\n<td>01 PETR ROSENEY (64 LET)<\/td>\n<\/tr>\n<\/tbody>\n<\/table>\n<hr style=\"clear: both;\" \/>\n","protected":false},"excerpt":{"rendered":"<p>Mu\u017ei 12 m 01 ILYA SCHUROV 02 CURDIN ROSENEY 03 CHRISTIAN GUTH \u201eELVIS\u201c 04 JAN HEINZEL 05 ANDREAS HULLIGER 06 TOM\u00c1\u0160 RYDVAL 07 ADAM STUCHL\u00cdK 08 CHRISTIAN VON CRANACH 09 JAN B\u00cdL\u00dd 10 GYLSEDER LUKAS 11 PAVEL KLEMENT 12 PETER ROSENEY 13 THILO BITSCH 14 MAXMILIAN KOLTZ 15 LUK\u00c1\u0160 KRU\u0164KO 16 KAREL PAVLATA 16 m&#8230;<\/p>\n","protected":false},"author":2,"featured_media":0,"parent":3223,"menu_order":32,"comment_status":"closed","ping_status":"closed","template":"","meta":{"_acf_changed":false,"footnotes":""},"tags":[],"class_list":["post-4055","page","type-page","status-publish","hentry","main-post"],"acf":[],"jetpack_sharing_enabled":true,"_links":{"self":[{"href":"https:\/\/www.highjump.cz\/cs\/wp-json\/wp\/v2\/pages\/4055","targetHints":{"allow":["GET"]}}],"collection":[{"href":"https:\/\/www.highjump.cz\/cs\/wp-json\/wp\/v2\/pages"}],"about":[{"href":"https:\/\/www.highjump.cz\/cs\/wp-json\/wp\/v2\/types\/page"}],"author":[{"embeddable":true,"href":"https:\/\/www.highjump.cz\/cs\/wp-json\/wp\/v2\/users\/2"}],"replies":[{"embeddable":true,"href":"https:\/\/www.highjump.cz\/cs\/wp-json\/wp\/v2\/comments?post=4055"}],"version-history":[{"count":5,"href":"https:\/\/www.highjump.cz\/cs\/wp-json\/wp\/v2\/pages\/4055\/revisions"}],"predecessor-version":[{"id":9285,"href":"https:\/\/www.highjump.cz\/cs\/wp-json\/wp\/v2\/pages\/4055\/revisions\/9285"}],"up":[{"embeddable":true,"href":"https:\/\/www.highjump.cz\/cs\/wp-json\/wp\/v2\/pages\/3223"}],"wp:attachment":[{"href":"https:\/\/www.highjump.cz\/cs\/wp-json\/wp\/v2\/media?parent=4055"}],"wp:term":[{"taxonomy":"post_tag","embeddable":true,"href":"https:\/\/www.highjump.cz\/cs\/wp-json\/wp\/v2\/tags?post=4055"}],"curies":[{"name":"wp","href":"https:\/\/api.w.org\/{rel}","templated":true}]}}