{"id":4077,"date":"2017-05-13T12:14:17","date_gmt":"2017-05-13T10:14:17","guid":{"rendered":"http:\/\/www.highjump.cz\/?page_id=4077\/"},"modified":"2018-05-07T13:46:41","modified_gmt":"2018-05-07T11:46:41","slug":"vysledky","status":"publish","type":"page","link":"https:\/\/www.highjump.cz\/cs\/zavody\/quix-highjump-2010\/vysledky\/","title":{"rendered":"V\u00fdsledky"},"content":{"rendered":"<h3 style=\"clear: both;\">Mu\u017ei<\/h3>\n<table style=\"width: 49%; float: left;\">\n<caption>12 m<\/caption>\n<tbody>\n<tr>\n<td>01 Felix Hirt<\/td>\n<\/tr>\n<tr>\n<td>02 Christian Guth<\/td>\n<\/tr>\n<tr>\n<td>03 Christian von Cranach<\/td>\n<\/tr>\n<tr>\n<td>04 Andreas Hulliger<\/td>\n<\/tr>\n<tr>\n<td>05 Jimmi Andersen<\/td>\n<\/tr>\n<tr>\n<td>06 Ale\u0161 Karni\u010dnik<\/td>\n<\/tr>\n<tr>\n<td>07 Jan B\u00edl\u00fd<\/td>\n<\/tr>\n<tr>\n<td>08 Jan Von\u010dina<\/td>\n<\/tr>\n<tr>\n<td>09 Jan Kocourek<\/td>\n<\/tr>\n<tr>\n<td>10 Karel Pavlata<\/td>\n<\/tr>\n<\/tbody>\n<\/table>\n<table style=\"width: 49%; float: left;\">\n<caption>16 m<\/caption>\n<tbody>\n<tr>\n<td>01 Andreas Hulliger<\/td>\n<\/tr>\n<tr>\n<td>02 Felix Hirt<\/td>\n<\/tr>\n<tr>\n<td>03 Christian Guth<\/td>\n<\/tr>\n<tr>\n<td>04 Christian von Cranach<\/td>\n<\/tr>\n<tr>\n<td>05 Ale\u0161 Karni\u010dnik<\/td>\n<\/tr>\n<tr>\n<td>06 Jimmi Andersen<\/td>\n<\/tr>\n<tr>\n<td>07 Bastian Losen<\/td>\n<\/tr>\n<tr>\n<td>08 Karel Pavlata<\/td>\n<\/tr>\n<tr>\n<td>09 Jan Kocourek<\/td>\n<\/tr>\n<tr>\n<td>10 Petr Man\u010f\u00e1k<\/td>\n<\/tr>\n<\/tbody>\n<\/table>\n<hr style=\"clear: both;\" \/>\n<h3 style=\"clear: both;\">Houpa\u010dka<\/h3>\n<table style=\"width: 49%; float: left;\">\n<tbody>\n<tr>\n<td>01 Jimmi Andersen<\/td>\n<\/tr>\n<tr>\n<td>02 Felix Hirt<\/td>\n<\/tr>\n<tr>\n<td>03 Andreas Hulliger<\/td>\n<\/tr>\n<tr>\n<td>04 Petr Dufek<\/td>\n<\/tr>\n<tr>\n<td>05 Christian von Cranach<\/td>\n<\/tr>\n<tr>\n<td>06 Christian Guth<\/td>\n<\/tr>\n<tr>\n<td>07 Jan Kocourek<\/td>\n<\/tr>\n<tr>\n<td>08 Alexander Maier<\/td>\n<\/tr>\n<tr>\n<td>09 Mike Girdel<\/td>\n<\/tr>\n<tr>\n<td>10 Luk\u00e1\u0161 Fi\u0161er<\/td>\n<\/tr>\n<\/tbody>\n<\/table>\n<hr style=\"clear: both;\" \/>\n<h3 style=\"clear: both;\">\u017deny<\/h3>\n<table style=\"width: 49%; float: left;\">\n<caption>Celkov\u011b<\/caption>\n<tbody>\n<tr>\n<td>01 Jiroutkov\u00e1 Nat\u00e1lie<\/td>\n<\/tr>\n<tr>\n<td>02 Simona Filipov\u00e1<\/td>\n<\/tr>\n<tr>\n<td>03 Petra Smol\u00edkov\u00e1<\/td>\n<\/tr>\n<\/tbody>\n<\/table>\n<hr style=\"clear: both;\" \/>\n<h3 style=\"clear: both;\">Speci\u00e1ln\u00ed ceny<\/h3>\n<table style=\"width: 49%;\">\n<caption>Junio\u0159i<\/caption>\n<tbody>\n<tr>\n<td>01 Jan Sl\u00e1nsk\u00fd<\/td>\n<\/tr>\n<tr>\n<td>02 Luk\u00e1\u0161 Majer<\/td>\n<\/tr>\n<\/tbody>\n<\/table>\n<table style=\"width: 49%;\">\n<caption>Rozsek\u00e1vka<\/caption>\n<tbody>\n<tr>\n<td>01 Christian Guth<\/td>\n<\/tr>\n<\/tbody>\n<\/table>\n<table style=\"width: 49%;\">\n<caption>Osobnost<\/caption>\n<tbody>\n<tr>\n<td>01 Jimmi Andersen<\/td>\n<\/tr>\n<\/tbody>\n<\/table>\n<hr style=\"clear: both;\" \/>\n","protected":false},"excerpt":{"rendered":"<p>Mu\u017ei 12 m 01 Felix Hirt 02 Christian Guth 03 Christian von Cranach 04 Andreas Hulliger 05 Jimmi Andersen 06 Ale\u0161 Karni\u010dnik 07 Jan B\u00edl\u00fd 08 Jan Von\u010dina 09 Jan Kocourek 10 Karel Pavlata 16 m 01 Andreas Hulliger 02 Felix Hirt 03 Christian Guth 04 Christian von Cranach 05 Ale\u0161 Karni\u010dnik 06 Jimmi Andersen&#8230;<\/p>\n","protected":false},"author":2,"featured_media":0,"parent":3227,"menu_order":32,"comment_status":"closed","ping_status":"closed","template":"","meta":{"_acf_changed":false,"footnotes":""},"tags":[],"class_list":["post-4077","page","type-page","status-publish","hentry","main-post"],"acf":[],"jetpack_sharing_enabled":true,"_links":{"self":[{"href":"https:\/\/www.highjump.cz\/cs\/wp-json\/wp\/v2\/pages\/4077","targetHints":{"allow":["GET"]}}],"collection":[{"href":"https:\/\/www.highjump.cz\/cs\/wp-json\/wp\/v2\/pages"}],"about":[{"href":"https:\/\/www.highjump.cz\/cs\/wp-json\/wp\/v2\/types\/page"}],"author":[{"embeddable":true,"href":"https:\/\/www.highjump.cz\/cs\/wp-json\/wp\/v2\/users\/2"}],"replies":[{"embeddable":true,"href":"https:\/\/www.highjump.cz\/cs\/wp-json\/wp\/v2\/comments?post=4077"}],"version-history":[{"count":2,"href":"https:\/\/www.highjump.cz\/cs\/wp-json\/wp\/v2\/pages\/4077\/revisions"}],"predecessor-version":[{"id":9242,"href":"https:\/\/www.highjump.cz\/cs\/wp-json\/wp\/v2\/pages\/4077\/revisions\/9242"}],"up":[{"embeddable":true,"href":"https:\/\/www.highjump.cz\/cs\/wp-json\/wp\/v2\/pages\/3227"}],"wp:attachment":[{"href":"https:\/\/www.highjump.cz\/cs\/wp-json\/wp\/v2\/media?parent=4077"}],"wp:term":[{"taxonomy":"post_tag","embeddable":true,"href":"https:\/\/www.highjump.cz\/cs\/wp-json\/wp\/v2\/tags?post=4077"}],"curies":[{"name":"wp","href":"https:\/\/api.w.org\/{rel}","templated":true}]}}