{"id":4099,"date":"2017-05-13T12:18:36","date_gmt":"2017-05-13T10:18:36","guid":{"rendered":"http:\/\/www.highjump.cz\/?page_id=4099\/"},"modified":"2018-05-07T14:01:24","modified_gmt":"2018-05-07T12:01:24","slug":"vysledky","status":"publish","type":"page","link":"https:\/\/www.highjump.cz\/cs\/zavody\/xbox360-highjump-2008\/vysledky\/","title":{"rendered":"V\u00fdsledky"},"content":{"rendered":"<h3 style=\"clear: both;\">16m<\/h3>\n<table style=\"width: 49%; float: left;\">\n<caption>Mu\u017ei<\/caption>\n<tbody>\n<tr>\n<td>01 Vostrovsk\u00fd Jirka<\/td>\n<\/tr>\n<tr>\n<td>02 Vitali Ruhl<\/td>\n<\/tr>\n<tr>\n<td>03 Wurst Christian<\/td>\n<\/tr>\n<\/tbody>\n<\/table>\n<table style=\"width: 49%; float: left;\">\n<caption>\u017deny<\/caption>\n<tbody>\n<tr>\n<td>01 Guthov\u00e1 Sandra<\/td>\n<\/tr>\n<tr>\n<td>02 Bader Anna<\/td>\n<\/tr>\n<\/tbody>\n<\/table>\n<hr style=\"clear: both;\" \/>\n<h3 style=\"clear: both;\">12m<\/h3>\n<table style=\"width: 49%; float: left;\">\n<caption>Mu\u017ei<\/caption>\n<tbody>\n<tr>\n<td>01 Hirt Felix<\/td>\n<\/tr>\n<tr>\n<td>02 Wurst Christian<\/td>\n<\/tr>\n<tr>\n<td>03 Rydval Tom\u00e1\u0161<\/td>\n<\/tr>\n<\/tbody>\n<\/table>\n<table style=\"width: 49%; float: left;\">\n<caption>\u017deny<\/caption>\n<tbody>\n<tr>\n<td>01 Bader Anna<\/td>\n<\/tr>\n<tr>\n<td>02 Guthov\u00e1 Sandra<\/td>\n<\/tr>\n<tr>\n<td>03 Alt Alexandra<\/td>\n<\/tr>\n<\/tbody>\n<\/table>\n<hr style=\"clear: both;\" \/>\n<h3 style=\"clear: both;\">Houpa\u010dka<\/h3>\n<table style=\"width: 49%; float: left;\">\n<caption>Mu\u017ei<\/caption>\n<tbody>\n<tr>\n<td>01 Andersen Jimmi<\/td>\n<\/tr>\n<tr>\n<td>02 Guth Christian \u201eElvis\u201c<\/td>\n<\/tr>\n<tr>\n<td>03 Kocourek Jan<\/td>\n<\/tr>\n<tr>\n<td>03 Wenskus Florian<\/td>\n<\/tr>\n<\/tbody>\n<\/table>\n<table style=\"width: 49%; float: left;\">\n<caption>\u017deny<\/caption>\n<tbody>\n<tr>\n<td>01 Bader Anna<\/td>\n<\/tr>\n<tr>\n<td>02 Gunterov\u00e1 Lucie<\/td>\n<\/tr>\n<tr>\n<td>03 Smol\u00edkov\u00e1 Petra<\/td>\n<\/tr>\n<\/tbody>\n<\/table>\n<hr style=\"clear: both;\" \/>\n<h3 style=\"clear: both;\">Speci\u00e1ln\u00ed ceny<\/h3>\n<table style=\"width: 49%;\">\n<caption>Junio\u0159i<\/caption>\n<tbody>\n<tr>\n<td>01 Sl\u00e1nsk\u00fd Jan &#8211; 9let Skok i z 16m !!<\/td>\n<\/tr>\n<tr>\n<td>02 Majer Luk\u00e1\u0161 &#8211; 11let Skok i z 16m !!<\/td>\n<\/tr>\n<\/tbody>\n<\/table>\n<table style=\"width: 49%;\">\n<caption>Nejv\u011bt\u0161\u00ed rozsek\u00e1vka<\/caption>\n<tbody>\n<tr>\n<td>Guth Christian \u201eElvis\u201c<\/td>\n<\/tr>\n<\/tbody>\n<\/table>\n<table style=\"width: 49%;\">\n<caption>Nejstar\u0161\u00ed skokan<\/caption>\n<tbody>\n<tr>\n<td>Kr\u010dka Jan<\/td>\n<\/tr>\n<\/tbody>\n<\/table>\n<hr style=\"clear: both;\" \/>\n","protected":false},"excerpt":{"rendered":"<p>16m Mu\u017ei 01 Vostrovsk\u00fd Jirka 02 Vitali Ruhl 03 Wurst Christian \u017deny 01 Guthov\u00e1 Sandra 02 Bader Anna 12m Mu\u017ei 01 Hirt Felix 02 Wurst Christian 03 Rydval Tom\u00e1\u0161 \u017deny 01 Bader Anna 02 Guthov\u00e1 Sandra 03 Alt Alexandra Houpa\u010dka Mu\u017ei 01 Andersen Jimmi 02 Guth Christian \u201eElvis\u201c 03 Kocourek Jan 03 Wenskus Florian \u017deny&#8230;<\/p>\n","protected":false},"author":2,"featured_media":0,"parent":3231,"menu_order":32,"comment_status":"closed","ping_status":"closed","template":"","meta":{"_acf_changed":false,"footnotes":""},"tags":[],"class_list":["post-4099","page","type-page","status-publish","hentry","main-post"],"acf":[],"jetpack_sharing_enabled":true,"_links":{"self":[{"href":"https:\/\/www.highjump.cz\/cs\/wp-json\/wp\/v2\/pages\/4099","targetHints":{"allow":["GET"]}}],"collection":[{"href":"https:\/\/www.highjump.cz\/cs\/wp-json\/wp\/v2\/pages"}],"about":[{"href":"https:\/\/www.highjump.cz\/cs\/wp-json\/wp\/v2\/types\/page"}],"author":[{"embeddable":true,"href":"https:\/\/www.highjump.cz\/cs\/wp-json\/wp\/v2\/users\/2"}],"replies":[{"embeddable":true,"href":"https:\/\/www.highjump.cz\/cs\/wp-json\/wp\/v2\/comments?post=4099"}],"version-history":[{"count":2,"href":"https:\/\/www.highjump.cz\/cs\/wp-json\/wp\/v2\/pages\/4099\/revisions"}],"predecessor-version":[{"id":9244,"href":"https:\/\/www.highjump.cz\/cs\/wp-json\/wp\/v2\/pages\/4099\/revisions\/9244"}],"up":[{"embeddable":true,"href":"https:\/\/www.highjump.cz\/cs\/wp-json\/wp\/v2\/pages\/3231"}],"wp:attachment":[{"href":"https:\/\/www.highjump.cz\/cs\/wp-json\/wp\/v2\/media?parent=4099"}],"wp:term":[{"taxonomy":"post_tag","embeddable":true,"href":"https:\/\/www.highjump.cz\/cs\/wp-json\/wp\/v2\/tags?post=4099"}],"curies":[{"name":"wp","href":"https:\/\/api.w.org\/{rel}","templated":true}]}}