{"id":4109,"date":"2017-05-13T12:20:33","date_gmt":"2017-05-13T10:20:33","guid":{"rendered":"http:\/\/www.highjump.cz\/?page_id=4109\/"},"modified":"2018-05-07T14:04:50","modified_gmt":"2018-05-07T12:04:50","slug":"vysledky","status":"publish","type":"page","link":"https:\/\/www.highjump.cz\/cs\/zavody\/timeout-highjump-2007\/vysledky\/","title":{"rendered":"V\u00fdsledky"},"content":{"rendered":"<h3 style=\"clear: both;\">16m<\/h3>\n<table style=\"width: 49%; float: left;\">\n<caption>Mu\u017ei<\/caption>\n<tbody>\n<tr>\n<td>01 Navr\u00e1til Michal<\/td>\n<\/tr>\n<tr>\n<td>02 Vostrovsk\u00fd Jirka<\/td>\n<\/tr>\n<tr>\n<td>03 Andersen Jimmi<\/td>\n<\/tr>\n<tr>\n<td>04 Wurst Christian<\/td>\n<\/tr>\n<tr>\n<td>05 Rydval Tom\u00e1\u0161<\/td>\n<\/tr>\n<tr>\n<td>06 Kru\u0165ko Luk\u00e1\u0161<\/td>\n<\/tr>\n<tr>\n<td>07 Petr Ma\u0148d\u00e1k<\/td>\n<\/tr>\n<tr>\n<td>08 Schuller Robert<\/td>\n<\/tr>\n<tr>\n<td>09 \u0160roll Marek<\/td>\n<\/tr>\n<tr>\n<td>10 Kolisko L\u00e1\u010fa<\/td>\n<\/tr>\n<\/tbody>\n<\/table>\n<table style=\"width: 49%; float: left;\">\n<caption>\u017deny<\/caption>\n<tbody>\n<tr>\n<td>01 Absolonov\u00e1 Lucie<\/td>\n<\/tr>\n<tr>\n<td>02 Bader Anna<\/td>\n<\/tr>\n<tr>\n<td>03 Guthov\u00e1 Sandra<\/td>\n<\/tr>\n<tr>\n<td>04 Ma\u0161kov\u00e1 Martina<\/td>\n<\/tr>\n<\/tbody>\n<\/table>\n<hr style=\"clear: both;\" \/>\n<h3 style=\"clear: both;\">12m<\/h3>\n<table style=\"width: 49%; float: left;\">\n<caption>Mu\u017ei<\/caption>\n<tbody>\n<tr>\n<td>01 Navr\u00e1til Michal<\/td>\n<\/tr>\n<tr>\n<td>02 Wurst Christian<\/td>\n<\/tr>\n<tr>\n<td>03 Andersen Jimmy<\/td>\n<\/tr>\n<tr>\n<td>04 Vostrovsk\u00fd Jirka<\/td>\n<\/tr>\n<tr>\n<td>05 Rydval Tom\u00e1\u0161<\/td>\n<\/tr>\n<tr>\n<td>06 Kru\u0165ko Luk\u00e1\u0161<\/td>\n<\/tr>\n<tr>\n<td>07 \u0160roll Marek<\/td>\n<\/tr>\n<\/tbody>\n<\/table>\n<table style=\"width: 49%; float: left;\">\n<caption>\u017deny<\/caption>\n<tbody>\n<tr>\n<td>01 Bader Anna<\/td>\n<\/tr>\n<tr>\n<td>02 Absolonov\u00e1 Lucie<\/td>\n<\/tr>\n<tr>\n<td>03 Guthov\u00e1 Sandra<\/td>\n<\/tr>\n<tr>\n<td>04 Alt Alex<\/td>\n<\/tr>\n<tr>\n<td>05 Ma\u0161kov\u00e1 Martina<\/td>\n<\/tr>\n<tr>\n<td>06 Filipov\u00e1 Simona<\/td>\n<\/tr>\n<\/tbody>\n<\/table>\n<hr style=\"clear: both;\" \/>\n<h3 style=\"clear: both;\">Houpa\u010dka<\/h3>\n<table style=\"width: 49%; float: left;\">\n<caption>Mu\u017ei<\/caption>\n<tbody>\n<tr>\n<td>01 Vostrovsk\u00fd Jirka<\/td>\n<\/tr>\n<tr>\n<td>02 Navr\u00e1til Michal<\/td>\n<\/tr>\n<tr>\n<td>03 Andersen Jimmi<\/td>\n<\/tr>\n<tr>\n<td>04 Kru\u0165ko Luk\u00e1\u0161<\/td>\n<\/tr>\n<tr>\n<td>05 Man\u010f\u00e1k Petr<\/td>\n<\/tr>\n<tr>\n<td>06 \u0160oh\u00e9s Maty\u00e1\u0161<\/td>\n<\/tr>\n<tr>\n<td>07 Schuller Robert<\/td>\n<\/tr>\n<\/tbody>\n<\/table>\n<table style=\"width: 49%; float: left;\">\n<caption>\u017deny<\/caption>\n<tbody>\n<tr>\n<td>01 Smol\u00edkov\u00e1 Petra<\/td>\n<\/tr>\n<tr>\n<td>02 Bader Anna<\/td>\n<\/tr>\n<\/tbody>\n<\/table>\n<hr style=\"clear: both;\" \/>\n<h3 style=\"clear: both;\">Speci\u00e1ln\u00ed ceny<\/h3>\n<table style=\"width: 49%;\">\n<caption>Junior<\/caption>\n<tbody>\n<tr>\n<td>01 Sl\u00e1nsk\u00fd Jan &#8211; 8let Skok i z 16m !!<\/td>\n<\/tr>\n<\/tbody>\n<\/table>\n<hr style=\"clear: both;\" \/>\n","protected":false},"excerpt":{"rendered":"<p>16m Mu\u017ei 01 Navr\u00e1til Michal 02 Vostrovsk\u00fd Jirka 03 Andersen Jimmi 04 Wurst Christian 05 Rydval Tom\u00e1\u0161 06 Kru\u0165ko Luk\u00e1\u0161 07 Petr Ma\u0148d\u00e1k 08 Schuller Robert 09 \u0160roll Marek 10 Kolisko L\u00e1\u010fa \u017deny 01 Absolonov\u00e1 Lucie 02 Bader Anna 03 Guthov\u00e1 Sandra 04 Ma\u0161kov\u00e1 Martina 12m Mu\u017ei 01 Navr\u00e1til Michal 02 Wurst Christian 03 Andersen&#8230;<\/p>\n","protected":false},"author":2,"featured_media":0,"parent":3233,"menu_order":32,"comment_status":"closed","ping_status":"closed","template":"","meta":{"_acf_changed":false,"footnotes":""},"tags":[],"class_list":["post-4109","page","type-page","status-publish","hentry","main-post"],"acf":[],"jetpack_sharing_enabled":true,"_links":{"self":[{"href":"https:\/\/www.highjump.cz\/cs\/wp-json\/wp\/v2\/pages\/4109","targetHints":{"allow":["GET"]}}],"collection":[{"href":"https:\/\/www.highjump.cz\/cs\/wp-json\/wp\/v2\/pages"}],"about":[{"href":"https:\/\/www.highjump.cz\/cs\/wp-json\/wp\/v2\/types\/page"}],"author":[{"embeddable":true,"href":"https:\/\/www.highjump.cz\/cs\/wp-json\/wp\/v2\/users\/2"}],"replies":[{"embeddable":true,"href":"https:\/\/www.highjump.cz\/cs\/wp-json\/wp\/v2\/comments?post=4109"}],"version-history":[{"count":2,"href":"https:\/\/www.highjump.cz\/cs\/wp-json\/wp\/v2\/pages\/4109\/revisions"}],"predecessor-version":[{"id":9245,"href":"https:\/\/www.highjump.cz\/cs\/wp-json\/wp\/v2\/pages\/4109\/revisions\/9245"}],"up":[{"embeddable":true,"href":"https:\/\/www.highjump.cz\/cs\/wp-json\/wp\/v2\/pages\/3233"}],"wp:attachment":[{"href":"https:\/\/www.highjump.cz\/cs\/wp-json\/wp\/v2\/media?parent=4109"}],"wp:term":[{"taxonomy":"post_tag","embeddable":true,"href":"https:\/\/www.highjump.cz\/cs\/wp-json\/wp\/v2\/tags?post=4109"}],"curies":[{"name":"wp","href":"https:\/\/api.w.org\/{rel}","templated":true}]}}