{"id":4129,"date":"2017-05-13T12:24:15","date_gmt":"2017-05-13T10:24:15","guid":{"rendered":"http:\/\/www.highjump.cz\/?page_id=4129\/"},"modified":"2018-05-07T14:13:57","modified_gmt":"2018-05-07T12:13:57","slug":"vysledky","status":"publish","type":"page","link":"https:\/\/www.highjump.cz\/cs\/zavody\/timeout-highjump-2005\/vysledky\/","title":{"rendered":"V\u00fdsledky"},"content":{"rendered":"<h3 style=\"clear: both;\">Mu\u017ei<\/h3>\n<table style=\"width: 49%; float: left;\">\n<caption>12 m<\/caption>\n<tbody>\n<tr>\n<td>01 Christian Wurst<\/td>\n<\/tr>\n<tr>\n<td>02 Andersen Jimmi<\/td>\n<\/tr>\n<tr>\n<td>03 Bull-Berg Gunnar<\/td>\n<\/tr>\n<tr>\n<td>04 Navr\u00e1til Michal<\/td>\n<\/tr>\n<tr>\n<td>05 Vostrovsk\u00fd Ji\u0159\u00ed<\/td>\n<\/tr>\n<tr>\n<td>06 Emanvelsen Peter<\/td>\n<\/tr>\n<tr>\n<td>07 Pal\u00edk Vojt\u011bch<\/td>\n<\/tr>\n<tr>\n<td>08 Man\u010f\u00e1k Petr<\/td>\n<\/tr>\n<tr>\n<td>09 Stan\u00edk Jan<\/td>\n<\/tr>\n<tr>\n<td>10 Schuller Robert<\/td>\n<\/tr>\n<tr>\n<td>11 Kotrba Tom\u00e1\u0161<\/td>\n<\/tr>\n<\/tbody>\n<\/table>\n<table style=\"width: 49%; float: left;\">\n<caption>16 m<\/caption>\n<tbody>\n<tr>\n<td>01 Navr\u00e1til Michal<\/td>\n<\/tr>\n<tr>\n<td>02 Bull-Berg Gunnar<\/td>\n<\/tr>\n<tr>\n<td>03 Vostrovsk\u00fd Ji\u0159\u00ed<\/td>\n<\/tr>\n<tr>\n<td>04 Christian Wurst<\/td>\n<\/tr>\n<tr>\n<td>05 Andersen Jimmi<\/td>\n<\/tr>\n<tr>\n<td>06 Man\u010f\u00e1k Petr<\/td>\n<\/tr>\n<tr>\n<td>07 Oliver Vedder<\/td>\n<\/tr>\n<tr>\n<td>08 Schuller Robert<\/td>\n<\/tr>\n<tr>\n<td>09 Stan\u00edk Jan<\/td>\n<\/tr>\n<\/tbody>\n<\/table>\n<hr style=\"clear: both;\" \/>\n<h3 style=\"clear: both;\">Houpa\u010dka<\/h3>\n<table style=\"width: 49%; float: left;\">\n<tbody>\n<tr>\n<td>01 Emanuelsen Peter<\/td>\n<\/tr>\n<tr>\n<td>02 Navr\u00e1til Michal<\/td>\n<\/tr>\n<tr>\n<td>03 Vostrovsk\u00fd Ji\u0159\u00ed<\/td>\n<\/tr>\n<tr>\n<td>04 Andersen Jimmi<\/td>\n<\/tr>\n<tr>\n<td>05 Bull-Berg Gunnar<\/td>\n<\/tr>\n<tr>\n<td>06 Man\u010f\u00e1k Petr<\/td>\n<\/tr>\n<tr>\n<td>07 Kocourek Jan<\/td>\n<\/tr>\n<tr>\n<td>08 Androlov Jaroslav<\/td>\n<\/tr>\n<tr>\n<td>09 Stan\u00edk Jan<\/td>\n<\/tr>\n<tr>\n<td>10 Schuller Robert<\/td>\n<\/tr>\n<tr>\n<td>11 Zdrubeck\u00fd Jan<\/td>\n<\/tr>\n<tr>\n<td>12 Pal\u00edk Vojt\u011bch<\/td>\n<\/tr>\n<\/tbody>\n<\/table>\n<hr style=\"clear: both;\" \/>\n<h3 style=\"clear: both;\">\u017deny<\/h3>\n<table style=\"width: 49%; float: left;\">\n<caption>Celkov\u011b<\/caption>\n<tbody>\n<tr>\n<td>01 Absolonov\u00e1 Lucie<\/td>\n<\/tr>\n<tr>\n<td>02 Ma\u0161kov\u00e1 Martina<\/td>\n<\/tr>\n<\/tbody>\n<\/table>\n<hr style=\"clear: both;\" \/>\n","protected":false},"excerpt":{"rendered":"<p>Mu\u017ei 12 m 01 Christian Wurst 02 Andersen Jimmi 03 Bull-Berg Gunnar 04 Navr\u00e1til Michal 05 Vostrovsk\u00fd Ji\u0159\u00ed 06 Emanvelsen Peter 07 Pal\u00edk Vojt\u011bch 08 Man\u010f\u00e1k Petr 09 Stan\u00edk Jan 10 Schuller Robert 11 Kotrba Tom\u00e1\u0161 16 m 01 Navr\u00e1til Michal 02 Bull-Berg Gunnar 03 Vostrovsk\u00fd Ji\u0159\u00ed 04 Christian Wurst 05 Andersen Jimmi 06 Man\u010f\u00e1k&#8230;<\/p>\n","protected":false},"author":2,"featured_media":0,"parent":3237,"menu_order":32,"comment_status":"closed","ping_status":"closed","template":"","meta":{"_acf_changed":false,"footnotes":""},"tags":[],"class_list":["post-4129","page","type-page","status-publish","hentry","main-post"],"acf":[],"jetpack_sharing_enabled":true,"_links":{"self":[{"href":"https:\/\/www.highjump.cz\/cs\/wp-json\/wp\/v2\/pages\/4129","targetHints":{"allow":["GET"]}}],"collection":[{"href":"https:\/\/www.highjump.cz\/cs\/wp-json\/wp\/v2\/pages"}],"about":[{"href":"https:\/\/www.highjump.cz\/cs\/wp-json\/wp\/v2\/types\/page"}],"author":[{"embeddable":true,"href":"https:\/\/www.highjump.cz\/cs\/wp-json\/wp\/v2\/users\/2"}],"replies":[{"embeddable":true,"href":"https:\/\/www.highjump.cz\/cs\/wp-json\/wp\/v2\/comments?post=4129"}],"version-history":[{"count":2,"href":"https:\/\/www.highjump.cz\/cs\/wp-json\/wp\/v2\/pages\/4129\/revisions"}],"predecessor-version":[{"id":9247,"href":"https:\/\/www.highjump.cz\/cs\/wp-json\/wp\/v2\/pages\/4129\/revisions\/9247"}],"up":[{"embeddable":true,"href":"https:\/\/www.highjump.cz\/cs\/wp-json\/wp\/v2\/pages\/3237"}],"wp:attachment":[{"href":"https:\/\/www.highjump.cz\/cs\/wp-json\/wp\/v2\/media?parent=4129"}],"wp:term":[{"taxonomy":"post_tag","embeddable":true,"href":"https:\/\/www.highjump.cz\/cs\/wp-json\/wp\/v2\/tags?post=4129"}],"curies":[{"name":"wp","href":"https:\/\/api.w.org\/{rel}","templated":true}]}}