{"id":4143,"date":"2017-05-13T12:26:48","date_gmt":"2017-05-13T10:26:48","guid":{"rendered":"http:\/\/www.highjump.cz\/?page_id=4143\/"},"modified":"2018-05-07T14:18:08","modified_gmt":"2018-05-07T12:18:08","slug":"vysledky","status":"publish","type":"page","link":"https:\/\/www.highjump.cz\/cs\/zavody\/redbull-highjump-2003\/vysledky\/","title":{"rendered":"V\u00fdsledky"},"content":{"rendered":"<h3 style=\"clear: both;\">Mu\u017ei<\/h3>\n<table style=\"width: 49%; float: left;\">\n<caption>10 m<\/caption>\n<tbody>\n<tr>\n<td>01 Navr\u00e1til Tom\u00e1\u0161<\/td>\n<\/tr>\n<tr>\n<td>02 Vostrovsk\u00fd Ji\u0159\u00ed<\/td>\n<\/tr>\n<tr>\n<td>03 Navr\u00e1til Michal<\/td>\n<\/tr>\n<\/tbody>\n<\/table>\n<table style=\"width: 49%; float: left;\">\n<caption>15 m<\/caption>\n<tbody>\n<tr>\n<td>01 Navr\u00e1til Tom\u00e1\u0161<\/td>\n<\/tr>\n<tr>\n<td>02 Navr\u00e1til Michal<\/td>\n<\/tr>\n<tr>\n<td>03 Vostrovsk\u00fd Ji\u0159\u00ed<\/td>\n<\/tr>\n<\/tbody>\n<\/table>\n<hr style=\"clear: both;\" \/>\n<h3 style=\"clear: both;\">Houpa\u010dka<\/h3>\n<table style=\"width: 49%; float: left;\">\n<tbody>\n<tr>\n<td>01 Navr\u00e1til Tom\u00e1\u0161<\/td>\n<\/tr>\n<tr>\n<td>02 Vostrovsk\u00fd Ji\u0159\u00ed<\/td>\n<\/tr>\n<tr>\n<td>03 Navr\u00e1til Michal<\/td>\n<\/tr>\n<\/tbody>\n<\/table>\n<hr style=\"clear: both;\" \/>\n<h3 style=\"clear: both;\">\u017deny<\/h3>\n<table style=\"width: 49%; float: left;\">\n<caption>Celkov\u011b<\/caption>\n<tbody>\n<tr>\n<td>01 Absolonov\u00e1 Lucie<\/td>\n<\/tr>\n<tr>\n<td>02 Ma\u0161kov\u00e1 Martina<\/td>\n<\/tr>\n<tr>\n<td>03 Ha\u0161kov\u00e1 Irena<\/td>\n<\/tr>\n<\/tbody>\n<\/table>\n<hr style=\"clear: both;\" \/>\n<h3 style=\"clear: both;\">Speci\u00e1ln\u00ed ceny<\/h3>\n<table style=\"width: 49%; float: left;\">\n<caption>Junio\u0159i<\/caption>\n<tbody>\n<tr>\n<td>01 Kocourek Jan<\/td>\n<\/tr>\n<tr>\n<td>02 Posp\u00ed\u0161il David<\/td>\n<\/tr>\n<\/tbody>\n<\/table>\n<hr style=\"clear: both;\" \/>\n","protected":false},"excerpt":{"rendered":"<p>Mu\u017ei 10 m 01 Navr\u00e1til Tom\u00e1\u0161 02 Vostrovsk\u00fd Ji\u0159\u00ed 03 Navr\u00e1til Michal 15 m 01 Navr\u00e1til Tom\u00e1\u0161 02 Navr\u00e1til Michal 03 Vostrovsk\u00fd Ji\u0159\u00ed Houpa\u010dka 01 Navr\u00e1til Tom\u00e1\u0161 02 Vostrovsk\u00fd Ji\u0159\u00ed 03 Navr\u00e1til Michal \u017deny Celkov\u011b 01 Absolonov\u00e1 Lucie 02 Ma\u0161kov\u00e1 Martina 03 Ha\u0161kov\u00e1 Irena Speci\u00e1ln\u00ed ceny Junio\u0159i 01 Kocourek Jan 02 Posp\u00ed\u0161il David<\/p>\n","protected":false},"author":2,"featured_media":0,"parent":3241,"menu_order":32,"comment_status":"closed","ping_status":"closed","template":"","meta":{"_acf_changed":false,"footnotes":""},"tags":[],"class_list":["post-4143","page","type-page","status-publish","hentry","main-post"],"acf":[],"jetpack_sharing_enabled":true,"_links":{"self":[{"href":"https:\/\/www.highjump.cz\/cs\/wp-json\/wp\/v2\/pages\/4143","targetHints":{"allow":["GET"]}}],"collection":[{"href":"https:\/\/www.highjump.cz\/cs\/wp-json\/wp\/v2\/pages"}],"about":[{"href":"https:\/\/www.highjump.cz\/cs\/wp-json\/wp\/v2\/types\/page"}],"author":[{"embeddable":true,"href":"https:\/\/www.highjump.cz\/cs\/wp-json\/wp\/v2\/users\/2"}],"replies":[{"embeddable":true,"href":"https:\/\/www.highjump.cz\/cs\/wp-json\/wp\/v2\/comments?post=4143"}],"version-history":[{"count":2,"href":"https:\/\/www.highjump.cz\/cs\/wp-json\/wp\/v2\/pages\/4143\/revisions"}],"predecessor-version":[{"id":9249,"href":"https:\/\/www.highjump.cz\/cs\/wp-json\/wp\/v2\/pages\/4143\/revisions\/9249"}],"up":[{"embeddable":true,"href":"https:\/\/www.highjump.cz\/cs\/wp-json\/wp\/v2\/pages\/3241"}],"wp:attachment":[{"href":"https:\/\/www.highjump.cz\/cs\/wp-json\/wp\/v2\/media?parent=4143"}],"wp:term":[{"taxonomy":"post_tag","embeddable":true,"href":"https:\/\/www.highjump.cz\/cs\/wp-json\/wp\/v2\/tags?post=4143"}],"curies":[{"name":"wp","href":"https:\/\/api.w.org\/{rel}","templated":true}]}}