{"id":4166,"date":"2000-08-14T12:31:10","date_gmt":"2000-08-14T10:31:10","guid":{"rendered":"http:\/\/www.highjump.cz\/?page_id=4166\/"},"modified":"2018-05-04T13:33:57","modified_gmt":"2018-05-04T11:33:57","slug":"vysledky","status":"publish","type":"page","link":"https:\/\/www.highjump.cz\/cs\/zavody\/highjump-2000\/vysledky\/","title":{"rendered":"V\u00fdsledky"},"content":{"rendered":"<h3 style=\"clear: both;\">12m<\/h3>\n<table style=\"width: 49%; float: left;\">\n<caption>Mu\u017ei<\/caption>\n<tbody>\n<tr>\n<td>01 Janu\u0161ka Tom\u00e1\u0161<\/td>\n<\/tr>\n<tr>\n<td>02 Horv\u00e1t David<\/td>\n<\/tr>\n<tr>\n<td>03 Kaprh\u00e1l Ale\u0161<\/td>\n<\/tr>\n<tr>\n<td>04 Ku\u010dera Tom\u00e1\u0161<\/td>\n<\/tr>\n<\/tbody>\n<\/table>\n<table style=\"width: 49%; float: left;\">\n<caption>\u017deny<\/caption>\n<tbody>\n<tr>\n<td>01 Ma\u0161kov\u00e1 Martina<\/td>\n<\/tr>\n<\/tbody>\n<\/table>\n<hr style=\"clear: both;\" \/>\n","protected":false},"excerpt":{"rendered":"<p>12m Mu\u017ei 01 Janu\u0161ka Tom\u00e1\u0161 02 Horv\u00e1t David 03 Kaprh\u00e1l Ale\u0161 04 Ku\u010dera Tom\u00e1\u0161 \u017deny 01 Ma\u0161kov\u00e1 Martina<\/p>\n","protected":false},"author":2,"featured_media":0,"parent":3247,"menu_order":32,"comment_status":"closed","ping_status":"closed","template":"","meta":{"_acf_changed":false,"footnotes":""},"tags":[],"class_list":["post-4166","page","type-page","status-publish","hentry","main-post"],"acf":[],"jetpack_sharing_enabled":true,"_links":{"self":[{"href":"https:\/\/www.highjump.cz\/cs\/wp-json\/wp\/v2\/pages\/4166","targetHints":{"allow":["GET"]}}],"collection":[{"href":"https:\/\/www.highjump.cz\/cs\/wp-json\/wp\/v2\/pages"}],"about":[{"href":"https:\/\/www.highjump.cz\/cs\/wp-json\/wp\/v2\/types\/page"}],"author":[{"embeddable":true,"href":"https:\/\/www.highjump.cz\/cs\/wp-json\/wp\/v2\/users\/2"}],"replies":[{"embeddable":true,"href":"https:\/\/www.highjump.cz\/cs\/wp-json\/wp\/v2\/comments?post=4166"}],"version-history":[{"count":6,"href":"https:\/\/www.highjump.cz\/cs\/wp-json\/wp\/v2\/pages\/4166\/revisions"}],"predecessor-version":[{"id":9236,"href":"https:\/\/www.highjump.cz\/cs\/wp-json\/wp\/v2\/pages\/4166\/revisions\/9236"}],"up":[{"embeddable":true,"href":"https:\/\/www.highjump.cz\/cs\/wp-json\/wp\/v2\/pages\/3247"}],"wp:attachment":[{"href":"https:\/\/www.highjump.cz\/cs\/wp-json\/wp\/v2\/media?parent=4166"}],"wp:term":[{"taxonomy":"post_tag","embeddable":true,"href":"https:\/\/www.highjump.cz\/cs\/wp-json\/wp\/v2\/tags?post=4166"}],"curies":[{"name":"wp","href":"https:\/\/api.w.org\/{rel}","templated":true}]}}