{"id":8249,"date":"2017-07-28T09:42:41","date_gmt":"2017-07-28T07:42:41","guid":{"rendered":"http:\/\/www.highjump.cz\/?page_id=8249\/"},"modified":"2017-07-28T19:25:04","modified_gmt":"2017-07-28T17:25:04","slug":"tricka-highjump","status":"publish","type":"page","link":"https:\/\/www.highjump.cz\/cs\/zavody\/desperados-highjump-2017\/tricka-highjump\/","title":{"rendered":"Tri\u010dka HIGHJUMP"},"content":{"rendered":"<p><strong>Desperados HIGHJUMP 2017 tri\u010dka &#8211; Represent<\/strong><\/p>\n<p>Limitovan\u00e1 edice kvalitn\u00edch p\u00e1nsk\u00fdch i d\u00e1msk\u00fdch tri\u010dek<br \/>\nod zna\u010dky Represent, s logem HIGHJUMP:<\/p>\n<ul>\n<li>Tri\u010dka 100% bavlna<\/li>\n<li>T\u00edlka 100% polyester<\/li>\n<li>Vy\u0161\u0161\u00ed gram\u00e1\u017e<\/li>\n<li>Padnouc\u00ed st\u0159ih<\/li>\n<\/ul>\n<p><strong>Chce\u0161 dorazit na Desperados HIGHJUMP v nov\u00e9m tri\u010dku?<\/strong><br \/>\n<strong> &#8222;NO PROBLEM!&#8220; Koup\u00ed\u0161 na REPRESHOP.EU!<\/strong><br \/>\n<span style=\"font-size: 14pt;\"><a href=\"http:\/\/www.represhop.eu\/oficialni-tricka-high-jump\/\" target=\"_blank\" rel=\"noopener noreferrer\">www.represhop.eu\/oficialni-tricka-high-jump<\/a><\/span><\/p>\n<p><span class=\"_3oh- _58nk\">v Praze jsou tri\u010dka naskladn\u011bn\u00e1 na Shopu, tam je i ozkou\u0161\u00ed\u0161: <strong><em>RepreShop -&gt; \u0158eznick\u00e1 \u0158eznick\u00e1 20, Praha 1, 110 00<\/em><\/strong><\/span><\/p>\n<div class=\"tiled-gallery type-rectangular tiled-gallery-unresized\" data-original-width=\"850\" data-carousel-extra='{&quot;blog_id&quot;:1,&quot;permalink&quot;:&quot;https:\\\/\\\/www.highjump.cz\\\/cs\\\/zavody\\\/desperados-highjump-2017\\\/tricka-highjump\\\/&quot;,&quot;likes_blog_id&quot;:216591899}' itemscope itemtype=\"http:\/\/schema.org\/ImageGallery\" > <div class=\"gallery-row\" style=\"width: 850px; height: 317px;\" data-original-width=\"850\" data-original-height=\"317\" > <div class=\"gallery-group images-1\" style=\"width: 213px; height: 317px;\" data-original-width=\"213\" data-original-height=\"317\" > <div class=\"tiled-gallery-item tiled-gallery-item-small\" itemprop=\"associatedMedia\" itemscope itemtype=\"http:\/\/schema.org\/ImageObject\"> <a href=\"https:\/\/i0.wp.com\/www.highjump.cz\/wp-content\/uploads\/2017\/07\/R7W-TOP-0601.jpg?ssl=1\" border=\"0\" itemprop=\"url\"> <meta itemprop=\"width\" content=\"209\"> <meta itemprop=\"height\" content=\"313\"> <img decoding=\"async\" class=\"\" data-attachment-id=\"8609\" data-orig-file=\"https:\/\/www.highjump.cz\/wp-content\/uploads\/2017\/07\/R7W-TOP-0601.jpg\" data-orig-size=\"470,705\" data-comments-opened=\"\" data-image-meta=\"{&quot;aperture&quot;:&quot;0&quot;,&quot;credit&quot;:&quot;&quot;,&quot;camera&quot;:&quot;&quot;,&quot;caption&quot;:&quot;&quot;,&quot;created_timestamp&quot;:&quot;0&quot;,&quot;copyright&quot;:&quot;&quot;,&quot;focal_length&quot;:&quot;0&quot;,&quot;iso&quot;:&quot;0&quot;,&quot;shutter_speed&quot;:&quot;0&quot;,&quot;title&quot;:&quot;&quot;,&quot;orientation&quot;:&quot;0&quot;}\" data-image-title=\"R7W-TOP-0601\" data-image-description=\"\" data-medium-file=\"https:\/\/www.highjump.cz\/wp-content\/uploads\/2017\/07\/R7W-TOP-0601-200x300.jpg\" data-large-file=\"https:\/\/www.highjump.cz\/wp-content\/uploads\/2017\/07\/R7W-TOP-0601.jpg\" src=\"https:\/\/i0.wp.com\/www.highjump.cz\/wp-content\/uploads\/2017\/07\/R7W-TOP-0601.jpg?w=209&#038;h=313&#038;ssl=1\" srcset=\"https:\/\/www.highjump.cz\/wp-content\/uploads\/2017\/07\/R7W-TOP-0601.jpg 470w, https:\/\/www.highjump.cz\/wp-content\/uploads\/2017\/07\/R7W-TOP-0601-200x300.jpg 200w\" width=\"209\" height=\"313\" loading=\"lazy\" data-original-width=\"209\" data-original-height=\"313\" itemprop=\"http:\/\/schema.org\/image\" title=\"R7W-TOP-0601\" alt=\"R7W-TOP-0601\" style=\"width: 209px; height: 313px;\" \/> <\/a> <\/div> <\/div> <!-- close group --> <div class=\"gallery-group images-1\" style=\"width: 213px; height: 317px;\" data-original-width=\"213\" data-original-height=\"317\" > <div class=\"tiled-gallery-item tiled-gallery-item-small\" itemprop=\"associatedMedia\" itemscope itemtype=\"http:\/\/schema.org\/ImageObject\"> <a href=\"https:\/\/i0.wp.com\/www.highjump.cz\/wp-content\/uploads\/2017\/07\/R7W-TOP-0601_1.jpg?ssl=1\" border=\"0\" itemprop=\"url\"> <meta itemprop=\"width\" content=\"209\"> <meta itemprop=\"height\" content=\"313\"> <img decoding=\"async\" class=\"\" data-attachment-id=\"8610\" data-orig-file=\"https:\/\/www.highjump.cz\/wp-content\/uploads\/2017\/07\/R7W-TOP-0601_1.jpg\" data-orig-size=\"650,975\" data-comments-opened=\"\" data-image-meta=\"{&quot;aperture&quot;:&quot;0&quot;,&quot;credit&quot;:&quot;&quot;,&quot;camera&quot;:&quot;&quot;,&quot;caption&quot;:&quot;&quot;,&quot;created_timestamp&quot;:&quot;0&quot;,&quot;copyright&quot;:&quot;&quot;,&quot;focal_length&quot;:&quot;0&quot;,&quot;iso&quot;:&quot;0&quot;,&quot;shutter_speed&quot;:&quot;0&quot;,&quot;title&quot;:&quot;&quot;,&quot;orientation&quot;:&quot;0&quot;}\" data-image-title=\"R7W-TOP-0601_1\" data-image-description=\"\" data-medium-file=\"https:\/\/www.highjump.cz\/wp-content\/uploads\/2017\/07\/R7W-TOP-0601_1-200x300.jpg\" data-large-file=\"https:\/\/www.highjump.cz\/wp-content\/uploads\/2017\/07\/R7W-TOP-0601_1.jpg\" src=\"https:\/\/i0.wp.com\/www.highjump.cz\/wp-content\/uploads\/2017\/07\/R7W-TOP-0601_1.jpg?w=209&#038;h=313&#038;ssl=1\" srcset=\"https:\/\/www.highjump.cz\/wp-content\/uploads\/2017\/07\/R7W-TOP-0601_1.jpg 650w, https:\/\/www.highjump.cz\/wp-content\/uploads\/2017\/07\/R7W-TOP-0601_1-200x300.jpg 200w\" width=\"209\" height=\"313\" loading=\"lazy\" data-original-width=\"209\" data-original-height=\"313\" itemprop=\"http:\/\/schema.org\/image\" title=\"R7W-TOP-0601_1\" alt=\"R7W-TOP-0601_1\" style=\"width: 209px; height: 313px;\" \/> <\/a> <\/div> <\/div> <!-- close group --> <div class=\"gallery-group images-1\" style=\"width: 212px; height: 317px;\" data-original-width=\"212\" data-original-height=\"317\" > <div class=\"tiled-gallery-item tiled-gallery-item-small\" itemprop=\"associatedMedia\" itemscope itemtype=\"http:\/\/schema.org\/ImageObject\"> <a href=\"https:\/\/i0.wp.com\/www.highjump.cz\/wp-content\/uploads\/2017\/07\/R7W-TOP-0601_2.jpg?ssl=1\" border=\"0\" itemprop=\"url\"> <meta itemprop=\"width\" content=\"208\"> <meta itemprop=\"height\" content=\"313\"> <img decoding=\"async\" class=\"\" data-attachment-id=\"8611\" data-orig-file=\"https:\/\/www.highjump.cz\/wp-content\/uploads\/2017\/07\/R7W-TOP-0601_2.jpg\" data-orig-size=\"650,975\" data-comments-opened=\"\" data-image-meta=\"{&quot;aperture&quot;:&quot;0&quot;,&quot;credit&quot;:&quot;&quot;,&quot;camera&quot;:&quot;&quot;,&quot;caption&quot;:&quot;&quot;,&quot;created_timestamp&quot;:&quot;0&quot;,&quot;copyright&quot;:&quot;&quot;,&quot;focal_length&quot;:&quot;0&quot;,&quot;iso&quot;:&quot;0&quot;,&quot;shutter_speed&quot;:&quot;0&quot;,&quot;title&quot;:&quot;&quot;,&quot;orientation&quot;:&quot;0&quot;}\" data-image-title=\"R7W-TOP-0601_2\" data-image-description=\"\" data-medium-file=\"https:\/\/www.highjump.cz\/wp-content\/uploads\/2017\/07\/R7W-TOP-0601_2-200x300.jpg\" data-large-file=\"https:\/\/www.highjump.cz\/wp-content\/uploads\/2017\/07\/R7W-TOP-0601_2.jpg\" src=\"https:\/\/i0.wp.com\/www.highjump.cz\/wp-content\/uploads\/2017\/07\/R7W-TOP-0601_2.jpg?w=208&#038;h=313&#038;ssl=1\" srcset=\"https:\/\/www.highjump.cz\/wp-content\/uploads\/2017\/07\/R7W-TOP-0601_2.jpg 650w, https:\/\/www.highjump.cz\/wp-content\/uploads\/2017\/07\/R7W-TOP-0601_2-200x300.jpg 200w\" width=\"208\" height=\"313\" loading=\"lazy\" data-original-width=\"208\" data-original-height=\"313\" itemprop=\"http:\/\/schema.org\/image\" title=\"R7W-TOP-0601_2\" alt=\"R7W-TOP-0601_2\" style=\"width: 208px; height: 313px;\" \/> <\/a> <\/div> <\/div> <!-- close group --> <div class=\"gallery-group images-1\" style=\"width: 212px; height: 317px;\" data-original-width=\"212\" data-original-height=\"317\" > <div class=\"tiled-gallery-item tiled-gallery-item-small\" itemprop=\"associatedMedia\" itemscope itemtype=\"http:\/\/schema.org\/ImageObject\"> <a href=\"https:\/\/i0.wp.com\/www.highjump.cz\/wp-content\/uploads\/2017\/07\/R7M-TSS-1501.jpg?ssl=1\" border=\"0\" itemprop=\"url\"> <meta itemprop=\"width\" content=\"208\"> <meta itemprop=\"height\" content=\"313\"> <img decoding=\"async\" class=\"\" data-attachment-id=\"8607\" data-orig-file=\"https:\/\/www.highjump.cz\/wp-content\/uploads\/2017\/07\/R7M-TSS-1501.jpg\" data-orig-size=\"470,705\" data-comments-opened=\"\" data-image-meta=\"{&quot;aperture&quot;:&quot;0&quot;,&quot;credit&quot;:&quot;&quot;,&quot;camera&quot;:&quot;&quot;,&quot;caption&quot;:&quot;&quot;,&quot;created_timestamp&quot;:&quot;0&quot;,&quot;copyright&quot;:&quot;&quot;,&quot;focal_length&quot;:&quot;0&quot;,&quot;iso&quot;:&quot;0&quot;,&quot;shutter_speed&quot;:&quot;0&quot;,&quot;title&quot;:&quot;&quot;,&quot;orientation&quot;:&quot;0&quot;}\" data-image-title=\"R7M-TSS-1501\" data-image-description=\"\" data-medium-file=\"https:\/\/www.highjump.cz\/wp-content\/uploads\/2017\/07\/R7M-TSS-1501-200x300.jpg\" data-large-file=\"https:\/\/www.highjump.cz\/wp-content\/uploads\/2017\/07\/R7M-TSS-1501.jpg\" src=\"https:\/\/i0.wp.com\/www.highjump.cz\/wp-content\/uploads\/2017\/07\/R7M-TSS-1501.jpg?w=208&#038;h=313&#038;ssl=1\" srcset=\"https:\/\/www.highjump.cz\/wp-content\/uploads\/2017\/07\/R7M-TSS-1501.jpg 470w, https:\/\/www.highjump.cz\/wp-content\/uploads\/2017\/07\/R7M-TSS-1501-200x300.jpg 200w\" width=\"208\" height=\"313\" loading=\"lazy\" data-original-width=\"208\" data-original-height=\"313\" itemprop=\"http:\/\/schema.org\/image\" title=\"R7M-TSS-1501\" alt=\"R7M-TSS-1501\" style=\"width: 208px; height: 313px;\" \/> <\/a> <\/div> <\/div> <!-- close group --> <\/div> <!-- close row --> <div class=\"gallery-row\" style=\"width: 850px; height: 423px;\" data-original-width=\"850\" data-original-height=\"423\" > <div class=\"gallery-group images-1\" style=\"width: 284px; height: 423px;\" data-original-width=\"284\" data-original-height=\"423\" > <div class=\"tiled-gallery-item tiled-gallery-item-large\" itemprop=\"associatedMedia\" itemscope itemtype=\"http:\/\/schema.org\/ImageObject\"> <a href=\"https:\/\/i0.wp.com\/www.highjump.cz\/wp-content\/uploads\/2017\/07\/R7M-TSS-1501_1.jpg?ssl=1\" border=\"0\" itemprop=\"url\"> <meta itemprop=\"width\" content=\"280\"> <meta itemprop=\"height\" content=\"419\"> <img decoding=\"async\" class=\"\" data-attachment-id=\"8608\" data-orig-file=\"https:\/\/www.highjump.cz\/wp-content\/uploads\/2017\/07\/R7M-TSS-1501_1.jpg\" data-orig-size=\"650,975\" data-comments-opened=\"\" data-image-meta=\"{&quot;aperture&quot;:&quot;0&quot;,&quot;credit&quot;:&quot;&quot;,&quot;camera&quot;:&quot;&quot;,&quot;caption&quot;:&quot;&quot;,&quot;created_timestamp&quot;:&quot;0&quot;,&quot;copyright&quot;:&quot;&quot;,&quot;focal_length&quot;:&quot;0&quot;,&quot;iso&quot;:&quot;0&quot;,&quot;shutter_speed&quot;:&quot;0&quot;,&quot;title&quot;:&quot;&quot;,&quot;orientation&quot;:&quot;0&quot;}\" data-image-title=\"R7M-TSS-1501_1\" data-image-description=\"\" data-medium-file=\"https:\/\/www.highjump.cz\/wp-content\/uploads\/2017\/07\/R7M-TSS-1501_1-200x300.jpg\" data-large-file=\"https:\/\/www.highjump.cz\/wp-content\/uploads\/2017\/07\/R7M-TSS-1501_1.jpg\" src=\"https:\/\/i0.wp.com\/www.highjump.cz\/wp-content\/uploads\/2017\/07\/R7M-TSS-1501_1.jpg?w=280&#038;h=419&#038;ssl=1\" srcset=\"https:\/\/www.highjump.cz\/wp-content\/uploads\/2017\/07\/R7M-TSS-1501_1.jpg 650w, https:\/\/www.highjump.cz\/wp-content\/uploads\/2017\/07\/R7M-TSS-1501_1-200x300.jpg 200w\" width=\"280\" height=\"419\" loading=\"lazy\" data-original-width=\"280\" data-original-height=\"419\" itemprop=\"http:\/\/schema.org\/image\" title=\"R7M-TSS-1501_1\" alt=\"R7M-TSS-1501_1\" style=\"width: 280px; height: 419px;\" \/> <\/a> <\/div> <\/div> <!-- close group --> <div class=\"gallery-group images-1\" style=\"width: 283px; height: 423px;\" data-original-width=\"283\" data-original-height=\"423\" > <div class=\"tiled-gallery-item tiled-gallery-item-large\" itemprop=\"associatedMedia\" itemscope itemtype=\"http:\/\/schema.org\/ImageObject\"> <a href=\"https:\/\/i0.wp.com\/www.highjump.cz\/wp-content\/uploads\/2017\/07\/R7W-TOP-0602.jpg?ssl=1\" border=\"0\" itemprop=\"url\"> <meta itemprop=\"width\" content=\"279\"> <meta itemprop=\"height\" content=\"419\"> <img decoding=\"async\" class=\"\" data-attachment-id=\"8612\" data-orig-file=\"https:\/\/www.highjump.cz\/wp-content\/uploads\/2017\/07\/R7W-TOP-0602.jpg\" data-orig-size=\"470,705\" data-comments-opened=\"\" data-image-meta=\"{&quot;aperture&quot;:&quot;0&quot;,&quot;credit&quot;:&quot;&quot;,&quot;camera&quot;:&quot;&quot;,&quot;caption&quot;:&quot;&quot;,&quot;created_timestamp&quot;:&quot;0&quot;,&quot;copyright&quot;:&quot;&quot;,&quot;focal_length&quot;:&quot;0&quot;,&quot;iso&quot;:&quot;0&quot;,&quot;shutter_speed&quot;:&quot;0&quot;,&quot;title&quot;:&quot;&quot;,&quot;orientation&quot;:&quot;0&quot;}\" data-image-title=\"R7W-TOP-0602\" data-image-description=\"\" data-medium-file=\"https:\/\/www.highjump.cz\/wp-content\/uploads\/2017\/07\/R7W-TOP-0602-200x300.jpg\" data-large-file=\"https:\/\/www.highjump.cz\/wp-content\/uploads\/2017\/07\/R7W-TOP-0602.jpg\" src=\"https:\/\/i0.wp.com\/www.highjump.cz\/wp-content\/uploads\/2017\/07\/R7W-TOP-0602.jpg?w=279&#038;h=419&#038;ssl=1\" srcset=\"https:\/\/www.highjump.cz\/wp-content\/uploads\/2017\/07\/R7W-TOP-0602.jpg 470w, https:\/\/www.highjump.cz\/wp-content\/uploads\/2017\/07\/R7W-TOP-0602-200x300.jpg 200w\" width=\"279\" height=\"419\" loading=\"lazy\" data-original-width=\"279\" data-original-height=\"419\" itemprop=\"http:\/\/schema.org\/image\" title=\"R7W-TOP-0602\" alt=\"R7W-TOP-0602\" style=\"width: 279px; height: 419px;\" \/> <\/a> <\/div> <\/div> <!-- close group --> <div class=\"gallery-group images-1\" style=\"width: 283px; height: 423px;\" data-original-width=\"283\" data-original-height=\"423\" > <div class=\"tiled-gallery-item tiled-gallery-item-large\" itemprop=\"associatedMedia\" itemscope itemtype=\"http:\/\/schema.org\/ImageObject\"> <a href=\"https:\/\/i0.wp.com\/www.highjump.cz\/wp-content\/uploads\/2017\/07\/R7W-TOP-0602_1.jpg?ssl=1\" border=\"0\" itemprop=\"url\"> <meta itemprop=\"width\" content=\"279\"> <meta itemprop=\"height\" content=\"419\"> <img decoding=\"async\" class=\"\" data-attachment-id=\"8613\" data-orig-file=\"https:\/\/www.highjump.cz\/wp-content\/uploads\/2017\/07\/R7W-TOP-0602_1.jpg\" data-orig-size=\"650,975\" data-comments-opened=\"\" data-image-meta=\"{&quot;aperture&quot;:&quot;0&quot;,&quot;credit&quot;:&quot;&quot;,&quot;camera&quot;:&quot;&quot;,&quot;caption&quot;:&quot;&quot;,&quot;created_timestamp&quot;:&quot;0&quot;,&quot;copyright&quot;:&quot;&quot;,&quot;focal_length&quot;:&quot;0&quot;,&quot;iso&quot;:&quot;0&quot;,&quot;shutter_speed&quot;:&quot;0&quot;,&quot;title&quot;:&quot;&quot;,&quot;orientation&quot;:&quot;0&quot;}\" data-image-title=\"R7W-TOP-0602_1\" data-image-description=\"\" data-medium-file=\"https:\/\/www.highjump.cz\/wp-content\/uploads\/2017\/07\/R7W-TOP-0602_1-200x300.jpg\" data-large-file=\"https:\/\/www.highjump.cz\/wp-content\/uploads\/2017\/07\/R7W-TOP-0602_1.jpg\" src=\"https:\/\/i0.wp.com\/www.highjump.cz\/wp-content\/uploads\/2017\/07\/R7W-TOP-0602_1.jpg?w=279&#038;h=419&#038;ssl=1\" srcset=\"https:\/\/www.highjump.cz\/wp-content\/uploads\/2017\/07\/R7W-TOP-0602_1.jpg 650w, https:\/\/www.highjump.cz\/wp-content\/uploads\/2017\/07\/R7W-TOP-0602_1-200x300.jpg 200w\" width=\"279\" height=\"419\" loading=\"lazy\" data-original-width=\"279\" data-original-height=\"419\" itemprop=\"http:\/\/schema.org\/image\" title=\"R7W-TOP-0602_1\" alt=\"R7W-TOP-0602_1\" style=\"width: 279px; height: 419px;\" \/> <\/a> <\/div> <\/div> <!-- close group --> <\/div> <!-- close row --> <div class=\"gallery-row\" style=\"width: 850px; height: 636px;\" data-original-width=\"850\" data-original-height=\"636\" > <div class=\"gallery-group images-1\" style=\"width: 425px; height: 636px;\" data-original-width=\"425\" data-original-height=\"636\" > <div class=\"tiled-gallery-item tiled-gallery-item-large\" itemprop=\"associatedMedia\" itemscope itemtype=\"http:\/\/schema.org\/ImageObject\"> <a href=\"https:\/\/i0.wp.com\/www.highjump.cz\/wp-content\/uploads\/2017\/07\/R7W-TOP-0602_3.jpg?ssl=1\" border=\"0\" itemprop=\"url\"> <meta itemprop=\"width\" content=\"421\"> <meta itemprop=\"height\" content=\"632\"> <img decoding=\"async\" class=\"\" data-attachment-id=\"8614\" data-orig-file=\"https:\/\/www.highjump.cz\/wp-content\/uploads\/2017\/07\/R7W-TOP-0602_3.jpg\" data-orig-size=\"650,975\" data-comments-opened=\"\" data-image-meta=\"{&quot;aperture&quot;:&quot;0&quot;,&quot;credit&quot;:&quot;&quot;,&quot;camera&quot;:&quot;&quot;,&quot;caption&quot;:&quot;&quot;,&quot;created_timestamp&quot;:&quot;0&quot;,&quot;copyright&quot;:&quot;&quot;,&quot;focal_length&quot;:&quot;0&quot;,&quot;iso&quot;:&quot;0&quot;,&quot;shutter_speed&quot;:&quot;0&quot;,&quot;title&quot;:&quot;&quot;,&quot;orientation&quot;:&quot;0&quot;}\" data-image-title=\"R7W-TOP-0602_3\" data-image-description=\"\" data-medium-file=\"https:\/\/www.highjump.cz\/wp-content\/uploads\/2017\/07\/R7W-TOP-0602_3-200x300.jpg\" data-large-file=\"https:\/\/www.highjump.cz\/wp-content\/uploads\/2017\/07\/R7W-TOP-0602_3.jpg\" src=\"https:\/\/i0.wp.com\/www.highjump.cz\/wp-content\/uploads\/2017\/07\/R7W-TOP-0602_3.jpg?w=421&#038;h=632&#038;ssl=1\" srcset=\"https:\/\/www.highjump.cz\/wp-content\/uploads\/2017\/07\/R7W-TOP-0602_3.jpg 650w, https:\/\/www.highjump.cz\/wp-content\/uploads\/2017\/07\/R7W-TOP-0602_3-200x300.jpg 200w\" width=\"421\" height=\"632\" loading=\"lazy\" data-original-width=\"421\" data-original-height=\"632\" itemprop=\"http:\/\/schema.org\/image\" title=\"R7W-TOP-0602_3\" alt=\"R7W-TOP-0602_3\" style=\"width: 421px; height: 632px;\" \/> <\/a> <\/div> <\/div> <!-- close group --> <div class=\"gallery-group images-1\" style=\"width: 425px; height: 636px;\" data-original-width=\"425\" data-original-height=\"636\" > <div class=\"tiled-gallery-item tiled-gallery-item-large\" itemprop=\"associatedMedia\" itemscope itemtype=\"http:\/\/schema.org\/ImageObject\"> <a href=\"https:\/\/i0.wp.com\/www.highjump.cz\/wp-content\/uploads\/2017\/07\/R7W-TOP-0602_4.jpg?ssl=1\" border=\"0\" itemprop=\"url\"> <meta itemprop=\"width\" content=\"421\"> <meta itemprop=\"height\" content=\"632\"> <img decoding=\"async\" class=\"\" data-attachment-id=\"8615\" data-orig-file=\"https:\/\/www.highjump.cz\/wp-content\/uploads\/2017\/07\/R7W-TOP-0602_4.jpg\" data-orig-size=\"650,975\" data-comments-opened=\"\" data-image-meta=\"{&quot;aperture&quot;:&quot;0&quot;,&quot;credit&quot;:&quot;&quot;,&quot;camera&quot;:&quot;&quot;,&quot;caption&quot;:&quot;&quot;,&quot;created_timestamp&quot;:&quot;0&quot;,&quot;copyright&quot;:&quot;&quot;,&quot;focal_length&quot;:&quot;0&quot;,&quot;iso&quot;:&quot;0&quot;,&quot;shutter_speed&quot;:&quot;0&quot;,&quot;title&quot;:&quot;&quot;,&quot;orientation&quot;:&quot;0&quot;}\" data-image-title=\"R7W-TOP-0602_4\" data-image-description=\"\" data-medium-file=\"https:\/\/www.highjump.cz\/wp-content\/uploads\/2017\/07\/R7W-TOP-0602_4-200x300.jpg\" data-large-file=\"https:\/\/www.highjump.cz\/wp-content\/uploads\/2017\/07\/R7W-TOP-0602_4.jpg\" src=\"https:\/\/i0.wp.com\/www.highjump.cz\/wp-content\/uploads\/2017\/07\/R7W-TOP-0602_4.jpg?w=421&#038;h=632&#038;ssl=1\" srcset=\"https:\/\/www.highjump.cz\/wp-content\/uploads\/2017\/07\/R7W-TOP-0602_4.jpg 650w, https:\/\/www.highjump.cz\/wp-content\/uploads\/2017\/07\/R7W-TOP-0602_4-200x300.jpg 200w\" width=\"421\" height=\"632\" loading=\"lazy\" data-original-width=\"421\" data-original-height=\"632\" itemprop=\"http:\/\/schema.org\/image\" title=\"R7W-TOP-0602_4\" alt=\"R7W-TOP-0602_4\" style=\"width: 421px; height: 632px;\" \/> <\/a> <\/div> <\/div> <!-- close group --> <\/div> <!-- close row --> <\/div>\n","protected":false},"excerpt":{"rendered":"<p>Desperados HIGHJUMP 2017 tri\u010dka &#8211; Represent Limitovan\u00e1 edice kvalitn\u00edch p\u00e1nsk\u00fdch i d\u00e1msk\u00fdch tri\u010dek od zna\u010dky Represent, s logem HIGHJUMP: Tri\u010dka 100% bavlna T\u00edlka 100% polyester Vy\u0161\u0161\u00ed gram\u00e1\u017e Padnouc\u00ed st\u0159ih Chce\u0161 dorazit na Desperados HIGHJUMP v nov\u00e9m tri\u010dku? &#8222;NO PROBLEM!&#8220; Koup\u00ed\u0161 na REPRESHOP.EU! www.represhop.eu\/oficialni-tricka-high-jump v Praze jsou tri\u010dka naskladn\u011bn\u00e1 na Shopu, tam je i ozkou\u0161\u00ed\u0161: RepreShop&#8230;<\/p>\n","protected":false},"author":2,"featured_media":8620,"parent":4171,"menu_order":31,"comment_status":"closed","ping_status":"closed","template":"","meta":{"_acf_changed":false,"footnotes":""},"tags":[83,43,63],"class_list":["post-8249","page","type-page","status-publish","has-post-thumbnail","hentry","tag-merchandising","tag-reportaze","tag-zajimavosti","main-post"],"acf":[],"jetpack_sharing_enabled":true,"_links":{"self":[{"href":"https:\/\/www.highjump.cz\/cs\/wp-json\/wp\/v2\/pages\/8249","targetHints":{"allow":["GET"]}}],"collection":[{"href":"https:\/\/www.highjump.cz\/cs\/wp-json\/wp\/v2\/pages"}],"about":[{"href":"https:\/\/www.highjump.cz\/cs\/wp-json\/wp\/v2\/types\/page"}],"author":[{"embeddable":true,"href":"https:\/\/www.highjump.cz\/cs\/wp-json\/wp\/v2\/users\/2"}],"replies":[{"embeddable":true,"href":"https:\/\/www.highjump.cz\/cs\/wp-json\/wp\/v2\/comments?post=8249"}],"version-history":[{"count":9,"href":"https:\/\/www.highjump.cz\/cs\/wp-json\/wp\/v2\/pages\/8249\/revisions"}],"predecessor-version":[{"id":14822,"href":"https:\/\/www.highjump.cz\/cs\/wp-json\/wp\/v2\/pages\/8249\/revisions\/14822"}],"up":[{"embeddable":true,"href":"https:\/\/www.highjump.cz\/cs\/wp-json\/wp\/v2\/pages\/4171"}],"wp:featuredmedia":[{"embeddable":true,"href":"https:\/\/www.highjump.cz\/cs\/wp-json\/wp\/v2\/media\/8620"}],"wp:attachment":[{"href":"https:\/\/www.highjump.cz\/cs\/wp-json\/wp\/v2\/media?parent=8249"}],"wp:term":[{"taxonomy":"post_tag","embeddable":true,"href":"https:\/\/www.highjump.cz\/cs\/wp-json\/wp\/v2\/tags?post=8249"}],"curies":[{"name":"wp","href":"https:\/\/api.w.org\/{rel}","templated":true}]}}