{"id":8872,"date":"2017-08-17T10:38:00","date_gmt":"2017-08-17T08:38:00","guid":{"rendered":"http:\/\/www.highjump.cz\/?page_id=8872\/"},"modified":"2017-08-22T09:09:40","modified_gmt":"2017-08-22T07:09:40","slug":"vysledky","status":"publish","type":"page","link":"https:\/\/www.highjump.cz\/cs\/zavody\/desperados-highjump-2017\/vysledky\/","title":{"rendered":"V\u00fdsledky"},"content":{"rendered":"<h3 style=\"clear: both;\">Mu\u017ei<\/h3>\n<table style=\"width: 49%; float: left;\">\n<caption>12 m<\/caption>\n<tbody>\n<tr style=\"height: 24px;\">\n<td style=\"height: 24px;\">01 AIDAN HESLOP (UK) <span>220.50 bod\u016f<\/span><\/td>\n<\/tr>\n<tr style=\"height: 24px;\">\n<td style=\"height: 24px;\">02 JAN WERMELINGER (CH) <span>195.65 bod\u016f<\/span><\/td>\n<\/tr>\n<tr style=\"height: 24px;\">\n<td style=\"height: 24px;\">03 OWEN WEYMOUTH (UK) <span>176.60 bod\u016f<\/span><\/td>\n<\/tr>\n<tr style=\"height: 24px;\">\n<td style=\"height: 24px;\">04 ANDREAS HULLIGER (CH) <span>172.70 bod\u016f<\/span><\/td>\n<\/tr>\n<tr style=\"height: 24px;\">\n<td style=\"height: 24px;\">05 MATHIAS APPENZELLER (CH) <span>169.10 bod\u016f<\/span><\/td>\n<\/tr>\n<tr style=\"height: 24px;\">\n<td style=\"height: 24px;\">06 MANUEL HALBISCH (D) <span>167.65 bod\u016f<\/span><\/td>\n<\/tr>\n<tr style=\"height: 24px;\">\n<td style=\"height: 24px;\">07 VADIM BABESHKIN (RUS) <span>167.15 bod\u016f<\/span><\/td>\n<\/tr>\n<tr style=\"height: 24px;\">\n<td style=\"height: 24px;\">08 DENIS VANTUCH (CZ) <span>166.70 bod\u016f<\/span><\/td>\n<\/tr>\n<tr style=\"height: 24px;\">\n<td style=\"height: 24px;\">09 JIMMI ANDERSEN (DK) <span>162.50 bod\u016f<\/span><\/td>\n<\/tr>\n<tr style=\"height: 24px;\">\n<td style=\"height: 24px;\">10 JAN B\u00cdL\u00dd (CZ) <span>154.00 bod\u016f<\/span><\/td>\n<\/tr>\n<tr style=\"height: 24px;\">\n<td style=\"height: 24px;\">11 JAN WILKO HEINZEL (D) <span>141.60 bod\u016f<\/span><\/td>\n<\/tr>\n<tr style=\"height: 24px;\">\n<td style=\"height: 24px;\">12 LUKAS EGLSEDER (D) <span>141.60 bod\u016f<\/span><\/td>\n<\/tr>\n<tr style=\"height: 24px;\">\n<td style=\"height: 24px;\">13 PETER ROSENEY (CH) <span>137.25 bod\u016f<\/span><\/td>\n<\/tr>\n<tr style=\"height: 24px;\">\n<td style=\"height: 24px;\">14 LASO SCHALLER (CH) <span>131.40 bod\u016f<\/span><\/td>\n<\/tr>\n<tr style=\"height: 24px;\">\n<td style=\"height: 24px;\">15 ADAM KOSS\u00daTH (CZ) <span>120.75 bod\u016f<\/span><\/td>\n<\/tr>\n<tr style=\"height: 24px;\">\n<td style=\"height: 24px;\">16 PATRIC ARENDT (D) <span>115.85 bod\u016f<\/span><\/td>\n<\/tr>\n<tr style=\"height: 24px;\">\n<td style=\"height: 24px;\">17 MARTIN BOLLIER (CH) <span>114.50 bod\u016f<\/span><\/td>\n<\/tr>\n<tr style=\"height: 24px;\">\n<td style=\"height: 24px;\">18 TIM MUSIOL (D) <span>114.00 bod\u016f<\/span><\/td>\n<\/tr>\n<tr style=\"height: 24px;\">\n<td style=\"height: 24px;\">19 TOBIAS VAGNER (D) <span>113.10 bod\u016f<\/span><\/td>\n<\/tr>\n<tr style=\"height: 24px;\">\n<td style=\"height: 24px;\">20 PHILIPP KINKEL (D) <span>101.70 bod\u016f<\/span><\/td>\n<\/tr>\n<tr style=\"height: 24px;\">\n<td style=\"height: 24px;\">21 JAKUB HELIS (CZ) <span>101.25 bod\u016f<\/span><\/td>\n<\/tr>\n<tr style=\"height: 24px;\">\n<td style=\"height: 24px;\">22 JAKUB KUN\u00c1\u0160EK (CZ) <span>100.80 bod\u016f<\/span><\/td>\n<\/tr>\n<tr style=\"height: 24px;\">\n<td style=\"height: 24px;\">23 LUK\u00c1\u0160 KRU\u0164KO (CZ) <span>99.90 bod\u016f<\/span><\/td>\n<\/tr>\n<tr style=\"height: 24.5167px;\">\n<td style=\"height: 24.5167px;\">24 RALF SCHMIDBAUER (D) <span>98.80 bod\u016f<\/span><\/td>\n<\/tr>\n<tr style=\"height: 24px;\">\n<td style=\"height: 24px;\">25 ALEX KELLER (D) <span>98.80 bod\u016f<\/span><\/td>\n<\/tr>\n<tr style=\"height: 24px;\">\n<td style=\"height: 24px;\">26 BOHUSLAV SLAV\u00cdK (CZ) <span>98.80 bod\u016f<\/span><\/td>\n<\/tr>\n<tr style=\"height: 24px;\">\n<td style=\"height: 24px;\">27 KEVIN LOCHMAN (D) <span>96.25 bod\u016f<\/span><\/td>\n<\/tr>\n<tr style=\"height: 24px;\">\n<td style=\"height: 24px;\">28 JAN GURY\u010cA (CZ) <span>89.50 bod\u016f<\/span><\/td>\n<\/tr>\n<tr style=\"height: 24px;\">\n<td style=\"height: 24px;\">29 DAMIEN MUSY (FR) <span>81.20 bod\u016f<\/span><\/td>\n<\/tr>\n<tr style=\"height: 24px;\">\n<td style=\"height: 24px;\">30 NICO VON OUDTSHOORN (D) <span>76.65 bod\u016f<\/span><\/td>\n<\/tr>\n<tr style=\"height: 24px;\">\n<td style=\"height: 24px;\">31 DAN STOSZEK (CZ) <span>73.90 bod\u016f<\/span><\/td>\n<\/tr>\n<\/tbody>\n<\/table>\n<table style=\"width: 49%; float: left;\">\n<caption>16 m &#8211; 20 m<\/caption>\n<tbody>\n<tr>\n<td>01 AIDAN HESLOP (UK) <span>299.45 bod\u016f<\/span><\/td>\n<\/tr>\n<tr>\n<td>02 MATHIAS APPENZELLER (CH) <span>251.45 bod\u016f<\/span><\/td>\n<\/tr>\n<tr>\n<td>03 ANDREAS HULLIGER (CH) <span>248.05 bod\u016f<\/span><\/td>\n<\/tr>\n<tr>\n<td>04 MICHAL NAVR\u00c1TIL (CZ) <span>246.10 bod\u016f<\/span><\/td>\n<\/tr>\n<tr>\n<td>05 JAN WERMELINGER (CH) <span>240.10 bod\u016f<\/span><\/td>\n<\/tr>\n<tr>\n<td>06 VADIM BABESHKIN (RUS) <span>237.70 bod\u016f<\/span><\/td>\n<\/tr>\n<tr>\n<td>07 JAN WILKO HEINZEL (D) <span>236.7 bod\u016f<\/span><\/td>\n<\/tr>\n<tr>\n<td>08 MANUEL HALBISCH (D) <span>235.55 bod\u016f<\/span><\/td>\n<\/tr>\n<tr>\n<td>09 ROBIN GEORGES (FR) <span>232.85 bod\u016f<\/span><\/td>\n<\/tr>\n<tr>\n<td>10 MARTIN BOLLIER (CH) <span>218.55 bod\u016f<\/span><\/td>\n<\/tr>\n<tr>\n<td>11 KAI A. KIRBS (D) <span>211.50 bod\u016f<\/span><\/td>\n<\/tr>\n<tr>\n<td>12 RAINHARD RIEDE (D) <span>207.00 bod\u016f<\/span><\/td>\n<\/tr>\n<tr>\n<td>13 OWEN WEYMOUTH (UK) <span>181.65 bod\u016f<\/span><\/td>\n<\/tr>\n<tr>\n<td>14 DENIS VANTUCH (CZ) <span>172.00 bod\u016f<\/span><\/td>\n<\/tr>\n<tr>\n<td>15 JAN B\u00cdL\u00dd (CZ) <span>170.80 bod\u016f<\/span><\/td>\n<\/tr>\n<tr>\n<td>16 PETER ROSENEY (CH) <span>170.55 bod\u016f<\/span><\/td>\n<\/tr>\n<tr>\n<td>17 LASO SCHALLER (CH) <span>170.00 bod\u016f<\/span><\/td>\n<\/tr>\n<tr>\n<td>18 JAKUB HELIS (CZ) <span>166.15 bod\u016f<\/span><\/td>\n<\/tr>\n<tr>\n<td>19 BASTIAN LOSEN (D) <span>165.90 bod\u016f<\/span><\/td>\n<\/tr>\n<tr>\n<td>20 JIMMI ANDRESEN (DK) <span>163.80 bod\u016f<\/span><\/td>\n<\/tr>\n<tr>\n<td>21 ADAM KOSS\u00daTH (CZ) <span>147.70 bod\u016f<\/span><\/td>\n<\/tr>\n<tr>\n<td>22 JAKUB KUN\u00c1\u0160EK (CZ) <span>134.40 bod\u016f<\/span><\/td>\n<\/tr>\n<tr>\n<td>23 LUKAS EGLSEDER (D) <span>133.05 bod\u016f<\/span><\/td>\n<\/tr>\n<tr>\n<td>24 DAVID SONTAG (D) <span>126.05 bod\u016f<\/span><\/td>\n<\/tr>\n<tr>\n<td>25 TIM MUSIOL (D) <span>124.55 bod\u016f<\/span><\/td>\n<\/tr>\n<tr>\n<td>26 DOMINIK BUTZKE (D) <span>112.40 bod\u016f<\/span><\/td>\n<\/tr>\n<tr>\n<td>27 LUK\u00c1\u0160 KRU\u0164KO (CZ) <span>111.00 bod\u016f<\/span><\/td>\n<\/tr>\n<tr>\n<td>28 RALF SCHMIDBAUER (D) <span>98.80 bod\u016f<\/span><\/td>\n<\/tr>\n<tr>\n<td>29 PATRIC ARENDT (D) <span>74.10 bod\u016f<\/span><\/td>\n<\/tr>\n<tr>\n<td>30 JAN PHILIPP DISSELHOFF (D) <span>66.50 bod\u016f<\/span><\/td>\n<\/tr>\n<tr>\n<td>31 JAN GURY\u010cA (CZ) <span>52.50 bod\u016f<\/span><\/td>\n<\/tr>\n<tr>\n<td>32 BOHUSLAV SLAV\u00cdK (CZ) <span>50.40 bod\u016f<\/span><\/td>\n<\/tr>\n<\/tbody>\n<\/table>\n<hr style=\"clear: both;\" \/>\n<h3 style=\"clear: both;\">Houpa\u010dka<\/h3>\n<table style=\"width: 49%; float: left;\">\n<caption>Mu\u017ei<\/caption>\n<tbody>\n<tr style=\"height: 24px;\">\n<td style=\"height: 24px;\">01 ANDREAS HULLIGER (CH) <span>51.00 bod\u016f<\/span><\/td>\n<\/tr>\n<tr style=\"height: 24px;\">\n<td style=\"height: 24px;\">02 AIDAN HESLOP (UK) <span>47.50 bod\u016f<\/span><\/td>\n<\/tr>\n<tr style=\"height: 24px;\">\n<td style=\"height: 24px;\">03 JAN WILKO HEINZEL (D) <span>45.50 bod\u016f<\/span><\/td>\n<\/tr>\n<tr style=\"height: 24px;\">\n<td style=\"height: 24px;\">04 VADIM BABESHKIN (RUS) <span>43.00 bod\u016f<\/span><\/td>\n<\/tr>\n<tr style=\"height: 24.0333px;\">\n<td style=\"height: 24.0333px;\">05 NICO VON OUDSHOORN (D) <span>42.00 bod\u016f<\/span><\/td>\n<\/tr>\n<tr style=\"height: 24px;\">\n<td style=\"height: 24px;\">06-07 OWEN WEYMOUTH (UK) <span>41.50 bod\u016f<\/span><\/td>\n<\/tr>\n<tr style=\"height: 24px;\">\n<td style=\"height: 24px;\">06-07 JIMMI ANDERSEN (DK) <span>41.50 bod\u016f<\/span><\/td>\n<\/tr>\n<tr style=\"height: 24px;\">\n<td style=\"height: 24px;\">08 JAN WERNELINGER (CH) <span>41.00 bod\u016f<\/span><\/td>\n<\/tr>\n<tr style=\"height: 24px;\">\n<td style=\"height: 24px;\">09 DOMINIK BUTZKER (D) <span>37.50 bod\u016f<\/span><\/td>\n<\/tr>\n<tr style=\"height: 24px;\">\n<td style=\"height: 24px;\">10 KEVIN LACHMAN (D) <span>37.00 bod\u016f<\/span><\/td>\n<\/tr>\n<tr style=\"height: 24px;\">\n<td style=\"height: 24px;\">11-12 JAN FIALA (CZ) <span>36.00 bod\u016f<\/span><\/td>\n<\/tr>\n<tr style=\"height: 24px;\">\n<td style=\"height: 24px;\">11-12 MATHIAS APPENZELLER (D) <span>36.00 bod\u016f<\/span><\/td>\n<\/tr>\n<tr style=\"height: 24px;\">\n<td style=\"height: 24px;\">13 AURIK FELIX (D) <span>34.50 bod\u016f<\/span><\/td>\n<\/tr>\n<tr style=\"height: 24px;\">\n<td style=\"height: 24px;\">14 JAKUB KUN\u00c1\u0160EK (CZ) <span>33.50 bod\u016f<\/span><\/td>\n<\/tr>\n<tr style=\"height: 24px;\">\n<td style=\"height: 24px;\">15 ADAM KOSS\u00daTH (CZ) <span>31.50 bod\u016f<\/span><\/td>\n<\/tr>\n<tr style=\"height: 24px;\">\n<td style=\"height: 24px;\">16-17 ROBIN HOLUB (CZ) <span>30.50 bod\u016f<\/span><\/td>\n<\/tr>\n<tr style=\"height: 24px;\">\n<td style=\"height: 24px;\">16-17 RALF SCHMIDBAUER (D) <span>30.50 bod\u016f<\/span><\/td>\n<\/tr>\n<tr style=\"height: 24px;\">\n<td style=\"height: 24px;\">18-19 BASTIAN LOSEN (D) <span>26.00 bod\u016f<\/span><\/td>\n<\/tr>\n<tr style=\"height: 24px;\">\n<td style=\"height: 24px;\">18-19 LUKAS EGLSEDER (D) <span>26.00 bod\u016f<\/span><\/td>\n<\/tr>\n<tr style=\"height: 24px;\">\n<td style=\"height: 24px;\">20 BOHUSLAV SLAV\u00cdK (CZ) <span>12.00 bod\u016f<\/span><\/td>\n<\/tr>\n<\/tbody>\n<\/table>\n<hr style=\"clear: both;\" \/>\n<h3 style=\"clear: both;\">\u017deny<\/h3>\n<table style=\"width: 49%; float: left;\">\n<caption>Celkov\u011b<\/caption>\n<tbody>\n<tr>\n<td>01 ANNA BADER (D)<\/td>\n<\/tr>\n<tr>\n<td>02 ELEANOR SMARTH (USA)<\/td>\n<\/tr>\n<tr>\n<td>03 IRIS SCHMIDBAUER (D)<\/td>\n<\/tr>\n<tr>\n<td>04 VALERIA IRLANDA VALDEZ ALVAREZ (MEX)<\/td>\n<\/tr>\n<tr>\n<td>05 GENEVIEVE BRADLEY (USA)<\/td>\n<\/tr>\n<tr>\n<td>06 PETRA SMOL\u00cdKOV\u00c1 (CZ)<\/td>\n<\/tr>\n<tr>\n<td>07 HANNAH BOCKSNICK (USA)<\/td>\n<\/tr>\n<tr>\n<td>08 VALENTYNA VOLOPICHOV\u00c1 (CZ)<\/td>\n<\/tr>\n<\/tbody>\n<\/table>\n<hr style=\"clear: both;\" \/>\n<h3 style=\"clear: both;\">Mistrovstv\u00ed \u010cesk\u00e9 republiky<\/h3>\n<table style=\"width: 49%; float: left;\">\n<caption>Mu\u017ei celkov\u011b<\/caption>\n<tbody>\n<tr>\n<td>01 MICHAL NAVR\u00c1TIL (CZ)<\/td>\n<\/tr>\n<tr>\n<td>02 DENIS VANTUCH (CZ)<\/td>\n<\/tr>\n<tr>\n<td>03 JAN B\u00cdL\u00dd (CZ)<\/td>\n<\/tr>\n<tr>\n<td>04 ADAM KOSS\u00daTH (CZ)<\/td>\n<\/tr>\n<tr>\n<td>05 JAKUB HELIS (CZ)<\/td>\n<\/tr>\n<tr>\n<td>06 JAKUB KUN\u00c1\u0160EK (CZ)<\/td>\n<\/tr>\n<tr>\n<td>07 LUK\u00c1\u0160 KRU\u0164KO (CZ)<\/td>\n<\/tr>\n<tr>\n<td>08 BOHUSLAV SLAV\u00cdK (CZ)<\/td>\n<\/tr>\n<tr>\n<td>09 JAN GURY\u010cA (CZ)<\/td>\n<\/tr>\n<tr>\n<td>10 DAN STOSZEK (CZ)<\/td>\n<\/tr>\n<\/tbody>\n<\/table>\n<hr style=\"clear: both;\" \/>\n<h3 style=\"clear: both;\">Speci\u00e1ln\u00ed ceny<\/h3>\n<table style=\"width: 49%;\">\n<caption>Senior<\/caption>\n<tbody>\n<tr>\n<td>01 PETER ROSENEY (CH)<\/td>\n<\/tr>\n<\/tbody>\n<\/table>\n<table style=\"width: 49%;\">\n<caption>Rozsek\u00e1vka<\/caption>\n<tbody>\n<tr>\n<td>01 IRIS SCHMIDBAUER (D)<\/td>\n<\/tr>\n<\/tbody>\n<\/table>\n<hr style=\"clear: both;\" \/>\n","protected":false},"excerpt":{"rendered":"<p>Mu\u017ei 12 m 01 AIDAN HESLOP (UK) 220.50 bod\u016f 02 JAN WERMELINGER (CH) 195.65 bod\u016f 03 OWEN WEYMOUTH (UK) 176.60 bod\u016f 04 ANDREAS HULLIGER (CH) 172.70 bod\u016f 05 MATHIAS APPENZELLER (CH) 169.10 bod\u016f 06 MANUEL HALBISCH (D) 167.65 bod\u016f 07 VADIM BABESHKIN (RUS) 167.15 bod\u016f 08 DENIS VANTUCH (CZ) 166.70 bod\u016f 09 JIMMI ANDERSEN (DK)&#8230;<\/p>\n","protected":false},"author":2,"featured_media":0,"parent":4171,"menu_order":32,"comment_status":"closed","ping_status":"closed","template":"","meta":{"_acf_changed":false,"footnotes":""},"tags":[],"class_list":["post-8872","page","type-page","status-publish","hentry","main-post"],"acf":[],"jetpack_sharing_enabled":true,"_links":{"self":[{"href":"https:\/\/www.highjump.cz\/cs\/wp-json\/wp\/v2\/pages\/8872","targetHints":{"allow":["GET"]}}],"collection":[{"href":"https:\/\/www.highjump.cz\/cs\/wp-json\/wp\/v2\/pages"}],"about":[{"href":"https:\/\/www.highjump.cz\/cs\/wp-json\/wp\/v2\/types\/page"}],"author":[{"embeddable":true,"href":"https:\/\/www.highjump.cz\/cs\/wp-json\/wp\/v2\/users\/2"}],"replies":[{"embeddable":true,"href":"https:\/\/www.highjump.cz\/cs\/wp-json\/wp\/v2\/comments?post=8872"}],"version-history":[{"count":23,"href":"https:\/\/www.highjump.cz\/cs\/wp-json\/wp\/v2\/pages\/8872\/revisions"}],"predecessor-version":[{"id":8909,"href":"https:\/\/www.highjump.cz\/cs\/wp-json\/wp\/v2\/pages\/8872\/revisions\/8909"}],"up":[{"embeddable":true,"href":"https:\/\/www.highjump.cz\/cs\/wp-json\/wp\/v2\/pages\/4171"}],"wp:attachment":[{"href":"https:\/\/www.highjump.cz\/cs\/wp-json\/wp\/v2\/media?parent=8872"}],"wp:term":[{"taxonomy":"post_tag","embeddable":true,"href":"https:\/\/www.highjump.cz\/cs\/wp-json\/wp\/v2\/tags?post=8872"}],"curies":[{"name":"wp","href":"https:\/\/api.w.org\/{rel}","templated":true}]}}