{"id":13081,"date":"2020-07-28T17:02:58","date_gmt":"2020-07-28T15:02:58","guid":{"rendered":"http:\/\/www.highjump.cz\/?page_id=13081"},"modified":"2020-08-16T07:27:44","modified_gmt":"2020-08-16T05:27:44","slug":"1st-qualifying-round-aquapark-havirov","status":"publish","type":"page","link":"https:\/\/www.highjump.cz\/en\/events\/cool-highjump-tour-2020\/1st-qualifying-round-aquapark-havirov\/","title":{"rendered":"1st qualifying round \u2013 aquapark Havirov"},"content":{"rendered":"<p><span style=\"color: #14dc14;\"><strong>Prima COOL TV<\/strong> and <strong>HIGHJUMP<\/strong> brings a series of exhibition jumping shows <strong>COOL HIGHJUMP TOUR<\/strong>. Prima COOL TV will send the most talented COOL jumper to the <strong>HIGHJUMP camp<\/strong> next year and will ensure his participation in the largest Czech jumping competition in H\u0159im\u011b\u017edice in 2021.<\/span><\/p>\n<p>&nbsp;<\/p>\n<p><strong>Event page in Czech language: <\/strong><strong><\/strong><a href=\"http:\/\/www.highjump.cz\/cs\/zavody\/cool-highjump-tour-2020\/1-kvalifikacni-kolo-koupaliste-havirov\/\">1st qualifying round \u2013 aquapark Hav\u00ed\u0159ov<\/a><\/p>\n<p><strong>FB event: <\/strong><a href=\"https:\/\/www.facebook.com\/events\/321069965699855\/\" target=\"_blank\" rel=\"noopener noreferrer\">https:\/\/www.facebook.com\/events\/321069965699855\/<\/a><\/p>\n<p>&nbsp;<\/p>\n","protected":false},"excerpt":{"rendered":"<p>Prima COOL TV and HIGHJUMP brings a series of exhibition jumping shows COOL HIGHJUMP TOUR. Prima COOL TV will send the most talented COOL jumper to the HIGHJUMP camp next year and will ensure his participation in the largest Czech jumping competition in H\u0159im\u011b\u017edice in 2021. &nbsp; Event page in Czech language: 1st qualifying round&#8230;<\/p>\n","protected":false},"author":1,"featured_media":12983,"parent":12857,"menu_order":81,"comment_status":"closed","ping_status":"closed","template":"","meta":{"_acf_changed":false,"footnotes":""},"tags":[],"class_list":["post-13081","page","type-page","status-publish","has-post-thumbnail","hentry","main-post"],"acf":[],"jetpack_sharing_enabled":true,"_links":{"self":[{"href":"https:\/\/www.highjump.cz\/en\/wp-json\/wp\/v2\/pages\/13081","targetHints":{"allow":["GET"]}}],"collection":[{"href":"https:\/\/www.highjump.cz\/en\/wp-json\/wp\/v2\/pages"}],"about":[{"href":"https:\/\/www.highjump.cz\/en\/wp-json\/wp\/v2\/types\/page"}],"author":[{"embeddable":true,"href":"https:\/\/www.highjump.cz\/en\/wp-json\/wp\/v2\/users\/1"}],"replies":[{"embeddable":true,"href":"https:\/\/www.highjump.cz\/en\/wp-json\/wp\/v2\/comments?post=13081"}],"version-history":[{"count":13,"href":"https:\/\/www.highjump.cz\/en\/wp-json\/wp\/v2\/pages\/13081\/revisions"}],"predecessor-version":[{"id":13248,"href":"https:\/\/www.highjump.cz\/en\/wp-json\/wp\/v2\/pages\/13081\/revisions\/13248"}],"up":[{"embeddable":true,"href":"https:\/\/www.highjump.cz\/en\/wp-json\/wp\/v2\/pages\/12857"}],"wp:featuredmedia":[{"embeddable":true,"href":"https:\/\/www.highjump.cz\/en\/wp-json\/wp\/v2\/media\/12983"}],"wp:attachment":[{"href":"https:\/\/www.highjump.cz\/en\/wp-json\/wp\/v2\/media?parent=13081"}],"wp:term":[{"taxonomy":"post_tag","embeddable":true,"href":"https:\/\/www.highjump.cz\/en\/wp-json\/wp\/v2\/tags?post=13081"}],"curies":[{"name":"wp","href":"https:\/\/api.w.org\/{rel}","templated":true}]}}