{"id":13083,"date":"2020-07-28T17:08:19","date_gmt":"2020-07-28T15:08:19","guid":{"rendered":"http:\/\/www.highjump.cz\/?page_id=13083"},"modified":"2020-08-16T07:28:08","modified_gmt":"2020-08-16T05:28:08","slug":"2nd-qualifying-round-aquapark-klise-usti-nad-labem","status":"publish","type":"page","link":"https:\/\/www.highjump.cz\/en\/events\/cool-highjump-tour-2020\/2nd-qualifying-round-aquapark-klise-usti-nad-labem\/","title":{"rendered":"2nd qualifying round \u2013 aquapark Klise, Usti nad Labem"},"content":{"rendered":"<p><span style=\"color: #14dc14;\"><strong>Prima COOL TV<\/strong> and <strong>HIGHJUMP<\/strong> brings a series of exhibition jumping shows <strong>COOL HIGHJUMP TOUR<\/strong>. Prima COOL TV will send the most talented COOL jumper to the <strong>HIGHJUMP camp<\/strong> next year and will ensure his participation in the largest Czech jumping competition in H\u0159im\u011b\u017edice in 2021.<\/span><\/p>\n<p>&nbsp;<\/p>\n<p><strong>Event page in Czech language: <\/strong><a href=\"http:\/\/www.highjump.cz\/cs\/zavody\/cool-highjump-tour-2020\/2-kvalifikacni-kolo-koupaliste-klise-v-usti-nad-labem\/\">2nd qualifying round \u2013 aquapark Kl\u00ed\u0161e, \u00dast\u00ed nad Labem<\/a><\/p>\n<p><strong>FB event: <\/strong><a href=\"https:\/\/www.facebook.com\/events\/319233279450944\/\" target=\"_blank\" rel=\"noopener noreferrer\">https:\/\/www.facebook.com\/events\/319233279450944\/<\/a><\/p>\n<p>&nbsp;<\/p>\n","protected":false},"excerpt":{"rendered":"<p>Prima COOL TV and HIGHJUMP brings a series of exhibition jumping shows COOL HIGHJUMP TOUR. Prima COOL TV will send the most talented COOL jumper to the HIGHJUMP camp next year and will ensure his participation in the largest Czech jumping competition in H\u0159im\u011b\u017edice in 2021. &nbsp; Event page in Czech language: 2nd qualifying round&#8230;<\/p>\n","protected":false},"author":1,"featured_media":12985,"parent":12857,"menu_order":82,"comment_status":"closed","ping_status":"closed","template":"","meta":{"_acf_changed":false,"footnotes":""},"tags":[],"class_list":["post-13083","page","type-page","status-publish","has-post-thumbnail","hentry","main-post"],"acf":[],"jetpack_sharing_enabled":true,"_links":{"self":[{"href":"https:\/\/www.highjump.cz\/en\/wp-json\/wp\/v2\/pages\/13083","targetHints":{"allow":["GET"]}}],"collection":[{"href":"https:\/\/www.highjump.cz\/en\/wp-json\/wp\/v2\/pages"}],"about":[{"href":"https:\/\/www.highjump.cz\/en\/wp-json\/wp\/v2\/types\/page"}],"author":[{"embeddable":true,"href":"https:\/\/www.highjump.cz\/en\/wp-json\/wp\/v2\/users\/1"}],"replies":[{"embeddable":true,"href":"https:\/\/www.highjump.cz\/en\/wp-json\/wp\/v2\/comments?post=13083"}],"version-history":[{"count":7,"href":"https:\/\/www.highjump.cz\/en\/wp-json\/wp\/v2\/pages\/13083\/revisions"}],"predecessor-version":[{"id":13249,"href":"https:\/\/www.highjump.cz\/en\/wp-json\/wp\/v2\/pages\/13083\/revisions\/13249"}],"up":[{"embeddable":true,"href":"https:\/\/www.highjump.cz\/en\/wp-json\/wp\/v2\/pages\/12857"}],"wp:featuredmedia":[{"embeddable":true,"href":"https:\/\/www.highjump.cz\/en\/wp-json\/wp\/v2\/media\/12985"}],"wp:attachment":[{"href":"https:\/\/www.highjump.cz\/en\/wp-json\/wp\/v2\/media?parent=13083"}],"wp:term":[{"taxonomy":"post_tag","embeddable":true,"href":"https:\/\/www.highjump.cz\/en\/wp-json\/wp\/v2\/tags?post=13083"}],"curies":[{"name":"wp","href":"https:\/\/api.w.org\/{rel}","templated":true}]}}