{"id":13364,"date":"2020-08-23T23:23:34","date_gmt":"2020-08-23T21:23:34","guid":{"rendered":"http:\/\/www.highjump.cz\/?page_id=13364"},"modified":"2020-08-23T23:30:50","modified_gmt":"2020-08-23T21:30:50","slug":"results","status":"publish","type":"page","link":"https:\/\/www.highjump.cz\/en\/events\/cool-highjump-tour-2020\/results\/","title":{"rendered":"Results"},"content":{"rendered":"<h3><span style=\"color: #14dc14;\">Grand final \u2013 Smichovska naplavka, Prague<\/span><\/h3>\n<hr \/>\n<table style=\"width: 49%; float: left;\">\n<caption>Men<\/caption>\n<tbody>\n<tr>\n<td>01 VANTUCH DENIS<\/td>\n<\/tr>\n<tr>\n<td>02 KLEMM ADAM<\/td>\n<\/tr>\n<tr>\n<td>03 KOSS\u00daTH ADAM<\/td>\n<\/tr>\n<\/tbody>\n<\/table>\n<table style=\"width: 49%; float: left;\">\n<caption>Women<\/caption>\n<tbody>\n<tr>\n<td>01 SMOL\u00cdKOV\u00c1 PETRA<\/td>\n<\/tr>\n<tr>\n<td>02 VOLOPICHOV\u00c1 VALENTINA<\/td>\n<\/tr>\n<tr>\n<td>03 NOV\u00c1KOV\u00c1 MONIKA<\/td>\n<\/tr>\n<\/tbody>\n<\/table>\n<hr style=\"clear: both;\" \/>\n<p>&nbsp;<\/p>\n<table style=\"width: 49%; float: left;\">\n<caption>Junior<\/caption>\n<tbody>\n<tr>\n<td>PAYER LUIS<\/td>\n<\/tr>\n<\/tbody>\n<\/table>\n<table style=\"width: 49%; float: left;\">\n<caption>Highjump crash<\/caption>\n<tbody>\n<tr>\n<td>STOSZEK DAN<\/td>\n<\/tr>\n<\/tbody>\n<\/table>\n<hr style=\"clear: both;\" \/>\n","protected":false},"excerpt":{"rendered":"<p>Grand final \u2013 Smichovska naplavka, Prague Men 01 VANTUCH DENIS 02 KLEMM ADAM 03 KOSS\u00daTH ADAM Women 01 SMOL\u00cdKOV\u00c1 PETRA 02 VOLOPICHOV\u00c1 VALENTINA 03 NOV\u00c1KOV\u00c1 MONIKA &nbsp; Junior PAYER LUIS Highjump crash STOSZEK DAN<\/p>\n","protected":false},"author":1,"featured_media":0,"parent":12857,"menu_order":99,"comment_status":"closed","ping_status":"closed","template":"","meta":{"_acf_changed":false,"footnotes":""},"tags":[],"class_list":["post-13364","page","type-page","status-publish","hentry","main-post"],"acf":[],"jetpack_sharing_enabled":true,"_links":{"self":[{"href":"https:\/\/www.highjump.cz\/en\/wp-json\/wp\/v2\/pages\/13364","targetHints":{"allow":["GET"]}}],"collection":[{"href":"https:\/\/www.highjump.cz\/en\/wp-json\/wp\/v2\/pages"}],"about":[{"href":"https:\/\/www.highjump.cz\/en\/wp-json\/wp\/v2\/types\/page"}],"author":[{"embeddable":true,"href":"https:\/\/www.highjump.cz\/en\/wp-json\/wp\/v2\/users\/1"}],"replies":[{"embeddable":true,"href":"https:\/\/www.highjump.cz\/en\/wp-json\/wp\/v2\/comments?post=13364"}],"version-history":[{"count":1,"href":"https:\/\/www.highjump.cz\/en\/wp-json\/wp\/v2\/pages\/13364\/revisions"}],"predecessor-version":[{"id":13365,"href":"https:\/\/www.highjump.cz\/en\/wp-json\/wp\/v2\/pages\/13364\/revisions\/13365"}],"up":[{"embeddable":true,"href":"https:\/\/www.highjump.cz\/en\/wp-json\/wp\/v2\/pages\/12857"}],"wp:attachment":[{"href":"https:\/\/www.highjump.cz\/en\/wp-json\/wp\/v2\/media?parent=13364"}],"wp:term":[{"taxonomy":"post_tag","embeddable":true,"href":"https:\/\/www.highjump.cz\/en\/wp-json\/wp\/v2\/tags?post=13364"}],"curies":[{"name":"wp","href":"https:\/\/api.w.org\/{rel}","templated":true}]}}