{"id":14377,"date":"2021-08-09T00:59:46","date_gmt":"2021-08-08T22:59:46","guid":{"rendered":"http:\/\/www.highjump.cz\/?page_id=14377"},"modified":"2021-08-09T01:03:19","modified_gmt":"2021-08-08T23:03:19","slug":"results","status":"publish","type":"page","link":"https:\/\/www.highjump.cz\/en\/events\/highjump-2021\/results\/","title":{"rendered":"Results"},"content":{"rendered":"<h3 style=\"clear: both;\">Mu\u017ei<\/h3>\n<table style=\"width: 49%; float: left;\">\n<caption>16 m<\/caption>\n<tbody>\n<tr>\n<td>01 JONAS MADSEN (DNK) <span>200,25 bod\u016f<\/span><\/td>\n<\/tr>\n<tr>\n<td>02 ROBERT IFLAND (DEU) <span>180,4 bod\u016f<\/span><\/td>\n<\/tr>\n<tr>\n<td>03 JIMI ANDERSEN (DEN) <span>178,05 bod\u016f<\/span><\/td>\n<\/tr>\n<tr>\n<td>04 MADS SONDERGAARD (DNK) <span>176,2 bod\u016f<\/span><\/td>\n<\/tr>\n<tr>\n<td>05 HANS PREISSLER (DEU) <span>160,6 bod\u016f<\/span><\/td>\n<\/tr>\n<tr>\n<td>06 DENIS VANTUCH (CZE) <span>151,65 bod\u016f<\/span><\/td>\n<\/tr>\n<tr>\n<td>07 LASO SCHALLER (CHE) <span>147,5 bod\u016f<\/span><\/td>\n<\/tr>\n<tr>\n<td>08 MARIUS ROCKSCHIES (DEU) <span>124,8 bod\u016f<\/span><\/td>\n<\/tr>\n<tr>\n<td>09 SUNE JENSEN (DNK) <span>123,2 bod\u016f<\/span><\/td>\n<\/tr>\n<tr>\n<td>10 JAKUB KUN\u00c1\u0160EK (CZE) <span>119,7 bod\u016f<\/span><\/td>\n<\/tr>\n<tr>\n<td>11 KRIS JENSEN (DNK) <span>117,8 bod\u016f<\/span><\/td>\n<\/tr>\n<tr>\n<td>12 KASIMIR B\u00dcLOW JOHANNES (DEU) <span>114,75 bod\u016f<\/span><\/td>\n<\/tr>\n<tr>\n<td>13 JAKUB HA\u0160EK (CZE) <span>100,4 bod\u016f<\/span><\/td>\n<\/tr>\n<tr>\n<td>14 JAN GURY\u010cA (CZE) <span>99,3 bod\u016f<\/span><\/td>\n<\/tr>\n<tr>\n<td>15 LUK\u00c1\u0160 KRU\u0164KO (CZE) <span>85,3 bod\u016f<\/span><\/td>\n<\/tr>\n<\/tbody>\n<\/table>\n<table style=\"width: 49%; float: left;\">\n<caption>12 m<\/caption>\n<tbody>\n<tr>\n<td>01 JIMI ANDERSEN (DEN) <span>167,6 bod\u016f<\/span><\/td>\n<\/tr>\n<tr>\n<td>02 KRIS JENSEN (DNK) <span>160,5 bod\u016f<\/span><\/td>\n<\/tr>\n<tr>\n<td>03 MADS SONDERGAARD (DNK) <span>152,75 bod\u016f<\/span><\/td>\n<\/tr>\n<tr>\n<td>04 JONAS MADSEN (DNK) <span>148,65 bod\u016f<\/span><\/td>\n<\/tr>\n<tr>\n<td>05 ANDREAS BOULUND (DNK) <span>146,15 bod\u016f<\/span><\/td>\n<\/tr>\n<tr>\n<td>06 SUNE JENSEN (DNK) <span>141,8 bod\u016f<\/span><\/td>\n<\/tr>\n<tr>\n<td>07 ROBERT IFLAND (DEU) <span>134,65 bod\u016f<\/span><\/td>\n<\/tr>\n<tr>\n<td>08 HANS PREISSLER (DEU) <span>134,6 bod\u016f<\/span><\/td>\n<\/tr>\n<tr>\n<td>09 DENIS VANTUCH (CZE) <span>133,35 bod\u016f<\/span><\/td>\n<\/tr>\n<tr>\n<td>10 LASO SCHALLER (CHE) <span>100,65 bod\u016f<\/span><\/td>\n<\/tr>\n<tr>\n<td>11 JAKUB KUN\u00c1\u0160EK (CZE) <span>96,6 bod\u016f<\/span><\/td>\n<\/tr>\n<tr>\n<td>12 DAN STOSZEK (CZE) <span>91,65 bod\u016f<\/span><\/td>\n<\/tr>\n<tr>\n<td>13 JAN GURY\u010cA (CZE) <span>78,85 bod\u016f<\/span><\/td>\n<\/tr>\n<tr>\n<td>14 LUK\u00c1\u0160 KRU\u0164KO (CZE) <span>73,6 bod\u016f<\/span><\/td>\n<\/tr>\n<\/tbody>\n<\/table>\n<hr style=\"clear: both;\" \/>\n<h3 style=\"clear: both;\">Houpa\u010dka<\/h3>\n<table style=\"width: 49%; float: left;\">\n<caption>Mu\u017ei<\/caption>\n<tbody>\n<tr>\n<td>01 LASO SCHALLER (CHE) <span>45 bod\u016f<\/span><\/td>\n<\/tr>\n<tr>\n<td>02 JIMI ANDERSEN (DEN) <span>44,5 bod\u016f<\/span><\/td>\n<\/tr>\n<tr>\n<td>03 JAKUB HA\u0160EK (CZE) <span>43 bod\u016f<\/span><\/td>\n<\/tr>\n<tr>\n<td>04 DENIS VANTUCH (CZE) <span>41,5 bod\u016f<\/span><\/td>\n<\/tr>\n<tr>\n<td>05 JAKUB KUN\u00c1\u0160EK (CZE) <span>41 bod\u016f<\/span><\/td>\n<\/tr>\n<tr>\n<td>06 ROBERT IFLAND (DEU) <span>36,5 bod\u016f<\/span><\/td>\n<\/tr>\n<tr>\n<td>06 JAN KOCOUREK (CZE) <span>36,5 bod\u016f<\/span><\/td>\n<\/tr>\n<tr>\n<td>07 PATRICK SKIBSTED (DNK) <span>33 bod\u016f<\/span><\/td>\n<\/tr>\n<tr>\n<td>08 RICHARD SMID (CZE) <span>32 bod\u016f<\/span><\/td>\n<\/tr>\n<tr>\n<td>09 LUK\u00c1\u0160 KRU\u0164KO (CZE) <span>31,5 bod\u016f<\/span><\/td>\n<\/tr>\n<tr>\n<td>10 KASIMIR B\u00dcLOW JOHANNES (DEU) <span>22 bod\u016f<\/span><\/td>\n<\/tr>\n<tr>\n<td>11 HANS PREISSLER (DEU) <span>19 bod\u016f<\/span><\/td>\n<\/tr>\n<tr>\n<td>12 JONAS MADSEN (DNK) <span>17,5 bod\u016f<\/span><\/td>\n<\/tr>\n<\/tbody>\n<\/table>\n<hr style=\"clear: both;\" \/>\n<h3 style=\"clear: both;\">\u017deny<\/h3>\n<table style=\"width: 49%; float: left;\">\n<caption>Celkov\u011b<\/caption>\n<tbody>\n<tr>\n<td>01 ANNIKA BORNEBUSCH (DNK)<\/td>\n<\/tr>\n<tr>\n<td>02 PETRA SMOL\u00cdKOV\u00c1 (CZE)<\/td>\n<\/tr>\n<tr>\n<td>03 MONIKA NOV\u00c1KOV\u00c1 (CZE)<\/td>\n<\/tr>\n<tr>\n<td>04 CHRISTINE ROVEROV\u00c1 (CZE)<\/td>\n<\/tr>\n<\/tbody>\n<\/table>\n<hr style=\"clear: both;\" \/>\n<h3 style=\"clear: both;\">Czech Highjump Team<\/h3>\n<table style=\"width: 49%; float: left;\">\n<caption>Mu\u017ei celkov\u011b<\/caption>\n<tbody>\n<tr>\n<td>01 DENIS VANTUCH (CZE)<\/td>\n<\/tr>\n<tr>\n<td>02 JAKUB KUN\u00c1\u0160EK (CZE)<\/td>\n<\/tr>\n<tr>\n<td>03 JAKUB HA\u0160EK (CZE)<\/td>\n<\/tr>\n<tr>\n<td>04 JAN GURY\u010cA (CZE)<\/td>\n<\/tr>\n<tr>\n<td>05 LUK\u00c1\u0160 KRU\u0164KO (CZE)<\/td>\n<\/tr>\n<tr>\n<td>06 DAN STOSZEK (CZE)<\/td>\n<\/tr>\n<tr>\n<td>07 JAN KOCOUREK (CZE)<\/td>\n<\/tr>\n<tr>\n<td>08 JAN FIALA (CZE)<\/td>\n<\/tr>\n<tr>\n<td>09 OND\u0158EJ FADLER (CZE)<\/td>\n<\/tr>\n<tr>\n<td>10 KAREL SL\u00c1NSK\u00dd (CZE)<\/td>\n<\/tr>\n<tr>\n<td>11 OND\u0158EJ HOR\u00c1K (CZE)<\/td>\n<\/tr>\n<tr>\n<td>12 DAVID ROBENHAUPT (CZE)<\/td>\n<\/tr>\n<\/tbody>\n<\/table>\n<hr style=\"clear: both;\" \/>\n<h3 style=\"clear: both;\">Speci\u00e1ln\u00ed ceny<\/h3>\n<table style=\"width: 49%;\">\n<caption>Senior<\/caption>\n<tbody>\n<tr>\n<td>01 PETER ROSENEY (CHE)<\/td>\n<\/tr>\n<\/tbody>\n<\/table>\n<table style=\"width: 49%;\">\n<caption>Junior<\/caption>\n<tbody>\n<tr>\n<td>01 JAN RAJM (CZE)<\/td>\n<\/tr>\n<\/tbody>\n<\/table>\n<table style=\"width: 49%;\">\n<caption>Rozsek\u00e1vka<\/caption>\n<tbody>\n<tr>\n<td>01 JONAS MADSEN (DNK)<\/td>\n<\/tr>\n<\/tbody>\n<\/table>\n<hr style=\"clear: both;\" \/>\n","protected":false},"excerpt":{"rendered":"<p>Mu\u017ei 16 m 01 JONAS MADSEN (DNK) 200,25 bod\u016f 02 ROBERT IFLAND (DEU) 180,4 bod\u016f 03 JIMI ANDERSEN (DEN) 178,05 bod\u016f 04 MADS SONDERGAARD (DNK) 176,2 bod\u016f 05 HANS PREISSLER (DEU) 160,6 bod\u016f 06 DENIS VANTUCH (CZE) 151,65 bod\u016f 07 LASO SCHALLER (CHE) 147,5 bod\u016f 08 MARIUS ROCKSCHIES (DEU) 124,8 bod\u016f 09 SUNE JENSEN (DNK)&#8230;<\/p>\n","protected":false},"author":1,"featured_media":0,"parent":13765,"menu_order":32,"comment_status":"closed","ping_status":"closed","template":"","meta":{"_acf_changed":false,"footnotes":""},"tags":[],"class_list":["post-14377","page","type-page","status-publish","hentry","main-post"],"acf":[],"jetpack_sharing_enabled":true,"_links":{"self":[{"href":"https:\/\/www.highjump.cz\/en\/wp-json\/wp\/v2\/pages\/14377","targetHints":{"allow":["GET"]}}],"collection":[{"href":"https:\/\/www.highjump.cz\/en\/wp-json\/wp\/v2\/pages"}],"about":[{"href":"https:\/\/www.highjump.cz\/en\/wp-json\/wp\/v2\/types\/page"}],"author":[{"embeddable":true,"href":"https:\/\/www.highjump.cz\/en\/wp-json\/wp\/v2\/users\/1"}],"replies":[{"embeddable":true,"href":"https:\/\/www.highjump.cz\/en\/wp-json\/wp\/v2\/comments?post=14377"}],"version-history":[{"count":1,"href":"https:\/\/www.highjump.cz\/en\/wp-json\/wp\/v2\/pages\/14377\/revisions"}],"predecessor-version":[{"id":14378,"href":"https:\/\/www.highjump.cz\/en\/wp-json\/wp\/v2\/pages\/14377\/revisions\/14378"}],"up":[{"embeddable":true,"href":"https:\/\/www.highjump.cz\/en\/wp-json\/wp\/v2\/pages\/13765"}],"wp:attachment":[{"href":"https:\/\/www.highjump.cz\/en\/wp-json\/wp\/v2\/media?parent=14377"}],"wp:term":[{"taxonomy":"post_tag","embeddable":true,"href":"https:\/\/www.highjump.cz\/en\/wp-json\/wp\/v2\/tags?post=14377"}],"curies":[{"name":"wp","href":"https:\/\/api.w.org\/{rel}","templated":true}]}}